{"id":1118,"date":"2023-01-03T12:24:49","date_gmt":"2023-01-03T11:24:49","guid":{"rendered":"https:\/\/www.cfa-les3bvitre.com\/?page_id=1118"},"modified":"2026-04-16T11:54:07","modified_gmt":"2026-04-16T09:54:07","slug":"infos-formation-informations-sommelier-caviste-duree-tarif-ryhtme","status":"publish","type":"page","link":"https:\/\/www.cfa-les3bvitre.com\/index.php\/infos-formation-informations-sommelier-caviste-duree-tarif-ryhtme\/","title":{"rendered":"DUR\u00c9E, RYTHME ET TARIF"},"content":{"rendered":"\n<div class=\"wp-block-cover alignwide\" style=\"min-height:137px;aspect-ratio:unset;\"><img loading=\"lazy\" decoding=\"async\" width=\"1024\" height=\"683\" class=\"wp-block-cover__image-background wp-image-1600\" alt=\"\" src=\"https:\/\/www.cfa-les3bvitre.com\/wp-content\/uploads\/2023\/10\/gros-plan-travail-equipe-o-nouveau-projet-dans-espace-coworking-redaction-idees-recherche-graphiques-tablette-ordinateur-portable-travail-equipe-concept-entreprise-1024x683.jpg\" data-object-fit=\"cover\" srcset=\"https:\/\/www.cfa-les3bvitre.com\/wp-content\/uploads\/2023\/10\/gros-plan-travail-equipe-o-nouveau-projet-dans-espace-coworking-redaction-idees-recherche-graphiques-tablette-ordinateur-portable-travail-equipe-concept-entreprise-1024x683.jpg 1024w, https:\/\/www.cfa-les3bvitre.com\/wp-content\/uploads\/2023\/10\/gros-plan-travail-equipe-o-nouveau-projet-dans-espace-coworking-redaction-idees-recherche-graphiques-tablette-ordinateur-portable-travail-equipe-concept-entreprise-300x200.jpg 300w, https:\/\/www.cfa-les3bvitre.com\/wp-content\/uploads\/2023\/10\/gros-plan-travail-equipe-o-nouveau-projet-dans-espace-coworking-redaction-idees-recherche-graphiques-tablette-ordinateur-portable-travail-equipe-concept-entreprise-768x512.jpg 768w, https:\/\/www.cfa-les3bvitre.com\/wp-content\/uploads\/2023\/10\/gros-plan-travail-equipe-o-nouveau-projet-dans-espace-coworking-redaction-idees-recherche-graphiques-tablette-ordinateur-portable-travail-equipe-concept-entreprise-1536x1024.jpg 1536w, https:\/\/www.cfa-les3bvitre.com\/wp-content\/uploads\/2023\/10\/gros-plan-travail-equipe-o-nouveau-projet-dans-espace-coworking-redaction-idees-recherche-graphiques-tablette-ordinateur-portable-travail-equipe-concept-entreprise-2048x1365.jpg 2048w, https:\/\/www.cfa-les3bvitre.com\/wp-content\/uploads\/2023\/10\/gros-plan-travail-equipe-o-nouveau-projet-dans-espace-coworking-redaction-idees-recherche-graphiques-tablette-ordinateur-portable-travail-equipe-concept-entreprise-1200x800.jpg 1200w, https:\/\/www.cfa-les3bvitre.com\/wp-content\/uploads\/2023\/10\/gros-plan-travail-equipe-o-nouveau-projet-dans-espace-coworking-redaction-idees-recherche-graphiques-tablette-ordinateur-portable-travail-equipe-concept-entreprise-600x400.jpg 600w\" sizes=\"auto, (max-width: 1024px) 100vw, 1024px\" \/><span aria-hidden=\"true\" class=\"wp-block-cover__background has-background-dim\"><\/span><div class=\"wp-block-cover__inner-container is-layout-flow wp-block-cover-is-layout-flow\">\n<p class=\"has-text-align-center has-large-font-size\"><\/p>\n<\/div><\/div>\n\n\n\n<div style=\"height:30px\" aria-hidden=\"true\" class=\"wp-block-spacer\"><\/div>\n\n\n\n<p class=\"has-medium-font-size\"><strong>Les informations sur la formation Sommelier Caviste : Dur\u00e9e, Rythme et Tarif<\/strong>.<\/p>\n\n\n\n<p class=\"has-medium-font-size\">Le parcours de formation se d\u00e9roule sur 12 mois en alternance, 25 % du temps en formation et 75 % du temps en entreprise.<\/p>\n\n\n\n<p class=\"has-medium-font-size\">La dur\u00e9e de la formation est de 553 h, soit 79 jours, du lundi au vendredi, de 9h00 \u00e0 12h30 et de 13h30 \u00e0 17h00, reparties sur l\u2019ann\u00e9e dans les p\u00e9riodes les moins actives pour les entreprises. La formation se d\u00e9roule directement au CFA \u00e0 l&rsquo;adresse suivante: 4 rue Jean Boucher 35500 Vitr\u00e9.<\/p>\n\n\n\n<p><\/p>\n\n\n\n<p class=\"has-medium-font-size\">Une session propos\u00e9e par an, avec un d\u00e9but en octobre.<\/p>\n\n\n\n<p class=\"has-medium-font-size\">Un d\u00e9lai d\u2019acc\u00e8s \u00e0 l\u2019inscription est compris entre 48 h et 2 semaines selon les disponibilit\u00e9s.&nbsp;<\/p>\n\n\n\n<p class=\"has-medium-font-size\">Un d\u00e9lai d\u2019acc\u00e8s \u00e0 la formation varie selon les calendriers.<\/p>\n\n\n\n<p><\/p>\n\n\n\n<p class=\"has-medium-font-size\">T\u00e9l\u00e9chargez ici le\u00a0<a href=\"https:\/\/www.cfa-les3bvitre.com\/wp-content\/uploads\/2026\/04\/CALENDRIER-SCAG13.pdf\" type=\"attachment\" id=\"4530\" target=\"_blank\" rel=\"noreferrer noopener\"><mark style=\"background-color:rgba(0, 0, 0, 0)\" class=\"has-inline-color has-vivid-cyan-blue-color\">calendrier<\/mark><\/a> de la prochaine formation Sommelier Caviste se d\u00e9roulant du 20 octobre 2026 au 05 novembre 2027.<\/p>\n\n\n\n<p><\/p>\n\n\n\n<p class=\"has-medium-font-size\">Le tarif de la formation : 9 465 \u20ac. Cette formation est financ\u00e9e par l\u2019Etat, dans le cadre de l\u2019apprentissage.<\/p>\n\n\n\n<p class=\"has-medium-font-size\">Pour plus d&rsquo;informations sur l&rsquo;apprentissage : <a href=\"https:\/\/www.education.gouv.fr\/se-former-par-l-apprentissage-2216\"><mark style=\"background-color:rgba(0, 0, 0, 0)\" class=\"has-inline-color has-vivid-cyan-blue-color\">cliquez ici !<\/mark><\/a><\/p>\n\n\n\n<div style=\"height:36px\" aria-hidden=\"true\" class=\"wp-block-spacer\"><\/div>\n\n\n\n<p class=\"has-black-color has-text-color has-link-color has-medium-font-size wp-elements-258e1628d3e452d4955e166d8f85b085\">Retrouvez plus d&rsquo;infos sur la formation en d\u00e9couvrant le programme :<\/p>\n\n\n\n<div class=\"wp-block-columns alignfull is-layout-flex wp-container-core-columns-is-layout-9d6595d7 wp-block-columns-is-layout-flex\">\n<div class=\"wp-block-column is-vertically-aligned-center is-layout-flow wp-block-column-is-layout-flow\" style=\"padding-top:1em;padding-right:1em;padding-bottom:1em;padding-left:1em\">\n<div class=\"wp-block-buttons alignwide is-content-justification-center is-layout-flex wp-container-core-buttons-is-layout-16018d1d wp-block-buttons-is-layout-flex\">\n<div class=\"wp-block-button has-custom-width wp-block-button__width-25 is-style-fill\"><a class=\"wp-block-button__link has-white-color has-text-color has-background has-link-color has-text-align-center has-custom-font-size wp-element-button\" href=\"https:\/\/www.cfa-les3bvitre.com\/index.php\/programme-formation-sommelier-caviste\/\" style=\"background-color:#4aa3a2;font-size:16px;font-style:normal;font-weight:500\"><strong><em>D\u00e9couvrir le programme<\/em><\/strong><\/a><\/div>\n<\/div>\n<\/div>\n<\/div>\n\n\n\n<div style=\"height:55px\" aria-hidden=\"true\" class=\"wp-block-spacer\"><\/div>\n","protected":false},"excerpt":{"rendered":"<p>Les informations sur la formation Sommelier Caviste : Dur\u00e9e, Rythme et Tarif. Le parcours de formation se d\u00e9roule sur 12 mois en alternance, 25 % du temps en formation et 75 % du temps en entreprise. La dur\u00e9e de la formation est de 553 h, soit 79 jours, du lundi au vendredi, de 9h00 \u00e0 [&hellip;]<\/p>\n","protected":false},"author":2,"featured_media":0,"parent":0,"menu_order":0,"comment_status":"closed","ping_status":"closed","template":"","meta":{"_eb_attr":"","_regular_price":[],"currency_symbol":[],"footnotes":""},"class_list":["post-1118","page","type-page","status-publish","hentry"],"post_slider_layout_featured_media_urls":{"thumbnail":"","post_slider_layout_landscape_large":"","post_slider_layout_portrait_large":"","post_slider_layout_square_large":"","post_slider_layout_landscape":"","post_slider_layout_portrait":"","post_slider_layout_square":"","full":""},"yoast_head":"<!-- This site is optimized with the Yoast SEO plugin v27.5 - https:\/\/yoast.com\/product\/yoast-seo-wordpress\/ -->\n<title>Infos Formation : Dur\u00e9e, Rythme et Tarif<\/title>\n<meta name=\"description\" content=\"Retrouvez toutes les infos sur la formation du CFA Les 3B Vitr\u00e9. Dur\u00e9e, Rythme et Tarif. Pour plus d&#039;informations, contactez nous.\" \/>\n<meta name=\"robots\" content=\"index, follow, max-snippet:-1, max-image-preview:large, max-video-preview:-1\" \/>\n<link rel=\"canonical\" href=\"https:\/\/www.cfa-les3bvitre.com\/index.php\/infos-formation-informations-sommelier-caviste-duree-tarif-ryhtme\/\" \/>\n<meta property=\"og:locale\" content=\"fr_FR\" \/>\n<meta property=\"og:type\" content=\"article\" \/>\n<meta property=\"og:title\" content=\"Infos Formation : Dur\u00e9e, Rythme et Tarif\" \/>\n<meta property=\"og:description\" content=\"Retrouvez toutes les infos sur la formation du CFA Les 3B Vitr\u00e9. Dur\u00e9e, Rythme et Tarif. Pour plus d&#039;informations, contactez nous.\" \/>\n<meta property=\"og:url\" content=\"https:\/\/www.cfa-les3bvitre.com\/index.php\/infos-formation-informations-sommelier-caviste-duree-tarif-ryhtme\/\" \/>\n<meta property=\"og:site_name\" content=\"CFA Les 3B Vitr\u00e9\" \/>\n<meta property=\"article:publisher\" content=\"https:\/\/www.facebook.com\/cfales3bvitre\" \/>\n<meta property=\"article:modified_time\" content=\"2026-04-16T09:54:07+00:00\" \/>\n<meta property=\"og:image\" content=\"https:\/\/www.cfa-les3bvitre.com\/wp-content\/uploads\/2023\/10\/gros-plan-travail-equipe-o-nouveau-projet-dans-espace-coworking-redaction-idees-recherche-graphiques-tablette-ordinateur-portable-travail-equipe-concept-entreprise-scaled.jpg\" \/>\n\t<meta property=\"og:image:width\" content=\"2560\" \/>\n\t<meta property=\"og:image:height\" content=\"1707\" \/>\n\t<meta property=\"og:image:type\" content=\"image\/jpeg\" \/>\n<meta name=\"twitter:card\" content=\"summary_large_image\" \/>\n<meta name=\"twitter:label1\" content=\"Dur\u00e9e de lecture estim\u00e9e\" \/>\n\t<meta name=\"twitter:data1\" content=\"2 minutes\" \/>\n<script type=\"application\/ld+json\" class=\"yoast-schema-graph\">{\"@context\":\"https:\\\/\\\/schema.org\",\"@graph\":[{\"@type\":\"WebPage\",\"@id\":\"https:\\\/\\\/www.cfa-les3bvitre.com\\\/index.php\\\/infos-formation-informations-sommelier-caviste-duree-tarif-ryhtme\\\/\",\"url\":\"https:\\\/\\\/www.cfa-les3bvitre.com\\\/index.php\\\/infos-formation-informations-sommelier-caviste-duree-tarif-ryhtme\\\/\",\"name\":\"Infos Formation : Dur\u00e9e, Rythme et Tarif\",\"isPartOf\":{\"@id\":\"https:\\\/\\\/www.cfa-les3bvitre.com\\\/#website\"},\"primaryImageOfPage\":{\"@id\":\"https:\\\/\\\/www.cfa-les3bvitre.com\\\/index.php\\\/infos-formation-informations-sommelier-caviste-duree-tarif-ryhtme\\\/#primaryimage\"},\"image\":{\"@id\":\"https:\\\/\\\/www.cfa-les3bvitre.com\\\/index.php\\\/infos-formation-informations-sommelier-caviste-duree-tarif-ryhtme\\\/#primaryimage\"},\"thumbnailUrl\":\"https:\\\/\\\/www.cfa-les3bvitre.com\\\/wp-content\\\/uploads\\\/2023\\\/10\\\/gros-plan-travail-equipe-o-nouveau-projet-dans-espace-coworking-redaction-idees-recherche-graphiques-tablette-ordinateur-portable-travail-equipe-concept-entreprise-1024x683.jpg\",\"datePublished\":\"2023-01-03T11:24:49+00:00\",\"dateModified\":\"2026-04-16T09:54:07+00:00\",\"description\":\"Retrouvez toutes les infos sur la formation du CFA Les 3B Vitr\u00e9. Dur\u00e9e, Rythme et Tarif. Pour plus d'informations, contactez nous.\",\"breadcrumb\":{\"@id\":\"https:\\\/\\\/www.cfa-les3bvitre.com\\\/index.php\\\/infos-formation-informations-sommelier-caviste-duree-tarif-ryhtme\\\/#breadcrumb\"},\"inLanguage\":\"fr-FR\",\"potentialAction\":[{\"@type\":\"ReadAction\",\"target\":[\"https:\\\/\\\/www.cfa-les3bvitre.com\\\/index.php\\\/infos-formation-informations-sommelier-caviste-duree-tarif-ryhtme\\\/\"]}]},{\"@type\":\"ImageObject\",\"inLanguage\":\"fr-FR\",\"@id\":\"https:\\\/\\\/www.cfa-les3bvitre.com\\\/index.php\\\/infos-formation-informations-sommelier-caviste-duree-tarif-ryhtme\\\/#primaryimage\",\"url\":\"https:\\\/\\\/www.cfa-les3bvitre.com\\\/wp-content\\\/uploads\\\/2023\\\/10\\\/gros-plan-travail-equipe-o-nouveau-projet-dans-espace-coworking-redaction-idees-recherche-graphiques-tablette-ordinateur-portable-travail-equipe-concept-entreprise-scaled.jpg\",\"contentUrl\":\"https:\\\/\\\/www.cfa-les3bvitre.com\\\/wp-content\\\/uploads\\\/2023\\\/10\\\/gros-plan-travail-equipe-o-nouveau-projet-dans-espace-coworking-redaction-idees-recherche-graphiques-tablette-ordinateur-portable-travail-equipe-concept-entreprise-scaled.jpg\",\"width\":2560,\"height\":1707,\"caption\":\"Close up detail of team working o new project in coworking space, writing ideas, looking through graphics on tablet and laptop. Teamwork, business concept\"},{\"@type\":\"BreadcrumbList\",\"@id\":\"https:\\\/\\\/www.cfa-les3bvitre.com\\\/index.php\\\/infos-formation-informations-sommelier-caviste-duree-tarif-ryhtme\\\/#breadcrumb\",\"itemListElement\":[{\"@type\":\"ListItem\",\"position\":1,\"name\":\"Accueil\",\"item\":\"https:\\\/\\\/www.cfa-les3bvitre.com\\\/\"},{\"@type\":\"ListItem\",\"position\":2,\"name\":\"DUR\u00c9E, RYTHME ET TARIF\"}]},{\"@type\":\"WebSite\",\"@id\":\"https:\\\/\\\/www.cfa-les3bvitre.com\\\/#website\",\"url\":\"https:\\\/\\\/www.cfa-les3bvitre.com\\\/\",\"name\":\"CFA Les 3B Vitr\u00e9\",\"description\":\"\",\"publisher\":{\"@id\":\"https:\\\/\\\/www.cfa-les3bvitre.com\\\/#organization\"},\"potentialAction\":[{\"@type\":\"SearchAction\",\"target\":{\"@type\":\"EntryPoint\",\"urlTemplate\":\"https:\\\/\\\/www.cfa-les3bvitre.com\\\/?s={search_term_string}\"},\"query-input\":{\"@type\":\"PropertyValueSpecification\",\"valueRequired\":true,\"valueName\":\"search_term_string\"}}],\"inLanguage\":\"fr-FR\"},{\"@type\":\"Organization\",\"@id\":\"https:\\\/\\\/www.cfa-les3bvitre.com\\\/#organization\",\"name\":\"CFA LES 3B VITR\u00c9\",\"url\":\"https:\\\/\\\/www.cfa-les3bvitre.com\\\/\",\"logo\":{\"@type\":\"ImageObject\",\"inLanguage\":\"fr-FR\",\"@id\":\"https:\\\/\\\/www.cfa-les3bvitre.com\\\/#\\\/schema\\\/logo\\\/image\\\/\",\"url\":\"https:\\\/\\\/www.cfa-les3bvitre.com\\\/wp-content\\\/uploads\\\/2022\\\/03\\\/cropped-LOGO-CFA-LES-3B-site-web-07.png\",\"contentUrl\":\"https:\\\/\\\/www.cfa-les3bvitre.com\\\/wp-content\\\/uploads\\\/2022\\\/03\\\/cropped-LOGO-CFA-LES-3B-site-web-07.png\",\"width\":240,\"height\":149,\"caption\":\"CFA LES 3B VITR\u00c9\"},\"image\":{\"@id\":\"https:\\\/\\\/www.cfa-les3bvitre.com\\\/#\\\/schema\\\/logo\\\/image\\\/\"},\"sameAs\":[\"https:\\\/\\\/www.facebook.com\\\/cfales3bvitre\",\"https:\\\/\\\/www.linkedin.com\\\/company\\\/cfa-les-3b\\\/\"]}]}<\/script>\n<!-- \/ Yoast SEO plugin. -->","yoast_head_json":{"title":"Infos Formation : Dur\u00e9e, Rythme et Tarif","description":"Retrouvez toutes les infos sur la formation du CFA Les 3B Vitr\u00e9. Dur\u00e9e, Rythme et Tarif. Pour plus d'informations, contactez nous.","robots":{"index":"index","follow":"follow","max-snippet":"max-snippet:-1","max-image-preview":"max-image-preview:large","max-video-preview":"max-video-preview:-1"},"canonical":"https:\/\/www.cfa-les3bvitre.com\/index.php\/infos-formation-informations-sommelier-caviste-duree-tarif-ryhtme\/","og_locale":"fr_FR","og_type":"article","og_title":"Infos Formation : Dur\u00e9e, Rythme et Tarif","og_description":"Retrouvez toutes les infos sur la formation du CFA Les 3B Vitr\u00e9. Dur\u00e9e, Rythme et Tarif. Pour plus d'informations, contactez nous.","og_url":"https:\/\/www.cfa-les3bvitre.com\/index.php\/infos-formation-informations-sommelier-caviste-duree-tarif-ryhtme\/","og_site_name":"CFA Les 3B Vitr\u00e9","article_publisher":"https:\/\/www.facebook.com\/cfales3bvitre","article_modified_time":"2026-04-16T09:54:07+00:00","og_image":[{"width":2560,"height":1707,"url":"https:\/\/www.cfa-les3bvitre.com\/wp-content\/uploads\/2023\/10\/gros-plan-travail-equipe-o-nouveau-projet-dans-espace-coworking-redaction-idees-recherche-graphiques-tablette-ordinateur-portable-travail-equipe-concept-entreprise-scaled.jpg","type":"image\/jpeg"}],"twitter_card":"summary_large_image","twitter_misc":{"Dur\u00e9e de lecture estim\u00e9e":"2 minutes"},"schema":{"@context":"https:\/\/schema.org","@graph":[{"@type":"WebPage","@id":"https:\/\/www.cfa-les3bvitre.com\/index.php\/infos-formation-informations-sommelier-caviste-duree-tarif-ryhtme\/","url":"https:\/\/www.cfa-les3bvitre.com\/index.php\/infos-formation-informations-sommelier-caviste-duree-tarif-ryhtme\/","name":"Infos Formation : Dur\u00e9e, Rythme et Tarif","isPartOf":{"@id":"https:\/\/www.cfa-les3bvitre.com\/#website"},"primaryImageOfPage":{"@id":"https:\/\/www.cfa-les3bvitre.com\/index.php\/infos-formation-informations-sommelier-caviste-duree-tarif-ryhtme\/#primaryimage"},"image":{"@id":"https:\/\/www.cfa-les3bvitre.com\/index.php\/infos-formation-informations-sommelier-caviste-duree-tarif-ryhtme\/#primaryimage"},"thumbnailUrl":"https:\/\/www.cfa-les3bvitre.com\/wp-content\/uploads\/2023\/10\/gros-plan-travail-equipe-o-nouveau-projet-dans-espace-coworking-redaction-idees-recherche-graphiques-tablette-ordinateur-portable-travail-equipe-concept-entreprise-1024x683.jpg","datePublished":"2023-01-03T11:24:49+00:00","dateModified":"2026-04-16T09:54:07+00:00","description":"Retrouvez toutes les infos sur la formation du CFA Les 3B Vitr\u00e9. Dur\u00e9e, Rythme et Tarif. Pour plus d'informations, contactez nous.","breadcrumb":{"@id":"https:\/\/www.cfa-les3bvitre.com\/index.php\/infos-formation-informations-sommelier-caviste-duree-tarif-ryhtme\/#breadcrumb"},"inLanguage":"fr-FR","potentialAction":[{"@type":"ReadAction","target":["https:\/\/www.cfa-les3bvitre.com\/index.php\/infos-formation-informations-sommelier-caviste-duree-tarif-ryhtme\/"]}]},{"@type":"ImageObject","inLanguage":"fr-FR","@id":"https:\/\/www.cfa-les3bvitre.com\/index.php\/infos-formation-informations-sommelier-caviste-duree-tarif-ryhtme\/#primaryimage","url":"https:\/\/www.cfa-les3bvitre.com\/wp-content\/uploads\/2023\/10\/gros-plan-travail-equipe-o-nouveau-projet-dans-espace-coworking-redaction-idees-recherche-graphiques-tablette-ordinateur-portable-travail-equipe-concept-entreprise-scaled.jpg","contentUrl":"https:\/\/www.cfa-les3bvitre.com\/wp-content\/uploads\/2023\/10\/gros-plan-travail-equipe-o-nouveau-projet-dans-espace-coworking-redaction-idees-recherche-graphiques-tablette-ordinateur-portable-travail-equipe-concept-entreprise-scaled.jpg","width":2560,"height":1707,"caption":"Close up detail of team working o new project in coworking space, writing ideas, looking through graphics on tablet and laptop. Teamwork, business concept"},{"@type":"BreadcrumbList","@id":"https:\/\/www.cfa-les3bvitre.com\/index.php\/infos-formation-informations-sommelier-caviste-duree-tarif-ryhtme\/#breadcrumb","itemListElement":[{"@type":"ListItem","position":1,"name":"Accueil","item":"https:\/\/www.cfa-les3bvitre.com\/"},{"@type":"ListItem","position":2,"name":"DUR\u00c9E, RYTHME ET TARIF"}]},{"@type":"WebSite","@id":"https:\/\/www.cfa-les3bvitre.com\/#website","url":"https:\/\/www.cfa-les3bvitre.com\/","name":"CFA Les 3B Vitr\u00e9","description":"","publisher":{"@id":"https:\/\/www.cfa-les3bvitre.com\/#organization"},"potentialAction":[{"@type":"SearchAction","target":{"@type":"EntryPoint","urlTemplate":"https:\/\/www.cfa-les3bvitre.com\/?s={search_term_string}"},"query-input":{"@type":"PropertyValueSpecification","valueRequired":true,"valueName":"search_term_string"}}],"inLanguage":"fr-FR"},{"@type":"Organization","@id":"https:\/\/www.cfa-les3bvitre.com\/#organization","name":"CFA LES 3B VITR\u00c9","url":"https:\/\/www.cfa-les3bvitre.com\/","logo":{"@type":"ImageObject","inLanguage":"fr-FR","@id":"https:\/\/www.cfa-les3bvitre.com\/#\/schema\/logo\/image\/","url":"https:\/\/www.cfa-les3bvitre.com\/wp-content\/uploads\/2022\/03\/cropped-LOGO-CFA-LES-3B-site-web-07.png","contentUrl":"https:\/\/www.cfa-les3bvitre.com\/wp-content\/uploads\/2022\/03\/cropped-LOGO-CFA-LES-3B-site-web-07.png","width":240,"height":149,"caption":"CFA LES 3B VITR\u00c9"},"image":{"@id":"https:\/\/www.cfa-les3bvitre.com\/#\/schema\/logo\/image\/"},"sameAs":["https:\/\/www.facebook.com\/cfales3bvitre","https:\/\/www.linkedin.com\/company\/cfa-les-3b\/"]}]}},"_links":{"self":[{"href":"https:\/\/www.cfa-les3bvitre.com\/index.php\/wp-json\/wp\/v2\/pages\/1118","targetHints":{"allow":["GET"]}}],"collection":[{"href":"https:\/\/www.cfa-les3bvitre.com\/index.php\/wp-json\/wp\/v2\/pages"}],"about":[{"href":"https:\/\/www.cfa-les3bvitre.com\/index.php\/wp-json\/wp\/v2\/types\/page"}],"author":[{"embeddable":true,"href":"https:\/\/www.cfa-les3bvitre.com\/index.php\/wp-json\/wp\/v2\/users\/2"}],"replies":[{"embeddable":true,"href":"https:\/\/www.cfa-les3bvitre.com\/index.php\/wp-json\/wp\/v2\/comments?post=1118"}],"version-history":[{"count":42,"href":"https:\/\/www.cfa-les3bvitre.com\/index.php\/wp-json\/wp\/v2\/pages\/1118\/revisions"}],"predecessor-version":[{"id":4534,"href":"https:\/\/www.cfa-les3bvitre.com\/index.php\/wp-json\/wp\/v2\/pages\/1118\/revisions\/4534"}],"wp:attachment":[{"href":"https:\/\/www.cfa-les3bvitre.com\/index.php\/wp-json\/wp\/v2\/media?parent=1118"}],"curies":[{"name":"wp","href":"https:\/\/api.w.org\/{rel}","templated":true}]}}