{"id":1121,"date":"2023-01-03T12:26:26","date_gmt":"2023-01-03T11:26:26","guid":{"rendered":"https:\/\/www.cfa-les3bvitre.com\/?page_id=1121"},"modified":"2026-02-23T14:46:20","modified_gmt":"2026-02-23T13:46:20","slug":"programme-formation-sommelier-caviste","status":"publish","type":"page","link":"https:\/\/www.cfa-les3bvitre.com\/index.php\/programme-formation-sommelier-caviste\/","title":{"rendered":"PROGRAMME FORMATION SOMMELIER CAVISTE"},"content":{"rendered":"\n<p class=\"has-text-align-left has-black-color has-text-color has-link-color has-medium-font-size wp-elements-eb0c09dcc366b0bc70b82da3ec52f2c2\">Cette formation Sommelier &#8211; Caviste certifie 5 blocs de comp\u00e9tences, que les candidat.es peuvent valider ind\u00e9pendamment les uns des autres. Les blocs valid\u00e9s sont acquis \u00e0 vie. Les blocs non acquis peuvent \u00eatre repr\u00e9sent\u00e9s dans un d\u00e9lai de 5 ans.<\/p>\n\n\n\n<p class=\"has-text-align-left has-black-color has-text-color has-link-color has-medium-font-size wp-elements-58a7f464158be21219c5fee3a365651d\">La certification est d\u00e9livr\u00e9e aux candidat.es ayant valid\u00e9 les 5 blocs de comp\u00e9tences.<\/p>\n\n\n\n<div style=\"height:64px\" aria-hidden=\"true\" class=\"wp-block-spacer\"><\/div>\n\n\n\n<div class=\"wp-block-media-text alignwide is-stacked-on-mobile\" style=\"grid-template-columns:27% auto\"><figure class=\"wp-block-media-text__media\"><img loading=\"lazy\" decoding=\"async\" width=\"450\" height=\"300\" src=\"https:\/\/www.cfa-les3bvitre.com\/wp-content\/uploads\/2023\/04\/degustation-analytique.jpg\" alt=\"\" class=\"wp-image-1349 size-full\" srcset=\"https:\/\/www.cfa-les3bvitre.com\/wp-content\/uploads\/2023\/04\/degustation-analytique.jpg 450w, https:\/\/www.cfa-les3bvitre.com\/wp-content\/uploads\/2023\/04\/degustation-analytique-300x200.jpg 300w\" sizes=\"auto, (max-width: 450px) 100vw, 450px\" \/><\/figure><div class=\"wp-block-media-text__content\">\n<p class=\"has-black-color has-text-color has-link-color has-medium-font-size wp-elements-1201d1cb776a74b807999ac3d692ed95\"><strong>Bloc 1 \u2013 \u00c9laborer une offre de vins et autres produits nobles<br><\/strong>D\u00e9gustation analytique, visite de vignobles et de lieux, approche sensible de la d\u00e9gustation, d\u00e9gustation g\u00e9o sensorielle, \u0153nologie, s\u00e9lection de vins, biodynamie et vins nature.<\/p>\n<\/div><\/div>\n\n\n\n<div style=\"height:51px\" aria-hidden=\"true\" class=\"wp-block-spacer\"><\/div>\n\n\n\n<div class=\"wp-block-media-text alignwide has-media-on-the-right is-stacked-on-mobile\" style=\"grid-template-columns:auto 27%\"><div class=\"wp-block-media-text__content\">\n<p class=\"has-text-align-right has-black-color has-text-color has-link-color has-medium-font-size wp-elements-526f7dd3db24974ceeb5c3d423f4cb52\"><strong>Bloc 2 \u2013 Assurer la vente de vins et autres produits nobles<\/strong><br>Les grands styles de vins, les techniques de vente en restaurant et en cave, la vente \u00e9motionnelle, les accords mets et vins niveau 1, la vente additionnelle, les supports de vente, gestion des stocks d\u2019une cave \u00e0 vin, le service du vin<em>.<\/em><\/p>\n<\/div><figure class=\"wp-block-media-text__media\"><img loading=\"lazy\" decoding=\"async\" width=\"735\" height=\"517\" src=\"https:\/\/www.cfa-les3bvitre.com\/wp-content\/uploads\/2023\/04\/caviste-dans-sa-boutique-e1682513058102.jpg\" alt=\"formation sommelier caviste\" class=\"wp-image-1351 size-full\" srcset=\"https:\/\/www.cfa-les3bvitre.com\/wp-content\/uploads\/2023\/04\/caviste-dans-sa-boutique-e1682513058102.jpg 735w, https:\/\/www.cfa-les3bvitre.com\/wp-content\/uploads\/2023\/04\/caviste-dans-sa-boutique-e1682513058102-300x211.jpg 300w\" sizes=\"auto, (max-width: 735px) 100vw, 735px\" \/><\/figure><\/div>\n\n\n\n<div style=\"height:51px\" aria-hidden=\"true\" class=\"wp-block-spacer\"><\/div>\n\n\n\n<div class=\"wp-block-media-text alignwide is-stacked-on-mobile\" style=\"grid-template-columns:27% auto\"><figure class=\"wp-block-media-text__media\"><img loading=\"lazy\" decoding=\"async\" width=\"1024\" height=\"1024\" src=\"https:\/\/www.cfa-les3bvitre.com\/wp-content\/uploads\/2023\/04\/theme-photos-mR_lv_G7XCY-unsplash-scaled-e1682513018257-1024x1024.jpg\" alt=\"\" class=\"wp-image-1354 size-large\" srcset=\"https:\/\/www.cfa-les3bvitre.com\/wp-content\/uploads\/2023\/04\/theme-photos-mR_lv_G7XCY-unsplash-scaled-e1682513018257-1024x1024.jpg 1024w, https:\/\/www.cfa-les3bvitre.com\/wp-content\/uploads\/2023\/04\/theme-photos-mR_lv_G7XCY-unsplash-scaled-e1682513018257-300x300.jpg 300w, https:\/\/www.cfa-les3bvitre.com\/wp-content\/uploads\/2023\/04\/theme-photos-mR_lv_G7XCY-unsplash-scaled-e1682513018257-150x150.jpg 150w, https:\/\/www.cfa-les3bvitre.com\/wp-content\/uploads\/2023\/04\/theme-photos-mR_lv_G7XCY-unsplash-scaled-e1682513018257-768x768.jpg 768w, https:\/\/www.cfa-les3bvitre.com\/wp-content\/uploads\/2023\/04\/theme-photos-mR_lv_G7XCY-unsplash-scaled-e1682513018257-1536x1536.jpg 1536w, https:\/\/www.cfa-les3bvitre.com\/wp-content\/uploads\/2023\/04\/theme-photos-mR_lv_G7XCY-unsplash-scaled-e1682513018257-1200x1200.jpg 1200w, https:\/\/www.cfa-les3bvitre.com\/wp-content\/uploads\/2023\/04\/theme-photos-mR_lv_G7XCY-unsplash-scaled-e1682513018257-600x600.jpg 600w, https:\/\/www.cfa-les3bvitre.com\/wp-content\/uploads\/2023\/04\/theme-photos-mR_lv_G7XCY-unsplash-scaled-e1682513018257.jpg 1707w\" sizes=\"auto, (max-width: 1024px) 100vw, 1024px\" \/><\/figure><div class=\"wp-block-media-text__content\">\n<p class=\"has-black-color has-text-color has-link-color has-medium-font-size wp-elements-3cb7db1ab63c256643e73f3fc789b9d8\"><strong>Bloc 3 \u2013 Conseiller une offre de vins et autres produits nobles<\/strong><\/p>\n\n\n\n<p class=\"has-black-color has-text-color has-link-color has-medium-font-size wp-elements-f03265e639fb1b12f21afe38955225e7\">Les r\u00e9gions viticoles : Alsace, Champagne, Bourgogne, Bordeaux, vall\u00e9e du Rh\u00f4ne, vall\u00e9e de la Loire, Jura, Savoie, Provence, Languedoc-Roussillon, sud-ouest, Corse, Beaujolais, vins du monde, les accords mets et vins niveau 2, l\u2019anglais du vin, cocktails, les spiritueux, les bi\u00e8res, le cidre, poir\u00e9, le fromage.<\/p>\n<\/div><\/div>\n\n\n\n<div style=\"height:51px\" aria-hidden=\"true\" class=\"wp-block-spacer\"><\/div>\n\n\n\n<div class=\"wp-block-media-text alignwide has-media-on-the-right is-stacked-on-mobile\" style=\"grid-template-columns:auto 27%\"><div class=\"wp-block-media-text__content\">\n<p class=\"has-text-align-right has-black-color has-text-color has-link-color has-medium-font-size wp-elements-de57efabc247da6e08dfb23fa13728ab\"><strong>Bloc 4 \u2013 &nbsp;Promouvoir l\u2019offre de vins et autres produits nobles sur les march\u00e9s fran\u00e7ais et internationaux<br><\/strong>Techniques expertes de vente du vin, \u0153notourisme.<\/p>\n<\/div><figure class=\"wp-block-media-text__media\"><img loading=\"lazy\" decoding=\"async\" width=\"1024\" height=\"683\" src=\"https:\/\/www.cfa-les3bvitre.com\/wp-content\/uploads\/2023\/04\/eugenia-clara-skm0WMgVKfU-unsplash-1024x683.jpg\" alt=\"\" class=\"wp-image-1355 size-full\" srcset=\"https:\/\/www.cfa-les3bvitre.com\/wp-content\/uploads\/2023\/04\/eugenia-clara-skm0WMgVKfU-unsplash-1024x683.jpg 1024w, https:\/\/www.cfa-les3bvitre.com\/wp-content\/uploads\/2023\/04\/eugenia-clara-skm0WMgVKfU-unsplash-300x200.jpg 300w, https:\/\/www.cfa-les3bvitre.com\/wp-content\/uploads\/2023\/04\/eugenia-clara-skm0WMgVKfU-unsplash-768x512.jpg 768w, https:\/\/www.cfa-les3bvitre.com\/wp-content\/uploads\/2023\/04\/eugenia-clara-skm0WMgVKfU-unsplash-1536x1024.jpg 1536w, https:\/\/www.cfa-les3bvitre.com\/wp-content\/uploads\/2023\/04\/eugenia-clara-skm0WMgVKfU-unsplash-2048x1365.jpg 2048w, https:\/\/www.cfa-les3bvitre.com\/wp-content\/uploads\/2023\/04\/eugenia-clara-skm0WMgVKfU-unsplash-1200x800.jpg 1200w, https:\/\/www.cfa-les3bvitre.com\/wp-content\/uploads\/2023\/04\/eugenia-clara-skm0WMgVKfU-unsplash-600x400.jpg 600w\" sizes=\"auto, (max-width: 1024px) 100vw, 1024px\" \/><\/figure><\/div>\n\n\n\n<div style=\"height:51px\" aria-hidden=\"true\" class=\"wp-block-spacer\"><\/div>\n\n\n\n<div class=\"wp-block-media-text alignwide is-stacked-on-mobile\" style=\"grid-template-columns:27% auto\"><figure class=\"wp-block-media-text__media\"><img loading=\"lazy\" decoding=\"async\" width=\"1024\" height=\"826\" src=\"https:\/\/www.cfa-les3bvitre.com\/wp-content\/uploads\/2023\/04\/olena-sergienko-dIMJWLx1YbE-unsplash-scaled-e1682513608828-1024x826.jpg\" alt=\"formation sommelier caviste\" class=\"wp-image-1356 size-full\" srcset=\"https:\/\/www.cfa-les3bvitre.com\/wp-content\/uploads\/2023\/04\/olena-sergienko-dIMJWLx1YbE-unsplash-scaled-e1682513608828-1024x826.jpg 1024w, https:\/\/www.cfa-les3bvitre.com\/wp-content\/uploads\/2023\/04\/olena-sergienko-dIMJWLx1YbE-unsplash-scaled-e1682513608828-300x242.jpg 300w, https:\/\/www.cfa-les3bvitre.com\/wp-content\/uploads\/2023\/04\/olena-sergienko-dIMJWLx1YbE-unsplash-scaled-e1682513608828-768x619.jpg 768w, https:\/\/www.cfa-les3bvitre.com\/wp-content\/uploads\/2023\/04\/olena-sergienko-dIMJWLx1YbE-unsplash-scaled-e1682513608828-1536x1238.jpg 1536w, https:\/\/www.cfa-les3bvitre.com\/wp-content\/uploads\/2023\/04\/olena-sergienko-dIMJWLx1YbE-unsplash-scaled-e1682513608828.jpg 1920w\" sizes=\"auto, (max-width: 1024px) 100vw, 1024px\" \/><\/figure><div class=\"wp-block-media-text__content\">\n<p class=\"has-black-color has-text-color has-link-color has-medium-font-size wp-elements-6535dc302c452ba709d3ed2a563519ef\"><strong>Bloc 5 \u2013 G\u00e9rer et d\u00e9velopper une activit\u00e9 de sommelier caviste<br><\/strong>Politique tarifaire, gestion (statuts, outils de gestion), strat\u00e9gies d\u2019\u00e9tude du march\u00e9, management, r\u00e8glementation et l\u00e9gislation.<\/p>\n\n\n\n<p class=\"has-black-color has-text-color has-link-color has-medium-font-size wp-elements-9ea9de3557edab6b4469dff93e6affdc\"><\/p>\n<\/div><\/div>\n\n\n\n<div style=\"height:97px\" aria-hidden=\"true\" class=\"wp-block-spacer\"><\/div>\n\n\n\n<div class=\"wp-block-columns is-layout-flex wp-container-core-columns-is-layout-9d6595d7 wp-block-columns-is-layout-flex\">\n<div class=\"wp-block-column is-layout-flow wp-block-column-is-layout-flow\">\n<div class=\"wp-block-buttons is-content-justification-center is-layout-flex wp-container-core-buttons-is-layout-16018d1d wp-block-buttons-is-layout-flex\">\n<div class=\"wp-block-button is-style-fill\"><a class=\"wp-block-button__link has-white-color has-text-color has-background wp-element-button\" href=\"https:\/\/www.cfa-les3bvitre.com\/wp-content\/uploads\/2026\/02\/PROGRAMME-SCAG12.pdf\" style=\"background-color:#4aa3a2\"><strong>PROGRAMME<\/strong><\/a><\/div>\n<\/div>\n<\/div>\n\n\n\n<div class=\"wp-block-column is-layout-flow wp-block-column-is-layout-flow\">\n<div class=\"wp-block-buttons is-content-justification-center is-layout-flex wp-container-core-buttons-is-layout-16018d1d wp-block-buttons-is-layout-flex\">\n<div class=\"wp-block-button\"><a class=\"wp-block-button__link has-white-color has-text-color has-background wp-element-button\" href=\"https:\/\/www.cfa-les3bvitre.com\/wp-content\/uploads\/2025\/12\/CALENDRIER-SCAG12.pdf\" style=\"background-color:#4aa3a2\" target=\"_blank\" rel=\"noreferrer noopener\"><strong>CALENDRIER<\/strong><\/a><\/div>\n<\/div>\n<\/div>\n<\/div>\n\n\n\n<div style=\"height:143px\" aria-hidden=\"true\" class=\"wp-block-spacer\"><\/div>\n\n\n\n<div class=\"wp-block-buttons is-content-justification-right is-layout-flex wp-container-core-buttons-is-layout-765c4724 wp-block-buttons-is-layout-flex\">\n<div class=\"wp-block-button has-custom-width wp-block-button__width-25 is-style-fill\"><a class=\"wp-block-button__link has-white-color has-text-color has-background has-link-color has-small-font-size has-custom-font-size wp-element-button\" href=\"https:\/\/www.cfa-les3bvitre.com\/index.php\/points-forts-et-resultats-attendus\/\" style=\"background-color:#4aa3a2\"><em><strong>Voir les points forts et les r\u00e9sultats attendus de la formation<\/strong><\/em><\/a><\/div>\n<\/div>\n\n\n\n<p><\/p>\n","protected":false},"excerpt":{"rendered":"<p>Cette formation Sommelier &#8211; Caviste certifie 5 blocs de comp\u00e9tences, que les candidat.es peuvent valider ind\u00e9pendamment les uns des autres. Les blocs valid\u00e9s sont acquis \u00e0 vie. Les blocs non acquis peuvent \u00eatre repr\u00e9sent\u00e9s dans un d\u00e9lai de 5 ans. La certification est d\u00e9livr\u00e9e aux candidat.es ayant valid\u00e9 les 5 blocs de comp\u00e9tences. Bloc 1 [&hellip;]<\/p>\n","protected":false},"author":2,"featured_media":0,"parent":0,"menu_order":0,"comment_status":"closed","ping_status":"closed","template":"","meta":{"_regular_price":[],"currency_symbol":[],"footnotes":""},"class_list":["post-1121","page","type-page","status-publish","hentry"],"post_slider_layout_featured_media_urls":{"thumbnail":"","post_slider_layout_landscape_large":"","post_slider_layout_portrait_large":"","post_slider_layout_square_large":"","post_slider_layout_landscape":"","post_slider_layout_portrait":"","post_slider_layout_square":"","full":""},"yoast_head":"<!-- This site is optimized with the Yoast SEO plugin v27.4 - https:\/\/yoast.com\/product\/yoast-seo-wordpress\/ -->\n<title>Programme Formation Sommelier Caviste -CFA Les 3B Vitr\u00e9<\/title>\n<meta name=\"description\" content=\"Avis aux passionn\u00e9(e)s du Vin, d\u00e9couvrez le programme de la Formation Sommelier Caviste du CFA. Si tu es int\u00e9ress\u00e9(e), Contacte nous !\" \/>\n<meta name=\"robots\" content=\"index, follow, max-snippet:-1, max-image-preview:large, max-video-preview:-1\" \/>\n<link rel=\"canonical\" href=\"https:\/\/www.cfa-les3bvitre.com\/index.php\/programme-formation-sommelier-caviste\/\" \/>\n<meta property=\"og:locale\" content=\"fr_FR\" \/>\n<meta property=\"og:type\" content=\"article\" \/>\n<meta property=\"og:title\" content=\"Programme Formation Sommelier Caviste -CFA Les 3B Vitr\u00e9\" \/>\n<meta property=\"og:description\" content=\"Avis aux passionn\u00e9(e)s du Vin, d\u00e9couvrez le programme de la Formation Sommelier Caviste du CFA. Si tu es int\u00e9ress\u00e9(e), Contacte nous !\" \/>\n<meta property=\"og:url\" content=\"https:\/\/www.cfa-les3bvitre.com\/index.php\/programme-formation-sommelier-caviste\/\" \/>\n<meta property=\"og:site_name\" content=\"CFA Les 3B Vitr\u00e9\" \/>\n<meta property=\"article:publisher\" content=\"https:\/\/www.facebook.com\/cfales3bvitre\" \/>\n<meta property=\"article:modified_time\" content=\"2026-02-23T13:46:20+00:00\" \/>\n<meta property=\"og:image\" content=\"https:\/\/www.cfa-les3bvitre.com\/wp-content\/uploads\/2023\/04\/degustation-analytique.jpg\" \/>\n\t<meta property=\"og:image:width\" content=\"450\" \/>\n\t<meta property=\"og:image:height\" content=\"300\" \/>\n\t<meta property=\"og:image:type\" content=\"image\/jpeg\" \/>\n<meta name=\"twitter:card\" content=\"summary_large_image\" \/>\n<meta name=\"twitter:label1\" content=\"Dur\u00e9e de lecture estim\u00e9e\" \/>\n\t<meta name=\"twitter:data1\" content=\"3 minutes\" \/>\n<script type=\"application\/ld+json\" class=\"yoast-schema-graph\">{\"@context\":\"https:\\\/\\\/schema.org\",\"@graph\":[{\"@type\":\"WebPage\",\"@id\":\"https:\\\/\\\/www.cfa-les3bvitre.com\\\/index.php\\\/programme-formation-sommelier-caviste\\\/\",\"url\":\"https:\\\/\\\/www.cfa-les3bvitre.com\\\/index.php\\\/programme-formation-sommelier-caviste\\\/\",\"name\":\"Programme Formation Sommelier Caviste -CFA Les 3B Vitr\u00e9\",\"isPartOf\":{\"@id\":\"https:\\\/\\\/www.cfa-les3bvitre.com\\\/#website\"},\"primaryImageOfPage\":{\"@id\":\"https:\\\/\\\/www.cfa-les3bvitre.com\\\/index.php\\\/programme-formation-sommelier-caviste\\\/#primaryimage\"},\"image\":{\"@id\":\"https:\\\/\\\/www.cfa-les3bvitre.com\\\/index.php\\\/programme-formation-sommelier-caviste\\\/#primaryimage\"},\"thumbnailUrl\":\"https:\\\/\\\/www.cfa-les3bvitre.com\\\/wp-content\\\/uploads\\\/2023\\\/04\\\/degustation-analytique.jpg\",\"datePublished\":\"2023-01-03T11:26:26+00:00\",\"dateModified\":\"2026-02-23T13:46:20+00:00\",\"description\":\"Avis aux passionn\u00e9(e)s du Vin, d\u00e9couvrez le programme de la Formation Sommelier Caviste du CFA. Si tu es int\u00e9ress\u00e9(e), Contacte nous !\",\"breadcrumb\":{\"@id\":\"https:\\\/\\\/www.cfa-les3bvitre.com\\\/index.php\\\/programme-formation-sommelier-caviste\\\/#breadcrumb\"},\"inLanguage\":\"fr-FR\",\"potentialAction\":[{\"@type\":\"ReadAction\",\"target\":[\"https:\\\/\\\/www.cfa-les3bvitre.com\\\/index.php\\\/programme-formation-sommelier-caviste\\\/\"]}]},{\"@type\":\"ImageObject\",\"inLanguage\":\"fr-FR\",\"@id\":\"https:\\\/\\\/www.cfa-les3bvitre.com\\\/index.php\\\/programme-formation-sommelier-caviste\\\/#primaryimage\",\"url\":\"https:\\\/\\\/www.cfa-les3bvitre.com\\\/wp-content\\\/uploads\\\/2023\\\/04\\\/degustation-analytique.jpg\",\"contentUrl\":\"https:\\\/\\\/www.cfa-les3bvitre.com\\\/wp-content\\\/uploads\\\/2023\\\/04\\\/degustation-analytique.jpg\",\"width\":450,\"height\":300},{\"@type\":\"BreadcrumbList\",\"@id\":\"https:\\\/\\\/www.cfa-les3bvitre.com\\\/index.php\\\/programme-formation-sommelier-caviste\\\/#breadcrumb\",\"itemListElement\":[{\"@type\":\"ListItem\",\"position\":1,\"name\":\"Accueil\",\"item\":\"https:\\\/\\\/www.cfa-les3bvitre.com\\\/\"},{\"@type\":\"ListItem\",\"position\":2,\"name\":\"PROGRAMME FORMATION SOMMELIER CAVISTE\"}]},{\"@type\":\"WebSite\",\"@id\":\"https:\\\/\\\/www.cfa-les3bvitre.com\\\/#website\",\"url\":\"https:\\\/\\\/www.cfa-les3bvitre.com\\\/\",\"name\":\"CFA Les 3B Vitr\u00e9\",\"description\":\"\",\"publisher\":{\"@id\":\"https:\\\/\\\/www.cfa-les3bvitre.com\\\/#organization\"},\"potentialAction\":[{\"@type\":\"SearchAction\",\"target\":{\"@type\":\"EntryPoint\",\"urlTemplate\":\"https:\\\/\\\/www.cfa-les3bvitre.com\\\/?s={search_term_string}\"},\"query-input\":{\"@type\":\"PropertyValueSpecification\",\"valueRequired\":true,\"valueName\":\"search_term_string\"}}],\"inLanguage\":\"fr-FR\"},{\"@type\":\"Organization\",\"@id\":\"https:\\\/\\\/www.cfa-les3bvitre.com\\\/#organization\",\"name\":\"CFA LES 3B VITR\u00c9\",\"url\":\"https:\\\/\\\/www.cfa-les3bvitre.com\\\/\",\"logo\":{\"@type\":\"ImageObject\",\"inLanguage\":\"fr-FR\",\"@id\":\"https:\\\/\\\/www.cfa-les3bvitre.com\\\/#\\\/schema\\\/logo\\\/image\\\/\",\"url\":\"https:\\\/\\\/www.cfa-les3bvitre.com\\\/wp-content\\\/uploads\\\/2022\\\/03\\\/cropped-LOGO-CFA-LES-3B-site-web-07.png\",\"contentUrl\":\"https:\\\/\\\/www.cfa-les3bvitre.com\\\/wp-content\\\/uploads\\\/2022\\\/03\\\/cropped-LOGO-CFA-LES-3B-site-web-07.png\",\"width\":240,\"height\":149,\"caption\":\"CFA LES 3B VITR\u00c9\"},\"image\":{\"@id\":\"https:\\\/\\\/www.cfa-les3bvitre.com\\\/#\\\/schema\\\/logo\\\/image\\\/\"},\"sameAs\":[\"https:\\\/\\\/www.facebook.com\\\/cfales3bvitre\",\"https:\\\/\\\/www.linkedin.com\\\/company\\\/cfa-les-3b\\\/\"]}]}<\/script>\n<!-- \/ Yoast SEO plugin. -->","yoast_head_json":{"title":"Programme Formation Sommelier Caviste -CFA Les 3B Vitr\u00e9","description":"Avis aux passionn\u00e9(e)s du Vin, d\u00e9couvrez le programme de la Formation Sommelier Caviste du CFA. Si tu es int\u00e9ress\u00e9(e), Contacte nous !","robots":{"index":"index","follow":"follow","max-snippet":"max-snippet:-1","max-image-preview":"max-image-preview:large","max-video-preview":"max-video-preview:-1"},"canonical":"https:\/\/www.cfa-les3bvitre.com\/index.php\/programme-formation-sommelier-caviste\/","og_locale":"fr_FR","og_type":"article","og_title":"Programme Formation Sommelier Caviste -CFA Les 3B Vitr\u00e9","og_description":"Avis aux passionn\u00e9(e)s du Vin, d\u00e9couvrez le programme de la Formation Sommelier Caviste du CFA. Si tu es int\u00e9ress\u00e9(e), Contacte nous !","og_url":"https:\/\/www.cfa-les3bvitre.com\/index.php\/programme-formation-sommelier-caviste\/","og_site_name":"CFA Les 3B Vitr\u00e9","article_publisher":"https:\/\/www.facebook.com\/cfales3bvitre","article_modified_time":"2026-02-23T13:46:20+00:00","og_image":[{"width":450,"height":300,"url":"https:\/\/www.cfa-les3bvitre.com\/wp-content\/uploads\/2023\/04\/degustation-analytique.jpg","type":"image\/jpeg"}],"twitter_card":"summary_large_image","twitter_misc":{"Dur\u00e9e de lecture estim\u00e9e":"3 minutes"},"schema":{"@context":"https:\/\/schema.org","@graph":[{"@type":"WebPage","@id":"https:\/\/www.cfa-les3bvitre.com\/index.php\/programme-formation-sommelier-caviste\/","url":"https:\/\/www.cfa-les3bvitre.com\/index.php\/programme-formation-sommelier-caviste\/","name":"Programme Formation Sommelier Caviste -CFA Les 3B Vitr\u00e9","isPartOf":{"@id":"https:\/\/www.cfa-les3bvitre.com\/#website"},"primaryImageOfPage":{"@id":"https:\/\/www.cfa-les3bvitre.com\/index.php\/programme-formation-sommelier-caviste\/#primaryimage"},"image":{"@id":"https:\/\/www.cfa-les3bvitre.com\/index.php\/programme-formation-sommelier-caviste\/#primaryimage"},"thumbnailUrl":"https:\/\/www.cfa-les3bvitre.com\/wp-content\/uploads\/2023\/04\/degustation-analytique.jpg","datePublished":"2023-01-03T11:26:26+00:00","dateModified":"2026-02-23T13:46:20+00:00","description":"Avis aux passionn\u00e9(e)s du Vin, d\u00e9couvrez le programme de la Formation Sommelier Caviste du CFA. Si tu es int\u00e9ress\u00e9(e), Contacte nous !","breadcrumb":{"@id":"https:\/\/www.cfa-les3bvitre.com\/index.php\/programme-formation-sommelier-caviste\/#breadcrumb"},"inLanguage":"fr-FR","potentialAction":[{"@type":"ReadAction","target":["https:\/\/www.cfa-les3bvitre.com\/index.php\/programme-formation-sommelier-caviste\/"]}]},{"@type":"ImageObject","inLanguage":"fr-FR","@id":"https:\/\/www.cfa-les3bvitre.com\/index.php\/programme-formation-sommelier-caviste\/#primaryimage","url":"https:\/\/www.cfa-les3bvitre.com\/wp-content\/uploads\/2023\/04\/degustation-analytique.jpg","contentUrl":"https:\/\/www.cfa-les3bvitre.com\/wp-content\/uploads\/2023\/04\/degustation-analytique.jpg","width":450,"height":300},{"@type":"BreadcrumbList","@id":"https:\/\/www.cfa-les3bvitre.com\/index.php\/programme-formation-sommelier-caviste\/#breadcrumb","itemListElement":[{"@type":"ListItem","position":1,"name":"Accueil","item":"https:\/\/www.cfa-les3bvitre.com\/"},{"@type":"ListItem","position":2,"name":"PROGRAMME FORMATION SOMMELIER CAVISTE"}]},{"@type":"WebSite","@id":"https:\/\/www.cfa-les3bvitre.com\/#website","url":"https:\/\/www.cfa-les3bvitre.com\/","name":"CFA Les 3B Vitr\u00e9","description":"","publisher":{"@id":"https:\/\/www.cfa-les3bvitre.com\/#organization"},"potentialAction":[{"@type":"SearchAction","target":{"@type":"EntryPoint","urlTemplate":"https:\/\/www.cfa-les3bvitre.com\/?s={search_term_string}"},"query-input":{"@type":"PropertyValueSpecification","valueRequired":true,"valueName":"search_term_string"}}],"inLanguage":"fr-FR"},{"@type":"Organization","@id":"https:\/\/www.cfa-les3bvitre.com\/#organization","name":"CFA LES 3B VITR\u00c9","url":"https:\/\/www.cfa-les3bvitre.com\/","logo":{"@type":"ImageObject","inLanguage":"fr-FR","@id":"https:\/\/www.cfa-les3bvitre.com\/#\/schema\/logo\/image\/","url":"https:\/\/www.cfa-les3bvitre.com\/wp-content\/uploads\/2022\/03\/cropped-LOGO-CFA-LES-3B-site-web-07.png","contentUrl":"https:\/\/www.cfa-les3bvitre.com\/wp-content\/uploads\/2022\/03\/cropped-LOGO-CFA-LES-3B-site-web-07.png","width":240,"height":149,"caption":"CFA LES 3B VITR\u00c9"},"image":{"@id":"https:\/\/www.cfa-les3bvitre.com\/#\/schema\/logo\/image\/"},"sameAs":["https:\/\/www.facebook.com\/cfales3bvitre","https:\/\/www.linkedin.com\/company\/cfa-les-3b\/"]}]}},"_links":{"self":[{"href":"https:\/\/www.cfa-les3bvitre.com\/index.php\/wp-json\/wp\/v2\/pages\/1121","targetHints":{"allow":["GET"]}}],"collection":[{"href":"https:\/\/www.cfa-les3bvitre.com\/index.php\/wp-json\/wp\/v2\/pages"}],"about":[{"href":"https:\/\/www.cfa-les3bvitre.com\/index.php\/wp-json\/wp\/v2\/types\/page"}],"author":[{"embeddable":true,"href":"https:\/\/www.cfa-les3bvitre.com\/index.php\/wp-json\/wp\/v2\/users\/2"}],"replies":[{"embeddable":true,"href":"https:\/\/www.cfa-les3bvitre.com\/index.php\/wp-json\/wp\/v2\/comments?post=1121"}],"version-history":[{"count":36,"href":"https:\/\/www.cfa-les3bvitre.com\/index.php\/wp-json\/wp\/v2\/pages\/1121\/revisions"}],"predecessor-version":[{"id":4374,"href":"https:\/\/www.cfa-les3bvitre.com\/index.php\/wp-json\/wp\/v2\/pages\/1121\/revisions\/4374"}],"wp:attachment":[{"href":"https:\/\/www.cfa-les3bvitre.com\/index.php\/wp-json\/wp\/v2\/media?parent=1121"}],"curies":[{"name":"wp","href":"https:\/\/api.w.org\/{rel}","templated":true}]}}