{"id":1124,"date":"2023-01-03T12:28:29","date_gmt":"2023-01-03T11:28:29","guid":{"rendered":"https:\/\/www.cfa-les3bvitre.com\/?page_id=1124"},"modified":"2025-10-21T15:06:30","modified_gmt":"2025-10-21T13:06:30","slug":"points-forts-et-resultats-attendus","status":"publish","type":"page","link":"https:\/\/www.cfa-les3bvitre.com\/index.php\/points-forts-et-resultats-attendus\/","title":{"rendered":"POINTS FORTS ET R\u00c9SULTATS ATTENDUS"},"content":{"rendered":"\n<h2 class=\"wp-block-heading alignwide\">Points forts :<\/h2>\n\n\n\n<ul class=\"wp-block-list\">\n<li class=\"has-medium-font-size\">Le seul titre qui propose la ma\u00eetrise des trois techniques de d\u00e9gustation :&nbsp;Intuitive, G\u00e9o-sensorielle et Analytique.<\/li>\n\n\n\n<li class=\"has-medium-font-size\">Une p\u00e9dagogie inspir\u00e9e de Maria Montessori adapt\u00e9e au monde du vin.<\/li>\n\n\n\n<li class=\"has-medium-font-size\">Formateurs sommeliers et cavistes exp\u00e9riment\u00e9s et passionn\u00e9s, venant de toute la France.<\/li>\n\n\n\n<li class=\"has-medium-font-size\">Expression \u00e9motionnelle.(techniques de th\u00e9\u00e2tre)<\/li>\n\n\n\n<li class=\"has-medium-font-size\">Accessible \u00e0 tous.<\/li>\n\n\n\n<li class=\"has-medium-font-size\">Cadre unique des 3B avec de nombreux plateaux techniques : cave, bar, micro-brasserie, entrep\u00f4t logistique.<\/li>\n\n\n\n<li class=\"has-medium-font-size\">100% de placement en entreprise des apprentis.<\/li>\n<\/ul>\n\n\n\n<h2 class=\"wp-block-heading alignwide\">R\u00e9sultats attendus :<\/h2>\n\n\n\n<ul class=\"wp-block-list\">\n<li class=\"has-medium-font-size\">Analyser les besoins du client, sa situation, ses attentes concernant la cave&nbsp;en fonction de son identit\u00e9 et des consommations attendues (restaurant,&nbsp;boutique, point de vente, particulier, etc.)<\/li>\n\n\n\n<li class=\"has-medium-font-size\">Composer une cave en s\u00e9lectionnant des vins compl\u00e9mentaires et en&nbsp;anticipant des renouvellements de types de vins en fonction des&nbsp;consommations attendues<\/li>\n\n\n\n<li class=\"has-medium-font-size\">Identifier les diff\u00e9rences entre des types de vins \u00e0 partir de leur nom et du&nbsp;domaine d\u2019origine, de l\u2019ann\u00e9e et d\u00e9terminer les caract\u00e9ristiques de ces vins<\/li>\n\n\n\n<li class=\"has-medium-font-size\">Accorder les vins avec des mets en appliquant les principes et les r\u00e8gles&nbsp;fondamentales d\u2019\u0153nologie<\/li>\n\n\n\n<li class=\"has-medium-font-size\">Elaborer une programmation \u00e9v\u00e9nementielle d\u00e9di\u00e9e \u00e0 la promotion de vins&nbsp;et autres produits<\/li>\n<\/ul>\n\n\n\n<div style=\"height:100px\" aria-hidden=\"true\" class=\"wp-block-spacer\"><\/div>\n\n\n\n<div class=\"wp-block-buttons is-content-justification-right is-layout-flex wp-container-core-buttons-is-layout-765c4724 wp-block-buttons-is-layout-flex\">\n<div class=\"wp-block-button has-custom-width wp-block-button__width-25 is-style-fill\"><a class=\"wp-block-button__link has-white-color has-text-color has-background has-link-color has-medium-font-size has-custom-font-size wp-element-button\" href=\"https:\/\/www.cfa-les3bvitre.com\/index.php\/objectifs-de-la-formation-sommelier-caviste\/\" style=\"background-color:#4aa3a2\"><strong>Voir les objectifs<\/strong><\/a><\/div>\n<\/div>\n\n\n\n<p><\/p>\n","protected":false},"excerpt":{"rendered":"<p>Points forts : R\u00e9sultats attendus :<\/p>\n","protected":false},"author":2,"featured_media":0,"parent":0,"menu_order":0,"comment_status":"closed","ping_status":"closed","template":"","meta":{"_regular_price":[],"currency_symbol":[],"footnotes":""},"class_list":["post-1124","page","type-page","status-publish","hentry"],"post_slider_layout_featured_media_urls":{"thumbnail":"","post_slider_layout_landscape_large":"","post_slider_layout_portrait_large":"","post_slider_layout_square_large":"","post_slider_layout_landscape":"","post_slider_layout_portrait":"","post_slider_layout_square":"","full":""},"yoast_head":"<!-- This site is optimized with the Yoast SEO plugin v27.4 - https:\/\/yoast.com\/product\/yoast-seo-wordpress\/ -->\n<title>POINTS FORTS ET R\u00c9SULTATS ATTENDUS - CFA Les 3B Vitr\u00e9<\/title>\n<meta name=\"robots\" content=\"index, follow, max-snippet:-1, max-image-preview:large, max-video-preview:-1\" \/>\n<link rel=\"canonical\" href=\"https:\/\/www.cfa-les3bvitre.com\/index.php\/points-forts-et-resultats-attendus\/\" \/>\n<meta property=\"og:locale\" content=\"fr_FR\" \/>\n<meta property=\"og:type\" content=\"article\" \/>\n<meta property=\"og:title\" content=\"POINTS FORTS ET R\u00c9SULTATS ATTENDUS - CFA Les 3B Vitr\u00e9\" \/>\n<meta property=\"og:description\" content=\"Points forts : R\u00e9sultats attendus :\" \/>\n<meta property=\"og:url\" content=\"https:\/\/www.cfa-les3bvitre.com\/index.php\/points-forts-et-resultats-attendus\/\" \/>\n<meta property=\"og:site_name\" content=\"CFA Les 3B Vitr\u00e9\" \/>\n<meta property=\"article:publisher\" content=\"https:\/\/www.facebook.com\/cfales3bvitre\" \/>\n<meta property=\"article:modified_time\" content=\"2025-10-21T13:06:30+00:00\" \/>\n<meta name=\"twitter:card\" content=\"summary_large_image\" \/>\n<meta name=\"twitter:label1\" content=\"Dur\u00e9e de lecture estim\u00e9e\" \/>\n\t<meta name=\"twitter:data1\" content=\"1 minute\" \/>\n<script type=\"application\/ld+json\" class=\"yoast-schema-graph\">{\"@context\":\"https:\\\/\\\/schema.org\",\"@graph\":[{\"@type\":\"WebPage\",\"@id\":\"https:\\\/\\\/www.cfa-les3bvitre.com\\\/index.php\\\/points-forts-et-resultats-attendus\\\/\",\"url\":\"https:\\\/\\\/www.cfa-les3bvitre.com\\\/index.php\\\/points-forts-et-resultats-attendus\\\/\",\"name\":\"POINTS FORTS ET R\u00c9SULTATS ATTENDUS - CFA Les 3B Vitr\u00e9\",\"isPartOf\":{\"@id\":\"https:\\\/\\\/www.cfa-les3bvitre.com\\\/#website\"},\"datePublished\":\"2023-01-03T11:28:29+00:00\",\"dateModified\":\"2025-10-21T13:06:30+00:00\",\"breadcrumb\":{\"@id\":\"https:\\\/\\\/www.cfa-les3bvitre.com\\\/index.php\\\/points-forts-et-resultats-attendus\\\/#breadcrumb\"},\"inLanguage\":\"fr-FR\",\"potentialAction\":[{\"@type\":\"ReadAction\",\"target\":[\"https:\\\/\\\/www.cfa-les3bvitre.com\\\/index.php\\\/points-forts-et-resultats-attendus\\\/\"]}]},{\"@type\":\"BreadcrumbList\",\"@id\":\"https:\\\/\\\/www.cfa-les3bvitre.com\\\/index.php\\\/points-forts-et-resultats-attendus\\\/#breadcrumb\",\"itemListElement\":[{\"@type\":\"ListItem\",\"position\":1,\"name\":\"Accueil\",\"item\":\"https:\\\/\\\/www.cfa-les3bvitre.com\\\/\"},{\"@type\":\"ListItem\",\"position\":2,\"name\":\"POINTS FORTS ET R\u00c9SULTATS ATTENDUS\"}]},{\"@type\":\"WebSite\",\"@id\":\"https:\\\/\\\/www.cfa-les3bvitre.com\\\/#website\",\"url\":\"https:\\\/\\\/www.cfa-les3bvitre.com\\\/\",\"name\":\"CFA Les 3B Vitr\u00e9\",\"description\":\"\",\"publisher\":{\"@id\":\"https:\\\/\\\/www.cfa-les3bvitre.com\\\/#organization\"},\"potentialAction\":[{\"@type\":\"SearchAction\",\"target\":{\"@type\":\"EntryPoint\",\"urlTemplate\":\"https:\\\/\\\/www.cfa-les3bvitre.com\\\/?s={search_term_string}\"},\"query-input\":{\"@type\":\"PropertyValueSpecification\",\"valueRequired\":true,\"valueName\":\"search_term_string\"}}],\"inLanguage\":\"fr-FR\"},{\"@type\":\"Organization\",\"@id\":\"https:\\\/\\\/www.cfa-les3bvitre.com\\\/#organization\",\"name\":\"CFA LES 3B VITR\u00c9\",\"url\":\"https:\\\/\\\/www.cfa-les3bvitre.com\\\/\",\"logo\":{\"@type\":\"ImageObject\",\"inLanguage\":\"fr-FR\",\"@id\":\"https:\\\/\\\/www.cfa-les3bvitre.com\\\/#\\\/schema\\\/logo\\\/image\\\/\",\"url\":\"https:\\\/\\\/www.cfa-les3bvitre.com\\\/wp-content\\\/uploads\\\/2022\\\/03\\\/cropped-LOGO-CFA-LES-3B-site-web-07.png\",\"contentUrl\":\"https:\\\/\\\/www.cfa-les3bvitre.com\\\/wp-content\\\/uploads\\\/2022\\\/03\\\/cropped-LOGO-CFA-LES-3B-site-web-07.png\",\"width\":240,\"height\":149,\"caption\":\"CFA LES 3B VITR\u00c9\"},\"image\":{\"@id\":\"https:\\\/\\\/www.cfa-les3bvitre.com\\\/#\\\/schema\\\/logo\\\/image\\\/\"},\"sameAs\":[\"https:\\\/\\\/www.facebook.com\\\/cfales3bvitre\",\"https:\\\/\\\/www.linkedin.com\\\/company\\\/cfa-les-3b\\\/\"]}]}<\/script>\n<!-- \/ Yoast SEO plugin. -->","yoast_head_json":{"title":"POINTS FORTS ET R\u00c9SULTATS ATTENDUS - CFA Les 3B Vitr\u00e9","robots":{"index":"index","follow":"follow","max-snippet":"max-snippet:-1","max-image-preview":"max-image-preview:large","max-video-preview":"max-video-preview:-1"},"canonical":"https:\/\/www.cfa-les3bvitre.com\/index.php\/points-forts-et-resultats-attendus\/","og_locale":"fr_FR","og_type":"article","og_title":"POINTS FORTS ET R\u00c9SULTATS ATTENDUS - CFA Les 3B Vitr\u00e9","og_description":"Points forts : R\u00e9sultats attendus :","og_url":"https:\/\/www.cfa-les3bvitre.com\/index.php\/points-forts-et-resultats-attendus\/","og_site_name":"CFA Les 3B Vitr\u00e9","article_publisher":"https:\/\/www.facebook.com\/cfales3bvitre","article_modified_time":"2025-10-21T13:06:30+00:00","twitter_card":"summary_large_image","twitter_misc":{"Dur\u00e9e de lecture estim\u00e9e":"1 minute"},"schema":{"@context":"https:\/\/schema.org","@graph":[{"@type":"WebPage","@id":"https:\/\/www.cfa-les3bvitre.com\/index.php\/points-forts-et-resultats-attendus\/","url":"https:\/\/www.cfa-les3bvitre.com\/index.php\/points-forts-et-resultats-attendus\/","name":"POINTS FORTS ET R\u00c9SULTATS ATTENDUS - CFA Les 3B Vitr\u00e9","isPartOf":{"@id":"https:\/\/www.cfa-les3bvitre.com\/#website"},"datePublished":"2023-01-03T11:28:29+00:00","dateModified":"2025-10-21T13:06:30+00:00","breadcrumb":{"@id":"https:\/\/www.cfa-les3bvitre.com\/index.php\/points-forts-et-resultats-attendus\/#breadcrumb"},"inLanguage":"fr-FR","potentialAction":[{"@type":"ReadAction","target":["https:\/\/www.cfa-les3bvitre.com\/index.php\/points-forts-et-resultats-attendus\/"]}]},{"@type":"BreadcrumbList","@id":"https:\/\/www.cfa-les3bvitre.com\/index.php\/points-forts-et-resultats-attendus\/#breadcrumb","itemListElement":[{"@type":"ListItem","position":1,"name":"Accueil","item":"https:\/\/www.cfa-les3bvitre.com\/"},{"@type":"ListItem","position":2,"name":"POINTS FORTS ET R\u00c9SULTATS ATTENDUS"}]},{"@type":"WebSite","@id":"https:\/\/www.cfa-les3bvitre.com\/#website","url":"https:\/\/www.cfa-les3bvitre.com\/","name":"CFA Les 3B Vitr\u00e9","description":"","publisher":{"@id":"https:\/\/www.cfa-les3bvitre.com\/#organization"},"potentialAction":[{"@type":"SearchAction","target":{"@type":"EntryPoint","urlTemplate":"https:\/\/www.cfa-les3bvitre.com\/?s={search_term_string}"},"query-input":{"@type":"PropertyValueSpecification","valueRequired":true,"valueName":"search_term_string"}}],"inLanguage":"fr-FR"},{"@type":"Organization","@id":"https:\/\/www.cfa-les3bvitre.com\/#organization","name":"CFA LES 3B VITR\u00c9","url":"https:\/\/www.cfa-les3bvitre.com\/","logo":{"@type":"ImageObject","inLanguage":"fr-FR","@id":"https:\/\/www.cfa-les3bvitre.com\/#\/schema\/logo\/image\/","url":"https:\/\/www.cfa-les3bvitre.com\/wp-content\/uploads\/2022\/03\/cropped-LOGO-CFA-LES-3B-site-web-07.png","contentUrl":"https:\/\/www.cfa-les3bvitre.com\/wp-content\/uploads\/2022\/03\/cropped-LOGO-CFA-LES-3B-site-web-07.png","width":240,"height":149,"caption":"CFA LES 3B VITR\u00c9"},"image":{"@id":"https:\/\/www.cfa-les3bvitre.com\/#\/schema\/logo\/image\/"},"sameAs":["https:\/\/www.facebook.com\/cfales3bvitre","https:\/\/www.linkedin.com\/company\/cfa-les-3b\/"]}]}},"_links":{"self":[{"href":"https:\/\/www.cfa-les3bvitre.com\/index.php\/wp-json\/wp\/v2\/pages\/1124","targetHints":{"allow":["GET"]}}],"collection":[{"href":"https:\/\/www.cfa-les3bvitre.com\/index.php\/wp-json\/wp\/v2\/pages"}],"about":[{"href":"https:\/\/www.cfa-les3bvitre.com\/index.php\/wp-json\/wp\/v2\/types\/page"}],"author":[{"embeddable":true,"href":"https:\/\/www.cfa-les3bvitre.com\/index.php\/wp-json\/wp\/v2\/users\/2"}],"replies":[{"embeddable":true,"href":"https:\/\/www.cfa-les3bvitre.com\/index.php\/wp-json\/wp\/v2\/comments?post=1124"}],"version-history":[{"count":9,"href":"https:\/\/www.cfa-les3bvitre.com\/index.php\/wp-json\/wp\/v2\/pages\/1124\/revisions"}],"predecessor-version":[{"id":3562,"href":"https:\/\/www.cfa-les3bvitre.com\/index.php\/wp-json\/wp\/v2\/pages\/1124\/revisions\/3562"}],"wp:attachment":[{"href":"https:\/\/www.cfa-les3bvitre.com\/index.php\/wp-json\/wp\/v2\/media?parent=1124"}],"curies":[{"name":"wp","href":"https:\/\/api.w.org\/{rel}","templated":true}]}}