{"id":1130,"date":"2023-01-03T12:30:52","date_gmt":"2023-01-03T11:30:52","guid":{"rendered":"https:\/\/www.cfa-les3bvitre.com\/?page_id=1130"},"modified":"2025-12-10T12:35:44","modified_gmt":"2025-12-10T11:35:44","slug":"modalites-devaluation-2","status":"publish","type":"page","link":"https:\/\/www.cfa-les3bvitre.com\/index.php\/modalites-devaluation-2\/","title":{"rendered":"MODALIT\u00c9S D&rsquo;\u00c9VALUATION SOMMELIER CAVISTE"},"content":{"rendered":"\n<div class=\"wp-block-cover\" style=\"min-height:116px;aspect-ratio:unset;\"><img loading=\"lazy\" decoding=\"async\" width=\"1024\" height=\"683\" class=\"wp-block-cover__image-background wp-image-2582\" alt=\"\" src=\"https:\/\/www.cfa-les3bvitre.com\/wp-content\/uploads\/2024\/12\/image-1024x683.png\" data-object-fit=\"cover\" srcset=\"https:\/\/www.cfa-les3bvitre.com\/wp-content\/uploads\/2024\/12\/image-1024x683.png 1024w, https:\/\/www.cfa-les3bvitre.com\/wp-content\/uploads\/2024\/12\/image-300x200.png 300w, https:\/\/www.cfa-les3bvitre.com\/wp-content\/uploads\/2024\/12\/image-768x512.png 768w, https:\/\/www.cfa-les3bvitre.com\/wp-content\/uploads\/2024\/12\/image-1200x800.png 1200w, https:\/\/www.cfa-les3bvitre.com\/wp-content\/uploads\/2024\/12\/image-600x400.png 600w, https:\/\/www.cfa-les3bvitre.com\/wp-content\/uploads\/2024\/12\/image.png 1280w\" sizes=\"auto, (max-width: 1024px) 100vw, 1024px\" \/><span aria-hidden=\"true\" class=\"wp-block-cover__background has-background-dim\"><\/span><div class=\"wp-block-cover__inner-container is-layout-flow wp-block-cover-is-layout-flow\">\n<p class=\"has-text-align-center has-large-font-size\"><\/p>\n<\/div><\/div>\n\n\n\n<div style=\"height:34px\" aria-hidden=\"true\" class=\"wp-block-spacer\"><\/div>\n\n\n\n<p class=\"has-black-color has-text-color has-link-color has-medium-font-size wp-elements-edd542503f3bf4b49990fad1e90aee62\">Bloc 1&nbsp;:&nbsp;<strong>Elaborer une offre de&nbsp;vins et autres&nbsp;produits nobles :&nbsp;<\/strong><\/p>\n\n\n\n<ul class=\"wp-block-list\">\n<li class=\"has-medium-font-size\">Mise en situation professionnelle reconstitu\u00e9e \u00e9crite portant sur la recherche et la s\u00e9lection des vins et autres boissons pour un client particulier, une boutique ou un r\u00e9seau de distribution.<\/li>\n<\/ul>\n\n\n\n<div style=\"height:32px\" aria-hidden=\"true\" class=\"wp-block-spacer\"><\/div>\n\n\n\n<p class=\"has-black-color has-text-color has-link-color has-medium-font-size wp-elements-f78b821800d2cd0456373db5fb5dca86\">Bloc 2&nbsp;:&nbsp;<strong>Assurer la vente de&nbsp;vins et autres&nbsp;produits nobles :&nbsp;<\/strong><\/p>\n\n\n\n<ul class=\"wp-block-list\">\n<li class=\"has-medium-font-size\">Mise en situation professionnelle reconstitu\u00e9e \u00e9crite et orale<\/li>\n\n\n\n<li class=\"has-medium-font-size\">Questionnaire de connaissances <\/li>\n\n\n\n<li class=\"has-medium-font-size\">portant sur le pilotage des ventes, l&rsquo;\u00e9laboration de strat\u00e9gies de commercialisation de produits de caves et la gestion de stocks.<\/li>\n<\/ul>\n\n\n\n<div style=\"height:32px\" aria-hidden=\"true\" class=\"wp-block-spacer\"><\/div>\n\n\n\n<p class=\"has-black-color has-text-color has-link-color has-medium-font-size wp-elements-63863be22f05425ca433d4c90d264752\">Bloc 3&nbsp;:&nbsp;<strong>Conseiller une offre de vins et autres produits nobles :<\/strong><\/p>\n\n\n\n<ul class=\"wp-block-list\">\n<li class=\"has-medium-font-size\">\u00c9preuve pratique d&rsquo;accords Mets et Vins \u00e9crite<\/li>\n\n\n\n<li class=\"has-medium-font-size\">\u00c9preuve pratique d&rsquo;accords Mets et Vins orale<\/li>\n\n\n\n<li class=\"has-medium-font-size\">Questionnaire de connaissances en rapport avec la d\u00e9couverte des vins et autres boissons.<\/li>\n<\/ul>\n\n\n\n<div style=\"height:32px\" aria-hidden=\"true\" class=\"wp-block-spacer\"><\/div>\n\n\n\n<p class=\"has-black-color has-text-color has-link-color has-medium-font-size wp-elements-bb4036359ca8df5a822f9452a31050c6\">Bloc 4&nbsp;:&nbsp;&nbsp;<strong>Promouvoir l\u2019offre de&nbsp;vins et autres&nbsp;produits nobles sur&nbsp;les march\u00e9s fran\u00e7ais&nbsp;et internationaux<\/strong>&nbsp;:<\/p>\n\n\n\n<ul class=\"wp-block-list\">\n<li class=\"has-medium-font-size\">R\u00e9alisation d&rsquo;un dossier de projet \u00e9v\u00e8nementiel visant \u00e0 promouvoir les vins, les sp\u00e9cialit\u00e9s culinaires et gastronomiques et autres produits sur les march\u00e9s fran\u00e7ais et internationaux.<\/li>\n\n\n\n<li class=\"has-medium-font-size\">Pr\u00e9sentation orale<\/li>\n<\/ul>\n\n\n\n<div style=\"height:32px\" aria-hidden=\"true\" class=\"wp-block-spacer\"><\/div>\n\n\n\n<p class=\"has-black-color has-text-color has-link-color has-medium-font-size wp-elements-a03015b21c420810aeee343f7e3c370a\">Bloc 5&nbsp;:&nbsp;<strong>G\u00e9rer et d\u00e9velopper une activit\u00e9 de sommelier caviste :<\/strong><\/p>\n\n\n\n<ul class=\"wp-block-list\">\n<li class=\"has-medium-font-size\">\u00c0 partir d&rsquo;un sujet \u00e9v\u00e8nementiel, pr\u00e9sentation d&rsquo;une \u00e9tude de march\u00e9, d&rsquo;un bilan pr\u00e9visionnel, d\u00e9finition d&rsquo;un seuil de rentabilit\u00e9 en rapport avec la gestion et le d\u00e9veloppement d&rsquo;une activit\u00e9 de Sommelier Caviste Ambassadeur en Gastronomie.<\/li>\n<\/ul>\n\n\n\n<div style=\"height:35px\" aria-hidden=\"true\" class=\"wp-block-spacer\"><\/div>\n\n\n\n<p class=\"has-black-color has-text-color has-link-color has-medium-font-size wp-elements-cc58bc09dc5e5a7b81ed8797b8ed8b14\">Cette formation Sommelier Caviste certifie 5 blocs de comp\u00e9tences, que les participants peuvent valider ind\u00e9pendamment les uns des autres. Les blocs acquis le sont \u00e0 vie.<\/p>\n\n\n\n<div style=\"height:32px\" aria-hidden=\"true\" class=\"wp-block-spacer\"><\/div>\n\n\n\n<p class=\"has-medium-font-size\"><em>R\u00e9f\u00e9rentiel de formation :&nbsp;<\/em><a href=\"https:\/\/www.francecompetences.fr\/recherche\/rncp\/39204\/\">RNCP39204 \u2013 Sommelier \u2013 caviste \u2013 France Comp\u00e9tences<\/a><\/p>\n\n\n\n<div style=\"height:100px\" aria-hidden=\"true\" class=\"wp-block-spacer\"><\/div>\n\n\n\n<div class=\"wp-block-buttons is-content-justification-right is-layout-flex wp-container-core-buttons-is-layout-765c4724 wp-block-buttons-is-layout-flex\">\n<div class=\"wp-block-button has-custom-width wp-block-button__width-25\"><a class=\"wp-block-button__link has-background has-small-font-size has-custom-font-size wp-element-button\" href=\"https:\/\/www.cfa-les3bvitre.com\/index.php\/passerelles-equivalences-et-poursuite-detudes-2\/\" style=\"background-color:#4aa3a2\">Voir les passerelles, \u00e9quivalences et poursuite d&rsquo;\u00e9tudes<\/a><\/div>\n<\/div>\n\n\n\n<p><\/p>\n","protected":false},"excerpt":{"rendered":"<p>Bloc 1&nbsp;:&nbsp;Elaborer une offre de&nbsp;vins et autres&nbsp;produits nobles :&nbsp; Bloc 2&nbsp;:&nbsp;Assurer la vente de&nbsp;vins et autres&nbsp;produits nobles :&nbsp; Bloc 3&nbsp;:&nbsp;Conseiller une offre de vins et autres produits nobles : Bloc 4&nbsp;:&nbsp;&nbsp;Promouvoir l\u2019offre de&nbsp;vins et autres&nbsp;produits nobles sur&nbsp;les march\u00e9s fran\u00e7ais&nbsp;et internationaux&nbsp;: Bloc 5&nbsp;:&nbsp;G\u00e9rer et d\u00e9velopper une activit\u00e9 de sommelier caviste : Cette formation Sommelier Caviste certifie [&hellip;]<\/p>\n","protected":false},"author":2,"featured_media":0,"parent":0,"menu_order":0,"comment_status":"closed","ping_status":"closed","template":"","meta":{"_regular_price":[],"currency_symbol":[],"footnotes":""},"class_list":["post-1130","page","type-page","status-publish","hentry"],"post_slider_layout_featured_media_urls":{"thumbnail":"","post_slider_layout_landscape_large":"","post_slider_layout_portrait_large":"","post_slider_layout_square_large":"","post_slider_layout_landscape":"","post_slider_layout_portrait":"","post_slider_layout_square":"","full":""},"yoast_head":"<!-- This site is optimized with the Yoast SEO plugin v27.4 - https:\/\/yoast.com\/product\/yoast-seo-wordpress\/ -->\n<title>MODALIT\u00c9S D&#039;\u00c9VALUATION SOMMELIER CAVISTE - CFA Les 3B Vitr\u00e9<\/title>\n<meta name=\"description\" content=\"Sur cette page se trouvent les modalit\u00e9s d&#039;\u00e9valuation de la formation Sommelier Caviste propos\u00e9e par le CFA les 3B \u00e0 Vitr\u00e9\" \/>\n<meta name=\"robots\" content=\"index, follow, max-snippet:-1, max-image-preview:large, max-video-preview:-1\" \/>\n<link rel=\"canonical\" href=\"https:\/\/www.cfa-les3bvitre.com\/index.php\/modalites-devaluation-2\/\" \/>\n<meta property=\"og:locale\" content=\"fr_FR\" \/>\n<meta property=\"og:type\" content=\"article\" \/>\n<meta property=\"og:title\" content=\"MODALIT\u00c9S D&#039;\u00c9VALUATION SOMMELIER CAVISTE - CFA Les 3B Vitr\u00e9\" \/>\n<meta property=\"og:description\" content=\"Sur cette page se trouvent les modalit\u00e9s d&#039;\u00e9valuation de la formation Sommelier Caviste propos\u00e9e par le CFA les 3B \u00e0 Vitr\u00e9\" \/>\n<meta property=\"og:url\" content=\"https:\/\/www.cfa-les3bvitre.com\/index.php\/modalites-devaluation-2\/\" \/>\n<meta property=\"og:site_name\" content=\"CFA Les 3B Vitr\u00e9\" \/>\n<meta property=\"article:publisher\" content=\"https:\/\/www.facebook.com\/cfales3bvitre\" \/>\n<meta property=\"article:modified_time\" content=\"2025-12-10T11:35:44+00:00\" \/>\n<meta property=\"og:image\" content=\"https:\/\/www.cfa-les3bvitre.com\/wp-content\/uploads\/2024\/12\/image.png\" \/>\n\t<meta property=\"og:image:width\" content=\"1280\" \/>\n\t<meta property=\"og:image:height\" content=\"854\" \/>\n\t<meta property=\"og:image:type\" content=\"image\/png\" \/>\n<meta name=\"twitter:card\" content=\"summary_large_image\" \/>\n<meta name=\"twitter:label1\" content=\"Dur\u00e9e de lecture estim\u00e9e\" \/>\n\t<meta name=\"twitter:data1\" content=\"2 minutes\" \/>\n<script type=\"application\/ld+json\" class=\"yoast-schema-graph\">{\"@context\":\"https:\\\/\\\/schema.org\",\"@graph\":[{\"@type\":\"WebPage\",\"@id\":\"https:\\\/\\\/www.cfa-les3bvitre.com\\\/index.php\\\/modalites-devaluation-2\\\/\",\"url\":\"https:\\\/\\\/www.cfa-les3bvitre.com\\\/index.php\\\/modalites-devaluation-2\\\/\",\"name\":\"MODALIT\u00c9S D'\u00c9VALUATION SOMMELIER CAVISTE - CFA Les 3B Vitr\u00e9\",\"isPartOf\":{\"@id\":\"https:\\\/\\\/www.cfa-les3bvitre.com\\\/#website\"},\"primaryImageOfPage\":{\"@id\":\"https:\\\/\\\/www.cfa-les3bvitre.com\\\/index.php\\\/modalites-devaluation-2\\\/#primaryimage\"},\"image\":{\"@id\":\"https:\\\/\\\/www.cfa-les3bvitre.com\\\/index.php\\\/modalites-devaluation-2\\\/#primaryimage\"},\"thumbnailUrl\":\"https:\\\/\\\/www.cfa-les3bvitre.com\\\/wp-content\\\/uploads\\\/2024\\\/12\\\/image-1024x683.png\",\"datePublished\":\"2023-01-03T11:30:52+00:00\",\"dateModified\":\"2025-12-10T11:35:44+00:00\",\"description\":\"Sur cette page se trouvent les modalit\u00e9s d'\u00e9valuation de la formation Sommelier Caviste propos\u00e9e par le CFA les 3B \u00e0 Vitr\u00e9\",\"breadcrumb\":{\"@id\":\"https:\\\/\\\/www.cfa-les3bvitre.com\\\/index.php\\\/modalites-devaluation-2\\\/#breadcrumb\"},\"inLanguage\":\"fr-FR\",\"potentialAction\":[{\"@type\":\"ReadAction\",\"target\":[\"https:\\\/\\\/www.cfa-les3bvitre.com\\\/index.php\\\/modalites-devaluation-2\\\/\"]}]},{\"@type\":\"ImageObject\",\"inLanguage\":\"fr-FR\",\"@id\":\"https:\\\/\\\/www.cfa-les3bvitre.com\\\/index.php\\\/modalites-devaluation-2\\\/#primaryimage\",\"url\":\"https:\\\/\\\/www.cfa-les3bvitre.com\\\/wp-content\\\/uploads\\\/2024\\\/12\\\/image.png\",\"contentUrl\":\"https:\\\/\\\/www.cfa-les3bvitre.com\\\/wp-content\\\/uploads\\\/2024\\\/12\\\/image.png\",\"width\":1280,\"height\":854},{\"@type\":\"BreadcrumbList\",\"@id\":\"https:\\\/\\\/www.cfa-les3bvitre.com\\\/index.php\\\/modalites-devaluation-2\\\/#breadcrumb\",\"itemListElement\":[{\"@type\":\"ListItem\",\"position\":1,\"name\":\"Accueil\",\"item\":\"https:\\\/\\\/www.cfa-les3bvitre.com\\\/\"},{\"@type\":\"ListItem\",\"position\":2,\"name\":\"MODALIT\u00c9S D&rsquo;\u00c9VALUATION SOMMELIER CAVISTE\"}]},{\"@type\":\"WebSite\",\"@id\":\"https:\\\/\\\/www.cfa-les3bvitre.com\\\/#website\",\"url\":\"https:\\\/\\\/www.cfa-les3bvitre.com\\\/\",\"name\":\"CFA Les 3B Vitr\u00e9\",\"description\":\"\",\"publisher\":{\"@id\":\"https:\\\/\\\/www.cfa-les3bvitre.com\\\/#organization\"},\"potentialAction\":[{\"@type\":\"SearchAction\",\"target\":{\"@type\":\"EntryPoint\",\"urlTemplate\":\"https:\\\/\\\/www.cfa-les3bvitre.com\\\/?s={search_term_string}\"},\"query-input\":{\"@type\":\"PropertyValueSpecification\",\"valueRequired\":true,\"valueName\":\"search_term_string\"}}],\"inLanguage\":\"fr-FR\"},{\"@type\":\"Organization\",\"@id\":\"https:\\\/\\\/www.cfa-les3bvitre.com\\\/#organization\",\"name\":\"CFA LES 3B VITR\u00c9\",\"url\":\"https:\\\/\\\/www.cfa-les3bvitre.com\\\/\",\"logo\":{\"@type\":\"ImageObject\",\"inLanguage\":\"fr-FR\",\"@id\":\"https:\\\/\\\/www.cfa-les3bvitre.com\\\/#\\\/schema\\\/logo\\\/image\\\/\",\"url\":\"https:\\\/\\\/www.cfa-les3bvitre.com\\\/wp-content\\\/uploads\\\/2022\\\/03\\\/cropped-LOGO-CFA-LES-3B-site-web-07.png\",\"contentUrl\":\"https:\\\/\\\/www.cfa-les3bvitre.com\\\/wp-content\\\/uploads\\\/2022\\\/03\\\/cropped-LOGO-CFA-LES-3B-site-web-07.png\",\"width\":240,\"height\":149,\"caption\":\"CFA LES 3B VITR\u00c9\"},\"image\":{\"@id\":\"https:\\\/\\\/www.cfa-les3bvitre.com\\\/#\\\/schema\\\/logo\\\/image\\\/\"},\"sameAs\":[\"https:\\\/\\\/www.facebook.com\\\/cfales3bvitre\",\"https:\\\/\\\/www.linkedin.com\\\/company\\\/cfa-les-3b\\\/\"]}]}<\/script>\n<!-- \/ Yoast SEO plugin. -->","yoast_head_json":{"title":"MODALIT\u00c9S D'\u00c9VALUATION SOMMELIER CAVISTE - CFA Les 3B Vitr\u00e9","description":"Sur cette page se trouvent les modalit\u00e9s d'\u00e9valuation de la formation Sommelier Caviste propos\u00e9e par le CFA les 3B \u00e0 Vitr\u00e9","robots":{"index":"index","follow":"follow","max-snippet":"max-snippet:-1","max-image-preview":"max-image-preview:large","max-video-preview":"max-video-preview:-1"},"canonical":"https:\/\/www.cfa-les3bvitre.com\/index.php\/modalites-devaluation-2\/","og_locale":"fr_FR","og_type":"article","og_title":"MODALIT\u00c9S D'\u00c9VALUATION SOMMELIER CAVISTE - CFA Les 3B Vitr\u00e9","og_description":"Sur cette page se trouvent les modalit\u00e9s d'\u00e9valuation de la formation Sommelier Caviste propos\u00e9e par le CFA les 3B \u00e0 Vitr\u00e9","og_url":"https:\/\/www.cfa-les3bvitre.com\/index.php\/modalites-devaluation-2\/","og_site_name":"CFA Les 3B Vitr\u00e9","article_publisher":"https:\/\/www.facebook.com\/cfales3bvitre","article_modified_time":"2025-12-10T11:35:44+00:00","og_image":[{"width":1280,"height":854,"url":"https:\/\/www.cfa-les3bvitre.com\/wp-content\/uploads\/2024\/12\/image.png","type":"image\/png"}],"twitter_card":"summary_large_image","twitter_misc":{"Dur\u00e9e de lecture estim\u00e9e":"2 minutes"},"schema":{"@context":"https:\/\/schema.org","@graph":[{"@type":"WebPage","@id":"https:\/\/www.cfa-les3bvitre.com\/index.php\/modalites-devaluation-2\/","url":"https:\/\/www.cfa-les3bvitre.com\/index.php\/modalites-devaluation-2\/","name":"MODALIT\u00c9S D'\u00c9VALUATION SOMMELIER CAVISTE - CFA Les 3B Vitr\u00e9","isPartOf":{"@id":"https:\/\/www.cfa-les3bvitre.com\/#website"},"primaryImageOfPage":{"@id":"https:\/\/www.cfa-les3bvitre.com\/index.php\/modalites-devaluation-2\/#primaryimage"},"image":{"@id":"https:\/\/www.cfa-les3bvitre.com\/index.php\/modalites-devaluation-2\/#primaryimage"},"thumbnailUrl":"https:\/\/www.cfa-les3bvitre.com\/wp-content\/uploads\/2024\/12\/image-1024x683.png","datePublished":"2023-01-03T11:30:52+00:00","dateModified":"2025-12-10T11:35:44+00:00","description":"Sur cette page se trouvent les modalit\u00e9s d'\u00e9valuation de la formation Sommelier Caviste propos\u00e9e par le CFA les 3B \u00e0 Vitr\u00e9","breadcrumb":{"@id":"https:\/\/www.cfa-les3bvitre.com\/index.php\/modalites-devaluation-2\/#breadcrumb"},"inLanguage":"fr-FR","potentialAction":[{"@type":"ReadAction","target":["https:\/\/www.cfa-les3bvitre.com\/index.php\/modalites-devaluation-2\/"]}]},{"@type":"ImageObject","inLanguage":"fr-FR","@id":"https:\/\/www.cfa-les3bvitre.com\/index.php\/modalites-devaluation-2\/#primaryimage","url":"https:\/\/www.cfa-les3bvitre.com\/wp-content\/uploads\/2024\/12\/image.png","contentUrl":"https:\/\/www.cfa-les3bvitre.com\/wp-content\/uploads\/2024\/12\/image.png","width":1280,"height":854},{"@type":"BreadcrumbList","@id":"https:\/\/www.cfa-les3bvitre.com\/index.php\/modalites-devaluation-2\/#breadcrumb","itemListElement":[{"@type":"ListItem","position":1,"name":"Accueil","item":"https:\/\/www.cfa-les3bvitre.com\/"},{"@type":"ListItem","position":2,"name":"MODALIT\u00c9S D&rsquo;\u00c9VALUATION SOMMELIER CAVISTE"}]},{"@type":"WebSite","@id":"https:\/\/www.cfa-les3bvitre.com\/#website","url":"https:\/\/www.cfa-les3bvitre.com\/","name":"CFA Les 3B Vitr\u00e9","description":"","publisher":{"@id":"https:\/\/www.cfa-les3bvitre.com\/#organization"},"potentialAction":[{"@type":"SearchAction","target":{"@type":"EntryPoint","urlTemplate":"https:\/\/www.cfa-les3bvitre.com\/?s={search_term_string}"},"query-input":{"@type":"PropertyValueSpecification","valueRequired":true,"valueName":"search_term_string"}}],"inLanguage":"fr-FR"},{"@type":"Organization","@id":"https:\/\/www.cfa-les3bvitre.com\/#organization","name":"CFA LES 3B VITR\u00c9","url":"https:\/\/www.cfa-les3bvitre.com\/","logo":{"@type":"ImageObject","inLanguage":"fr-FR","@id":"https:\/\/www.cfa-les3bvitre.com\/#\/schema\/logo\/image\/","url":"https:\/\/www.cfa-les3bvitre.com\/wp-content\/uploads\/2022\/03\/cropped-LOGO-CFA-LES-3B-site-web-07.png","contentUrl":"https:\/\/www.cfa-les3bvitre.com\/wp-content\/uploads\/2022\/03\/cropped-LOGO-CFA-LES-3B-site-web-07.png","width":240,"height":149,"caption":"CFA LES 3B VITR\u00c9"},"image":{"@id":"https:\/\/www.cfa-les3bvitre.com\/#\/schema\/logo\/image\/"},"sameAs":["https:\/\/www.facebook.com\/cfales3bvitre","https:\/\/www.linkedin.com\/company\/cfa-les-3b\/"]}]}},"_links":{"self":[{"href":"https:\/\/www.cfa-les3bvitre.com\/index.php\/wp-json\/wp\/v2\/pages\/1130","targetHints":{"allow":["GET"]}}],"collection":[{"href":"https:\/\/www.cfa-les3bvitre.com\/index.php\/wp-json\/wp\/v2\/pages"}],"about":[{"href":"https:\/\/www.cfa-les3bvitre.com\/index.php\/wp-json\/wp\/v2\/types\/page"}],"author":[{"embeddable":true,"href":"https:\/\/www.cfa-les3bvitre.com\/index.php\/wp-json\/wp\/v2\/users\/2"}],"replies":[{"embeddable":true,"href":"https:\/\/www.cfa-les3bvitre.com\/index.php\/wp-json\/wp\/v2\/comments?post=1130"}],"version-history":[{"count":22,"href":"https:\/\/www.cfa-les3bvitre.com\/index.php\/wp-json\/wp\/v2\/pages\/1130\/revisions"}],"predecessor-version":[{"id":3878,"href":"https:\/\/www.cfa-les3bvitre.com\/index.php\/wp-json\/wp\/v2\/pages\/1130\/revisions\/3878"}],"wp:attachment":[{"href":"https:\/\/www.cfa-les3bvitre.com\/index.php\/wp-json\/wp\/v2\/media?parent=1130"}],"curies":[{"name":"wp","href":"https:\/\/api.w.org\/{rel}","templated":true}]}}