{"id":1133,"date":"2023-01-03T12:32:13","date_gmt":"2023-01-03T11:32:13","guid":{"rendered":"https:\/\/www.cfa-les3bvitre.com\/?page_id=1133"},"modified":"2025-12-09T17:58:56","modified_gmt":"2025-12-09T16:58:56","slug":"passerelles-equivalences-et-poursuite-detudes-2","status":"publish","type":"page","link":"https:\/\/www.cfa-les3bvitre.com\/index.php\/passerelles-equivalences-et-poursuite-detudes-2\/","title":{"rendered":"PASSERELLES, \u00c9QUIVALENCES ET POURSUITE D\u2019\u00c9TUDES"},"content":{"rendered":"\n<p class=\"has-black-color has-text-color has-link-color has-medium-font-size wp-elements-bebf2577e7985a14cf4ec755c229816a\">Aucune passerelle ni \u00e9quivalence ne sont possibles avec d\u2019autres certifications.<\/p>\n\n\n\n<p class=\"has-black-color has-text-color has-link-color has-medium-font-size wp-elements-980c37884da1ad5cca95a7e71628eab4\">Concernant la poursuite d\u2019\u00e9tudes :<\/p>\n\n\n\n<div class=\"wp-block-group is-vertical is-layout-flex wp-container-core-group-is-layout-8cf370e7 wp-block-group-is-layout-flex\">\n<ul class=\"wp-block-list\">\n<li class=\"has-medium-font-size\"><a href=\"https:\/\/www.onisep.fr\/ressources\/univers-formation\/formations\/post-bac\/btsa-technico-commercial-option-vins-bieres-et-spiritueux\">BTS Technico-commercial en vins et spiritueux<\/a>.<\/li>\n\n\n\n<li class=\"has-medium-font-size\"><a href=\"https:\/\/www.cfa-les3bvitre.com\/index.php\/formation-bierologue-zythologue\/\">Formation de Bi\u00e9rologue Zythologue.<\/a><\/li>\n<\/ul>\n<\/div>\n\n\n\n<div style=\"height:100px\" aria-hidden=\"true\" class=\"wp-block-spacer\"><\/div>\n\n\n\n<div class=\"wp-block-buttons is-content-justification-right is-layout-flex wp-container-core-buttons-is-layout-765c4724 wp-block-buttons-is-layout-flex\">\n<div class=\"wp-block-button has-custom-width wp-block-button__width-25 is-style-fill\"><a class=\"wp-block-button__link has-white-color has-text-color has-background has-link-color has-small-font-size has-custom-font-size wp-element-button\" href=\"https:\/\/www.cfa-les3bvitre.com\/index.php\/public-concerne-pre-requis-2\/\" style=\"background-color:#4aa3a2\"><strong>Voir le public concern\u00e9 et les pr\u00e9-requis<\/strong><\/a><\/div>\n<\/div>\n\n\n\n<p><\/p>\n","protected":false},"excerpt":{"rendered":"<p>Aucune passerelle ni \u00e9quivalence ne sont possibles avec d\u2019autres certifications. Concernant la poursuite d\u2019\u00e9tudes :<\/p>\n","protected":false},"author":2,"featured_media":0,"parent":0,"menu_order":0,"comment_status":"closed","ping_status":"closed","template":"","meta":{"_regular_price":[],"currency_symbol":[],"footnotes":""},"class_list":["post-1133","page","type-page","status-publish","hentry"],"post_slider_layout_featured_media_urls":{"thumbnail":"","post_slider_layout_landscape_large":"","post_slider_layout_portrait_large":"","post_slider_layout_square_large":"","post_slider_layout_landscape":"","post_slider_layout_portrait":"","post_slider_layout_square":"","full":""},"yoast_head":"<!-- This site is optimized with the Yoast SEO plugin v27.4 - https:\/\/yoast.com\/product\/yoast-seo-wordpress\/ -->\n<title>PASSERELLES, \u00c9QUIVALENCES ET POURSUITE D\u2019\u00c9TUDES - CFA Les 3B Vitr\u00e9<\/title>\n<meta name=\"description\" content=\"Dans cette page se trouve la pr\u00e9sentation des poursuites d&#039;\u00e9tudes, passerelles et \u00e9quivalences pour la formation Sommelier Caviste\" \/>\n<meta name=\"robots\" content=\"index, follow, max-snippet:-1, max-image-preview:large, max-video-preview:-1\" \/>\n<link rel=\"canonical\" href=\"https:\/\/www.cfa-les3bvitre.com\/index.php\/passerelles-equivalences-et-poursuite-detudes-2\/\" \/>\n<meta property=\"og:locale\" content=\"fr_FR\" \/>\n<meta property=\"og:type\" content=\"article\" \/>\n<meta property=\"og:title\" content=\"PASSERELLES, \u00c9QUIVALENCES ET POURSUITE D\u2019\u00c9TUDES - CFA Les 3B Vitr\u00e9\" \/>\n<meta property=\"og:description\" content=\"Dans cette page se trouve la pr\u00e9sentation des poursuites d&#039;\u00e9tudes, passerelles et \u00e9quivalences pour la formation Sommelier Caviste\" \/>\n<meta property=\"og:url\" content=\"https:\/\/www.cfa-les3bvitre.com\/index.php\/passerelles-equivalences-et-poursuite-detudes-2\/\" \/>\n<meta property=\"og:site_name\" content=\"CFA Les 3B Vitr\u00e9\" \/>\n<meta property=\"article:publisher\" content=\"https:\/\/www.facebook.com\/cfales3bvitre\" \/>\n<meta property=\"article:modified_time\" content=\"2025-12-09T16:58:56+00:00\" \/>\n<meta name=\"twitter:card\" content=\"summary_large_image\" \/>\n<meta name=\"twitter:label1\" content=\"Dur\u00e9e de lecture estim\u00e9e\" \/>\n\t<meta name=\"twitter:data1\" content=\"1 minute\" \/>\n<script type=\"application\/ld+json\" class=\"yoast-schema-graph\">{\"@context\":\"https:\\\/\\\/schema.org\",\"@graph\":[{\"@type\":\"WebPage\",\"@id\":\"https:\\\/\\\/www.cfa-les3bvitre.com\\\/index.php\\\/passerelles-equivalences-et-poursuite-detudes-2\\\/\",\"url\":\"https:\\\/\\\/www.cfa-les3bvitre.com\\\/index.php\\\/passerelles-equivalences-et-poursuite-detudes-2\\\/\",\"name\":\"PASSERELLES, \u00c9QUIVALENCES ET POURSUITE D\u2019\u00c9TUDES - CFA Les 3B Vitr\u00e9\",\"isPartOf\":{\"@id\":\"https:\\\/\\\/www.cfa-les3bvitre.com\\\/#website\"},\"datePublished\":\"2023-01-03T11:32:13+00:00\",\"dateModified\":\"2025-12-09T16:58:56+00:00\",\"description\":\"Dans cette page se trouve la pr\u00e9sentation des poursuites d'\u00e9tudes, passerelles et \u00e9quivalences pour la formation Sommelier Caviste\",\"breadcrumb\":{\"@id\":\"https:\\\/\\\/www.cfa-les3bvitre.com\\\/index.php\\\/passerelles-equivalences-et-poursuite-detudes-2\\\/#breadcrumb\"},\"inLanguage\":\"fr-FR\",\"potentialAction\":[{\"@type\":\"ReadAction\",\"target\":[\"https:\\\/\\\/www.cfa-les3bvitre.com\\\/index.php\\\/passerelles-equivalences-et-poursuite-detudes-2\\\/\"]}]},{\"@type\":\"BreadcrumbList\",\"@id\":\"https:\\\/\\\/www.cfa-les3bvitre.com\\\/index.php\\\/passerelles-equivalences-et-poursuite-detudes-2\\\/#breadcrumb\",\"itemListElement\":[{\"@type\":\"ListItem\",\"position\":1,\"name\":\"Accueil\",\"item\":\"https:\\\/\\\/www.cfa-les3bvitre.com\\\/\"},{\"@type\":\"ListItem\",\"position\":2,\"name\":\"PASSERELLES, \u00c9QUIVALENCES ET POURSUITE D\u2019\u00c9TUDES\"}]},{\"@type\":\"WebSite\",\"@id\":\"https:\\\/\\\/www.cfa-les3bvitre.com\\\/#website\",\"url\":\"https:\\\/\\\/www.cfa-les3bvitre.com\\\/\",\"name\":\"CFA Les 3B Vitr\u00e9\",\"description\":\"\",\"publisher\":{\"@id\":\"https:\\\/\\\/www.cfa-les3bvitre.com\\\/#organization\"},\"potentialAction\":[{\"@type\":\"SearchAction\",\"target\":{\"@type\":\"EntryPoint\",\"urlTemplate\":\"https:\\\/\\\/www.cfa-les3bvitre.com\\\/?s={search_term_string}\"},\"query-input\":{\"@type\":\"PropertyValueSpecification\",\"valueRequired\":true,\"valueName\":\"search_term_string\"}}],\"inLanguage\":\"fr-FR\"},{\"@type\":\"Organization\",\"@id\":\"https:\\\/\\\/www.cfa-les3bvitre.com\\\/#organization\",\"name\":\"CFA LES 3B VITR\u00c9\",\"url\":\"https:\\\/\\\/www.cfa-les3bvitre.com\\\/\",\"logo\":{\"@type\":\"ImageObject\",\"inLanguage\":\"fr-FR\",\"@id\":\"https:\\\/\\\/www.cfa-les3bvitre.com\\\/#\\\/schema\\\/logo\\\/image\\\/\",\"url\":\"https:\\\/\\\/www.cfa-les3bvitre.com\\\/wp-content\\\/uploads\\\/2022\\\/03\\\/cropped-LOGO-CFA-LES-3B-site-web-07.png\",\"contentUrl\":\"https:\\\/\\\/www.cfa-les3bvitre.com\\\/wp-content\\\/uploads\\\/2022\\\/03\\\/cropped-LOGO-CFA-LES-3B-site-web-07.png\",\"width\":240,\"height\":149,\"caption\":\"CFA LES 3B VITR\u00c9\"},\"image\":{\"@id\":\"https:\\\/\\\/www.cfa-les3bvitre.com\\\/#\\\/schema\\\/logo\\\/image\\\/\"},\"sameAs\":[\"https:\\\/\\\/www.facebook.com\\\/cfales3bvitre\",\"https:\\\/\\\/www.linkedin.com\\\/company\\\/cfa-les-3b\\\/\"]}]}<\/script>\n<!-- \/ Yoast SEO plugin. -->","yoast_head_json":{"title":"PASSERELLES, \u00c9QUIVALENCES ET POURSUITE D\u2019\u00c9TUDES - CFA Les 3B Vitr\u00e9","description":"Dans cette page se trouve la pr\u00e9sentation des poursuites d'\u00e9tudes, passerelles et \u00e9quivalences pour la formation Sommelier Caviste","robots":{"index":"index","follow":"follow","max-snippet":"max-snippet:-1","max-image-preview":"max-image-preview:large","max-video-preview":"max-video-preview:-1"},"canonical":"https:\/\/www.cfa-les3bvitre.com\/index.php\/passerelles-equivalences-et-poursuite-detudes-2\/","og_locale":"fr_FR","og_type":"article","og_title":"PASSERELLES, \u00c9QUIVALENCES ET POURSUITE D\u2019\u00c9TUDES - CFA Les 3B Vitr\u00e9","og_description":"Dans cette page se trouve la pr\u00e9sentation des poursuites d'\u00e9tudes, passerelles et \u00e9quivalences pour la formation Sommelier Caviste","og_url":"https:\/\/www.cfa-les3bvitre.com\/index.php\/passerelles-equivalences-et-poursuite-detudes-2\/","og_site_name":"CFA Les 3B Vitr\u00e9","article_publisher":"https:\/\/www.facebook.com\/cfales3bvitre","article_modified_time":"2025-12-09T16:58:56+00:00","twitter_card":"summary_large_image","twitter_misc":{"Dur\u00e9e de lecture estim\u00e9e":"1 minute"},"schema":{"@context":"https:\/\/schema.org","@graph":[{"@type":"WebPage","@id":"https:\/\/www.cfa-les3bvitre.com\/index.php\/passerelles-equivalences-et-poursuite-detudes-2\/","url":"https:\/\/www.cfa-les3bvitre.com\/index.php\/passerelles-equivalences-et-poursuite-detudes-2\/","name":"PASSERELLES, \u00c9QUIVALENCES ET POURSUITE D\u2019\u00c9TUDES - CFA Les 3B Vitr\u00e9","isPartOf":{"@id":"https:\/\/www.cfa-les3bvitre.com\/#website"},"datePublished":"2023-01-03T11:32:13+00:00","dateModified":"2025-12-09T16:58:56+00:00","description":"Dans cette page se trouve la pr\u00e9sentation des poursuites d'\u00e9tudes, passerelles et \u00e9quivalences pour la formation Sommelier Caviste","breadcrumb":{"@id":"https:\/\/www.cfa-les3bvitre.com\/index.php\/passerelles-equivalences-et-poursuite-detudes-2\/#breadcrumb"},"inLanguage":"fr-FR","potentialAction":[{"@type":"ReadAction","target":["https:\/\/www.cfa-les3bvitre.com\/index.php\/passerelles-equivalences-et-poursuite-detudes-2\/"]}]},{"@type":"BreadcrumbList","@id":"https:\/\/www.cfa-les3bvitre.com\/index.php\/passerelles-equivalences-et-poursuite-detudes-2\/#breadcrumb","itemListElement":[{"@type":"ListItem","position":1,"name":"Accueil","item":"https:\/\/www.cfa-les3bvitre.com\/"},{"@type":"ListItem","position":2,"name":"PASSERELLES, \u00c9QUIVALENCES ET POURSUITE D\u2019\u00c9TUDES"}]},{"@type":"WebSite","@id":"https:\/\/www.cfa-les3bvitre.com\/#website","url":"https:\/\/www.cfa-les3bvitre.com\/","name":"CFA Les 3B Vitr\u00e9","description":"","publisher":{"@id":"https:\/\/www.cfa-les3bvitre.com\/#organization"},"potentialAction":[{"@type":"SearchAction","target":{"@type":"EntryPoint","urlTemplate":"https:\/\/www.cfa-les3bvitre.com\/?s={search_term_string}"},"query-input":{"@type":"PropertyValueSpecification","valueRequired":true,"valueName":"search_term_string"}}],"inLanguage":"fr-FR"},{"@type":"Organization","@id":"https:\/\/www.cfa-les3bvitre.com\/#organization","name":"CFA LES 3B VITR\u00c9","url":"https:\/\/www.cfa-les3bvitre.com\/","logo":{"@type":"ImageObject","inLanguage":"fr-FR","@id":"https:\/\/www.cfa-les3bvitre.com\/#\/schema\/logo\/image\/","url":"https:\/\/www.cfa-les3bvitre.com\/wp-content\/uploads\/2022\/03\/cropped-LOGO-CFA-LES-3B-site-web-07.png","contentUrl":"https:\/\/www.cfa-les3bvitre.com\/wp-content\/uploads\/2022\/03\/cropped-LOGO-CFA-LES-3B-site-web-07.png","width":240,"height":149,"caption":"CFA LES 3B VITR\u00c9"},"image":{"@id":"https:\/\/www.cfa-les3bvitre.com\/#\/schema\/logo\/image\/"},"sameAs":["https:\/\/www.facebook.com\/cfales3bvitre","https:\/\/www.linkedin.com\/company\/cfa-les-3b\/"]}]}},"_links":{"self":[{"href":"https:\/\/www.cfa-les3bvitre.com\/index.php\/wp-json\/wp\/v2\/pages\/1133","targetHints":{"allow":["GET"]}}],"collection":[{"href":"https:\/\/www.cfa-les3bvitre.com\/index.php\/wp-json\/wp\/v2\/pages"}],"about":[{"href":"https:\/\/www.cfa-les3bvitre.com\/index.php\/wp-json\/wp\/v2\/types\/page"}],"author":[{"embeddable":true,"href":"https:\/\/www.cfa-les3bvitre.com\/index.php\/wp-json\/wp\/v2\/users\/2"}],"replies":[{"embeddable":true,"href":"https:\/\/www.cfa-les3bvitre.com\/index.php\/wp-json\/wp\/v2\/comments?post=1133"}],"version-history":[{"count":12,"href":"https:\/\/www.cfa-les3bvitre.com\/index.php\/wp-json\/wp\/v2\/pages\/1133\/revisions"}],"predecessor-version":[{"id":3852,"href":"https:\/\/www.cfa-les3bvitre.com\/index.php\/wp-json\/wp\/v2\/pages\/1133\/revisions\/3852"}],"wp:attachment":[{"href":"https:\/\/www.cfa-les3bvitre.com\/index.php\/wp-json\/wp\/v2\/media?parent=1133"}],"curies":[{"name":"wp","href":"https:\/\/api.w.org\/{rel}","templated":true}]}}