{"id":1136,"date":"2023-01-03T12:34:05","date_gmt":"2023-01-03T11:34:05","guid":{"rendered":"https:\/\/www.cfa-les3bvitre.com\/?page_id=1136"},"modified":"2026-01-13T17:02:38","modified_gmt":"2026-01-13T16:02:38","slug":"public-concerne-pre-requis-2","status":"publish","type":"page","link":"https:\/\/www.cfa-les3bvitre.com\/index.php\/public-concerne-pre-requis-2\/","title":{"rendered":"PUBLIC CONCERN\u00c9 ET PR\u00c9-REQUIS"},"content":{"rendered":"\n<p class=\"has-black-color has-text-color has-link-color wp-elements-be1a1169178755fd5aca4f74dc3cadad\" style=\"font-size:22px;text-decoration:underline\">Pr\u00e9-requis recommand\u00e9s du certificateur :<\/p>\n\n\n\n<p class=\"has-black-color has-text-color has-link-color has-medium-font-size wp-elements-9ea9de3557edab6b4469dff93e6affdc\"><\/p>\n\n\n\n<ul class=\"wp-block-list\">\n<li class=\"has-black-color has-text-color has-link-color wp-elements-d1b1c7712b4602f0d5e54709aece6e81\" style=\"font-size:20px\">\u00catre en mesure de ma\u00eetriser les fondamentaux du service en salle<\/li>\n\n\n\n<li class=\"has-black-color has-text-color has-link-color wp-elements-432c5ae402b43cdf98dede7bd9513803\" style=\"font-size:20px\">\u00catre capable d&rsquo;accueillir la client\u00e8le de l&rsquo;\u00e9tablissement<\/li>\n\n\n\n<li class=\"has-black-color has-text-color has-link-color wp-elements-6558a8797cd3846e208bc3b801b91e89\" style=\"font-size:20px\">\u00catre sensible \u00e0 la culture du vin<\/li>\n\n\n\n<li class=\"has-black-color has-text-color has-link-color wp-elements-0ef74e20874318511d40ca584a339e1d\" style=\"font-size:20px\">Pr\u00e9-requis technique : avoir un ordinateur et une connexion Internet<\/li>\n<\/ul>\n\n\n\n<p class=\"has-black-color has-text-color has-link-color wp-elements-94bd921abb1f86c8fbd8579db4d55035\" style=\"font-size:22px;text-decoration:underline\">Pr\u00e9-requis du CFA : <\/p>\n\n\n\n<ul class=\"wp-block-list\">\n<li class=\"has-black-color has-text-color has-link-color wp-elements-56738b4e02b2a7830604b39e1c29a444\" style=\"font-size:20px\">\u00catre majeur.e<\/li>\n\n\n\n<li class=\"has-black-color has-text-color has-link-color wp-elements-3b528594846a97f51f71f8b33fadc700\" style=\"font-size:20px\">Justifier d&rsquo;un niveau fran\u00e7ais B2 minimum (selon CECRL)<\/li>\n\n\n\n<li class=\"has-black-color has-text-color has-link-color wp-elements-d15a48940f26d439cfb28c25fdf055b3\" style=\"font-size:20px\">Avoir un projet professionnel dans le monde du vin<\/li>\n<\/ul>\n\n\n\n<div style=\"height:34px\" aria-hidden=\"true\" class=\"wp-block-spacer\"><\/div>\n\n\n\n<p class=\"has-black-color has-text-color has-link-color wp-elements-3efcfa6737171c2f36d3387bccb98c5e\" style=\"font-size:20px\">Le nombre maximum de participants est fix\u00e9 \u00e0 25 pour garantir des m\u00e9thodes p\u00e9dagogiques participatives.<\/p>\n\n\n\n<p><\/p>\n\n\n\n<p class=\"has-black-color has-text-color has-link-color has-medium-font-size wp-elements-753b28cb19f183b55197855fdd811bc2\">Dans le cas d&rsquo;une reconnaissance de qualit\u00e9 de travailleur handicap\u00e9, merci de bien vouloir nous contacter par mail \u00e0&nbsp;<strong><a href=\"mailto:secretariat@cfales3b.fr\">secretariat@cfales3b.fr<\/a><\/strong>&nbsp;ou par t\u00e9l\u00e9phone au <strong>07.57.54.03.39<\/strong> pour \u00e9tudier ensemble les possibilit\u00e9s d\u2019am\u00e9nagement.<\/p>\n\n\n\n<p class=\"has-black-color has-text-color has-link-color has-medium-font-size wp-elements-8726081e846a39f441ddc3f26de6ba38\">Nos locaux sont accessibles aux personnes en situation de handicap.<\/p>\n\n\n\n<p class=\"has-black-color has-text-color has-link-color has-medium-font-size wp-elements-4d41b6c39e2523718dfe7c9dc47352a7\">Vous trouverez ci-joint le livret d\u2019accueil pour les personnes en situation de handicap \u00e0\u00a0<em><strong><a href=\"https:\/\/www.cfa-les3bvitre.com\/wp-content\/uploads\/2026\/01\/LIVRET-ACCUEIL-PSH-APPRENTIS_SITE.pdf\" target=\"_blank\" rel=\"noreferrer noopener\">consulter<\/a><\/strong><\/em>.<\/p>\n\n\n\n<div style=\"height:100px\" aria-hidden=\"true\" class=\"wp-block-spacer\"><\/div>\n\n\n\n<div class=\"wp-block-buttons is-content-justification-center is-nowrap is-layout-flex wp-container-core-buttons-is-layout-1fb9aab6 wp-block-buttons-is-layout-flex\">\n<div class=\"wp-block-button has-custom-width wp-block-button__width-75 is-style-fill\"><a class=\"wp-block-button__link has-white-color has-text-color has-background has-link-color wp-element-button\" href=\"https:\/\/www.cfa-les3bvitre.com\/index.php\/modalites-pedagogiques-sommelier-caviste\/\" style=\"background-color:#4aa3a2\"><strong>Voir les modalit\u00e9s p\u00e9dagogiques<\/strong><\/a><\/div>\n<\/div>\n\n\n\n<p><\/p>\n","protected":false},"excerpt":{"rendered":"<p>Pr\u00e9-requis recommand\u00e9s du certificateur : Pr\u00e9-requis du CFA : Le nombre maximum de participants est fix\u00e9 \u00e0 25 pour garantir des m\u00e9thodes p\u00e9dagogiques participatives. Dans le cas d&rsquo;une reconnaissance de qualit\u00e9 de travailleur handicap\u00e9, merci de bien vouloir nous contacter par mail \u00e0&nbsp;secretariat@cfales3b.fr&nbsp;ou par t\u00e9l\u00e9phone au 07.57.54.03.39 pour \u00e9tudier ensemble les possibilit\u00e9s d\u2019am\u00e9nagement. Nos locaux [&hellip;]<\/p>\n","protected":false},"author":2,"featured_media":0,"parent":0,"menu_order":0,"comment_status":"closed","ping_status":"closed","template":"","meta":{"_eb_attr":"","_regular_price":[],"currency_symbol":[],"footnotes":""},"class_list":["post-1136","page","type-page","status-publish","hentry"],"post_slider_layout_featured_media_urls":{"thumbnail":"","post_slider_layout_landscape_large":"","post_slider_layout_portrait_large":"","post_slider_layout_square_large":"","post_slider_layout_landscape":"","post_slider_layout_portrait":"","post_slider_layout_square":"","full":""},"yoast_head":"<!-- This site is optimized with the Yoast SEO plugin v27.6 - https:\/\/yoast.com\/product\/yoast-seo-wordpress\/ -->\n<title>PUBLIC CONCERN\u00c9 ET PR\u00c9-REQUIS - CFA Les 3B Vitr\u00e9<\/title>\n<meta name=\"description\" content=\"Dans cette page se trouvent le public concern\u00e9 et pr\u00e9-requis de la formation Sommelier Caviste propos\u00e9e par le CFA les 3B \u00e0 Vitr\u00e9\" \/>\n<meta name=\"robots\" content=\"index, follow, max-snippet:-1, max-image-preview:large, max-video-preview:-1\" \/>\n<link rel=\"canonical\" href=\"https:\/\/www.cfa-les3bvitre.com\/index.php\/public-concerne-pre-requis-2\/\" \/>\n<meta property=\"og:locale\" content=\"fr_FR\" \/>\n<meta property=\"og:type\" content=\"article\" \/>\n<meta property=\"og:title\" content=\"PUBLIC CONCERN\u00c9 ET PR\u00c9-REQUIS - CFA Les 3B Vitr\u00e9\" \/>\n<meta property=\"og:description\" content=\"Dans cette page se trouvent le public concern\u00e9 et pr\u00e9-requis de la formation Sommelier Caviste propos\u00e9e par le CFA les 3B \u00e0 Vitr\u00e9\" \/>\n<meta property=\"og:url\" content=\"https:\/\/www.cfa-les3bvitre.com\/index.php\/public-concerne-pre-requis-2\/\" \/>\n<meta property=\"og:site_name\" content=\"CFA Les 3B Vitr\u00e9\" \/>\n<meta property=\"article:publisher\" content=\"https:\/\/www.facebook.com\/cfales3bvitre\" \/>\n<meta property=\"article:modified_time\" content=\"2026-01-13T16:02:38+00:00\" \/>\n<meta name=\"twitter:card\" content=\"summary_large_image\" \/>\n<meta name=\"twitter:label1\" content=\"Dur\u00e9e de lecture estim\u00e9e\" \/>\n\t<meta name=\"twitter:data1\" content=\"1 minute\" \/>\n<script type=\"application\/ld+json\" class=\"yoast-schema-graph\">{\"@context\":\"https:\\\/\\\/schema.org\",\"@graph\":[{\"@type\":\"WebPage\",\"@id\":\"https:\\\/\\\/www.cfa-les3bvitre.com\\\/index.php\\\/public-concerne-pre-requis-2\\\/\",\"url\":\"https:\\\/\\\/www.cfa-les3bvitre.com\\\/index.php\\\/public-concerne-pre-requis-2\\\/\",\"name\":\"PUBLIC CONCERN\u00c9 ET PR\u00c9-REQUIS - CFA Les 3B Vitr\u00e9\",\"isPartOf\":{\"@id\":\"https:\\\/\\\/www.cfa-les3bvitre.com\\\/#website\"},\"datePublished\":\"2023-01-03T11:34:05+00:00\",\"dateModified\":\"2026-01-13T16:02:38+00:00\",\"description\":\"Dans cette page se trouvent le public concern\u00e9 et pr\u00e9-requis de la formation Sommelier Caviste propos\u00e9e par le CFA les 3B \u00e0 Vitr\u00e9\",\"breadcrumb\":{\"@id\":\"https:\\\/\\\/www.cfa-les3bvitre.com\\\/index.php\\\/public-concerne-pre-requis-2\\\/#breadcrumb\"},\"inLanguage\":\"fr-FR\",\"potentialAction\":[{\"@type\":\"ReadAction\",\"target\":[\"https:\\\/\\\/www.cfa-les3bvitre.com\\\/index.php\\\/public-concerne-pre-requis-2\\\/\"]}]},{\"@type\":\"BreadcrumbList\",\"@id\":\"https:\\\/\\\/www.cfa-les3bvitre.com\\\/index.php\\\/public-concerne-pre-requis-2\\\/#breadcrumb\",\"itemListElement\":[{\"@type\":\"ListItem\",\"position\":1,\"name\":\"Accueil\",\"item\":\"https:\\\/\\\/www.cfa-les3bvitre.com\\\/\"},{\"@type\":\"ListItem\",\"position\":2,\"name\":\"PUBLIC CONCERN\u00c9 ET PR\u00c9-REQUIS\"}]},{\"@type\":\"WebSite\",\"@id\":\"https:\\\/\\\/www.cfa-les3bvitre.com\\\/#website\",\"url\":\"https:\\\/\\\/www.cfa-les3bvitre.com\\\/\",\"name\":\"CFA Les 3B Vitr\u00e9\",\"description\":\"\",\"publisher\":{\"@id\":\"https:\\\/\\\/www.cfa-les3bvitre.com\\\/#organization\"},\"potentialAction\":[{\"@type\":\"SearchAction\",\"target\":{\"@type\":\"EntryPoint\",\"urlTemplate\":\"https:\\\/\\\/www.cfa-les3bvitre.com\\\/?s={search_term_string}\"},\"query-input\":{\"@type\":\"PropertyValueSpecification\",\"valueRequired\":true,\"valueName\":\"search_term_string\"}}],\"inLanguage\":\"fr-FR\"},{\"@type\":\"Organization\",\"@id\":\"https:\\\/\\\/www.cfa-les3bvitre.com\\\/#organization\",\"name\":\"CFA LES 3B VITR\u00c9\",\"url\":\"https:\\\/\\\/www.cfa-les3bvitre.com\\\/\",\"logo\":{\"@type\":\"ImageObject\",\"inLanguage\":\"fr-FR\",\"@id\":\"https:\\\/\\\/www.cfa-les3bvitre.com\\\/#\\\/schema\\\/logo\\\/image\\\/\",\"url\":\"https:\\\/\\\/www.cfa-les3bvitre.com\\\/wp-content\\\/uploads\\\/2022\\\/03\\\/cropped-LOGO-CFA-LES-3B-site-web-07.png\",\"contentUrl\":\"https:\\\/\\\/www.cfa-les3bvitre.com\\\/wp-content\\\/uploads\\\/2022\\\/03\\\/cropped-LOGO-CFA-LES-3B-site-web-07.png\",\"width\":240,\"height\":149,\"caption\":\"CFA LES 3B VITR\u00c9\"},\"image\":{\"@id\":\"https:\\\/\\\/www.cfa-les3bvitre.com\\\/#\\\/schema\\\/logo\\\/image\\\/\"},\"sameAs\":[\"https:\\\/\\\/www.facebook.com\\\/cfales3bvitre\",\"https:\\\/\\\/www.linkedin.com\\\/company\\\/cfa-les-3b\\\/\"]}]}<\/script>\n<!-- \/ Yoast SEO plugin. -->","yoast_head_json":{"title":"PUBLIC CONCERN\u00c9 ET PR\u00c9-REQUIS - CFA Les 3B Vitr\u00e9","description":"Dans cette page se trouvent le public concern\u00e9 et pr\u00e9-requis de la formation Sommelier Caviste propos\u00e9e par le CFA les 3B \u00e0 Vitr\u00e9","robots":{"index":"index","follow":"follow","max-snippet":"max-snippet:-1","max-image-preview":"max-image-preview:large","max-video-preview":"max-video-preview:-1"},"canonical":"https:\/\/www.cfa-les3bvitre.com\/index.php\/public-concerne-pre-requis-2\/","og_locale":"fr_FR","og_type":"article","og_title":"PUBLIC CONCERN\u00c9 ET PR\u00c9-REQUIS - CFA Les 3B Vitr\u00e9","og_description":"Dans cette page se trouvent le public concern\u00e9 et pr\u00e9-requis de la formation Sommelier Caviste propos\u00e9e par le CFA les 3B \u00e0 Vitr\u00e9","og_url":"https:\/\/www.cfa-les3bvitre.com\/index.php\/public-concerne-pre-requis-2\/","og_site_name":"CFA Les 3B Vitr\u00e9","article_publisher":"https:\/\/www.facebook.com\/cfales3bvitre","article_modified_time":"2026-01-13T16:02:38+00:00","twitter_card":"summary_large_image","twitter_misc":{"Dur\u00e9e de lecture estim\u00e9e":"1 minute"},"schema":{"@context":"https:\/\/schema.org","@graph":[{"@type":"WebPage","@id":"https:\/\/www.cfa-les3bvitre.com\/index.php\/public-concerne-pre-requis-2\/","url":"https:\/\/www.cfa-les3bvitre.com\/index.php\/public-concerne-pre-requis-2\/","name":"PUBLIC CONCERN\u00c9 ET PR\u00c9-REQUIS - CFA Les 3B Vitr\u00e9","isPartOf":{"@id":"https:\/\/www.cfa-les3bvitre.com\/#website"},"datePublished":"2023-01-03T11:34:05+00:00","dateModified":"2026-01-13T16:02:38+00:00","description":"Dans cette page se trouvent le public concern\u00e9 et pr\u00e9-requis de la formation Sommelier Caviste propos\u00e9e par le CFA les 3B \u00e0 Vitr\u00e9","breadcrumb":{"@id":"https:\/\/www.cfa-les3bvitre.com\/index.php\/public-concerne-pre-requis-2\/#breadcrumb"},"inLanguage":"fr-FR","potentialAction":[{"@type":"ReadAction","target":["https:\/\/www.cfa-les3bvitre.com\/index.php\/public-concerne-pre-requis-2\/"]}]},{"@type":"BreadcrumbList","@id":"https:\/\/www.cfa-les3bvitre.com\/index.php\/public-concerne-pre-requis-2\/#breadcrumb","itemListElement":[{"@type":"ListItem","position":1,"name":"Accueil","item":"https:\/\/www.cfa-les3bvitre.com\/"},{"@type":"ListItem","position":2,"name":"PUBLIC CONCERN\u00c9 ET PR\u00c9-REQUIS"}]},{"@type":"WebSite","@id":"https:\/\/www.cfa-les3bvitre.com\/#website","url":"https:\/\/www.cfa-les3bvitre.com\/","name":"CFA Les 3B Vitr\u00e9","description":"","publisher":{"@id":"https:\/\/www.cfa-les3bvitre.com\/#organization"},"potentialAction":[{"@type":"SearchAction","target":{"@type":"EntryPoint","urlTemplate":"https:\/\/www.cfa-les3bvitre.com\/?s={search_term_string}"},"query-input":{"@type":"PropertyValueSpecification","valueRequired":true,"valueName":"search_term_string"}}],"inLanguage":"fr-FR"},{"@type":"Organization","@id":"https:\/\/www.cfa-les3bvitre.com\/#organization","name":"CFA LES 3B VITR\u00c9","url":"https:\/\/www.cfa-les3bvitre.com\/","logo":{"@type":"ImageObject","inLanguage":"fr-FR","@id":"https:\/\/www.cfa-les3bvitre.com\/#\/schema\/logo\/image\/","url":"https:\/\/www.cfa-les3bvitre.com\/wp-content\/uploads\/2022\/03\/cropped-LOGO-CFA-LES-3B-site-web-07.png","contentUrl":"https:\/\/www.cfa-les3bvitre.com\/wp-content\/uploads\/2022\/03\/cropped-LOGO-CFA-LES-3B-site-web-07.png","width":240,"height":149,"caption":"CFA LES 3B VITR\u00c9"},"image":{"@id":"https:\/\/www.cfa-les3bvitre.com\/#\/schema\/logo\/image\/"},"sameAs":["https:\/\/www.facebook.com\/cfales3bvitre","https:\/\/www.linkedin.com\/company\/cfa-les-3b\/"]}]}},"_links":{"self":[{"href":"https:\/\/www.cfa-les3bvitre.com\/index.php\/wp-json\/wp\/v2\/pages\/1136","targetHints":{"allow":["GET"]}}],"collection":[{"href":"https:\/\/www.cfa-les3bvitre.com\/index.php\/wp-json\/wp\/v2\/pages"}],"about":[{"href":"https:\/\/www.cfa-les3bvitre.com\/index.php\/wp-json\/wp\/v2\/types\/page"}],"author":[{"embeddable":true,"href":"https:\/\/www.cfa-les3bvitre.com\/index.php\/wp-json\/wp\/v2\/users\/2"}],"replies":[{"embeddable":true,"href":"https:\/\/www.cfa-les3bvitre.com\/index.php\/wp-json\/wp\/v2\/comments?post=1136"}],"version-history":[{"count":38,"href":"https:\/\/www.cfa-les3bvitre.com\/index.php\/wp-json\/wp\/v2\/pages\/1136\/revisions"}],"predecessor-version":[{"id":4092,"href":"https:\/\/www.cfa-les3bvitre.com\/index.php\/wp-json\/wp\/v2\/pages\/1136\/revisions\/4092"}],"wp:attachment":[{"href":"https:\/\/www.cfa-les3bvitre.com\/index.php\/wp-json\/wp\/v2\/media?parent=1136"}],"curies":[{"name":"wp","href":"https:\/\/api.w.org\/{rel}","templated":true}]}}