{"id":1220,"date":"2023-02-01T13:38:40","date_gmt":"2023-02-01T12:38:40","guid":{"rendered":"https:\/\/www.cfa-les3bvitre.com\/?page_id=1220"},"modified":"2026-02-13T16:56:51","modified_gmt":"2026-02-13T15:56:51","slug":"entreprise-partenaire","status":"publish","type":"page","link":"https:\/\/www.cfa-les3bvitre.com\/index.php\/entreprise-partenaire\/","title":{"rendered":"Devenez une entreprise partenaire du CFA"},"content":{"rendered":"\n<p><\/p>\n\n\n\n<h2 class=\"wp-block-heading has-text-align-center has-black-color has-text-color has-link-color has-medium-font-size wp-elements-47ade3922200c8ef0be8bf659a69ddf0\">Le CFA LES 3B VITR\u00c9 vous propose de devenir partenaire en embauchant un Sommelier Caviste ou un Bi\u00e9rologue Zythologue en contrat d&rsquo;apprentissage.<\/h2>\n\n\n\n<div style=\"height:56px\" aria-hidden=\"true\" class=\"wp-block-spacer\"><\/div>\n\n\n\n<div class=\"wp-block-media-text alignwide is-stacked-on-mobile is-vertically-aligned-center is-image-fill-element has-background\" style=\"background-color:#4aa3a2\"><figure class=\"wp-block-media-text__media\"><img loading=\"lazy\" decoding=\"async\" width=\"1024\" height=\"724\" src=\"https:\/\/www.cfa-les3bvitre.com\/wp-content\/uploads\/2023\/02\/Sans-titre-2-1024x724.png\" alt=\"\" class=\"wp-image-1229 size-full\" style=\"object-position:48% 49%\" srcset=\"https:\/\/www.cfa-les3bvitre.com\/wp-content\/uploads\/2023\/02\/Sans-titre-2-1024x724.png 1024w, https:\/\/www.cfa-les3bvitre.com\/wp-content\/uploads\/2023\/02\/Sans-titre-2-300x212.png 300w, https:\/\/www.cfa-les3bvitre.com\/wp-content\/uploads\/2023\/02\/Sans-titre-2-768x543.png 768w, https:\/\/www.cfa-les3bvitre.com\/wp-content\/uploads\/2023\/02\/Sans-titre-2-1536x1086.png 1536w, https:\/\/www.cfa-les3bvitre.com\/wp-content\/uploads\/2023\/02\/Sans-titre-2.png 2000w\" sizes=\"auto, (max-width: 1024px) 100vw, 1024px\" \/><\/figure><div class=\"wp-block-media-text__content\">\n<div class=\"wp-block-group\" style=\"padding-top:2em;padding-right:2em;padding-bottom:2em;padding-left:2em\"><div class=\"wp-block-group__inner-container is-layout-flow wp-block-group-is-layout-flow\">\n<h3 class=\"wp-block-heading has-text-align-left has-white-color has-text-color\" style=\"font-size:22px\">Vous \u00eates&#8230;<\/h3>\n\n\n\n<div style=\"height:19px\" aria-hidden=\"true\" class=\"wp-block-spacer\"><\/div>\n\n\n\n<ul class=\"wp-block-list has-white-color has-text-color has-link-color wp-elements-b33b4d456df28410a9458b89127b2019\">\n<li> Une Cave.<\/li>\n<\/ul>\n\n\n\n<ul class=\"wp-block-list has-white-color has-text-color has-link-color wp-elements-7e8de6497fe914975447e38b7d8d8a3d\">\n<li> Un Bar \u00e0 Vin.<\/li>\n<\/ul>\n\n\n\n<ul class=\"wp-block-list has-white-color has-text-color has-link-color wp-elements-be0e08f257776aede7ef74f66108f9b7\">\n<li> Une Brasserie.<\/li>\n<\/ul>\n\n\n\n<ul class=\"wp-block-list has-white-color has-text-color has-link-color wp-elements-fcfd4d4fbc44192a20959f4eb6eb320e\">\n<li> Un Restaurant.<\/li>\n<\/ul>\n\n\n\n<ul class=\"wp-block-list has-white-color has-text-color has-link-color wp-elements-7640242d2eb4cbeeec226dc18a64afdd\">\n<li> Un Grossiste.<\/li>\n<\/ul>\n<\/div><\/div>\n<\/div><\/div>\n\n\n\n<div style=\"height:40px\" aria-hidden=\"true\" class=\"wp-block-spacer\"><\/div>\n\n\n\n<div class=\"wp-block-media-text alignwide has-media-on-the-right is-stacked-on-mobile is-vertically-aligned-center is-image-fill-element has-white-background-color has-background\" style=\"grid-template-columns:auto 41%\"><div class=\"wp-block-media-text__content\">\n<div class=\"wp-block-group\" style=\"padding-top:2em;padding-right:2em;padding-bottom:2em;padding-left:2em\"><div class=\"wp-block-group__inner-container is-layout-flow wp-block-group-is-layout-flow\">\n<h3 class=\"wp-block-heading has-text-align-left has-black-color has-text-color\" style=\"font-size:22px\">Devenir partenaire, quels avantages pour vous ?<\/h3>\n\n\n\n<div style=\"height:30px\" aria-hidden=\"true\" class=\"wp-block-spacer\"><\/div>\n\n\n\n<p class=\"has-black-color has-text-color\" style=\"font-size:15px\">En \u00e9tant partenaire vous accueillez et formez un apprenti en entreprise 75% du temps, pendant les temps forts notamment.<\/p>\n\n\n\n<div class=\"wp-block-group is-vertical is-layout-flex wp-container-core-group-is-layout-8cf370e7 wp-block-group-is-layout-flex\">\n<p class=\"has-black-color has-text-color\" style=\"font-size:15px\">Vous profitez des aides exceptionnelles de l\u2019\u00c9tat : aide de 5 000 \u20ac sur 12 mois, avec des exon\u00e9rations de cotisations sociales. Les apprentis sont r\u00e9mun\u00e9r\u00e9s selon leur \u00e2ge :<\/p>\n\n\n\n<p class=\"has-black-color has-text-color\" style=\"font-size:15px\">      &#8211; Pour un apprenti de 18\/20 ans : 43% du SMIC<\/p>\n\n\n\n<p class=\"has-black-color has-text-color\" style=\"font-size:15px\">      &#8211; Pour un apprenti de 21\/25 ans : 53 % du SMIC<\/p>\n\n\n\n<p class=\"has-black-color has-text-color\" style=\"font-size:15px\">      &#8211;  Un apprenti de + 26 ans ou + de 30 ans avec d\u00e9rogation (porteur de projet, en situation de handicap) : 100% du SMIC.<\/p>\n\n\n\n<p class=\"has-black-color has-text-color\" style=\"font-size:15px\">Formation financ\u00e9e par l&rsquo;\u00c9tat, sans reste \u00e0 charge pour l&rsquo;entreprise.<\/p>\n\n\n\n<p class=\"has-black-color has-text-color\" style=\"font-size:15px\">Recrutement fait par le CFA (CV, lettre de motivation, entretien).<\/p>\n\n\n\n<p class=\"has-black-color has-text-color\" style=\"font-size:15px\">Aide du CFA pour l\u2019enregistrement du contrat.<\/p>\n\n\n\n<p class=\"has-black-color has-text-color\" style=\"font-size:15px\">Possibilit\u00e9 de transformer un contrat CDI en contrat d&rsquo;apprentissage sur la dur\u00e9e de la formation.<\/p>\n<\/div>\n<\/div><\/div>\n<\/div><figure class=\"wp-block-media-text__media\"><img loading=\"lazy\" decoding=\"async\" width=\"683\" height=\"1024\" src=\"https:\/\/www.cfa-les3bvitre.com\/wp-content\/uploads\/2023\/02\/photo-683x1024.jpg\" alt=\"\" class=\"wp-image-1237 size-full\" style=\"object-position:50% 50%\" srcset=\"https:\/\/www.cfa-les3bvitre.com\/wp-content\/uploads\/2023\/02\/photo-683x1024.jpg 683w, https:\/\/www.cfa-les3bvitre.com\/wp-content\/uploads\/2023\/02\/photo-200x300.jpg 200w, https:\/\/www.cfa-les3bvitre.com\/wp-content\/uploads\/2023\/02\/photo-768x1152.jpg 768w, https:\/\/www.cfa-les3bvitre.com\/wp-content\/uploads\/2023\/02\/photo-1024x1536.jpg 1024w, https:\/\/www.cfa-les3bvitre.com\/wp-content\/uploads\/2023\/02\/photo-1365x2048.jpg 1365w, https:\/\/www.cfa-les3bvitre.com\/wp-content\/uploads\/2023\/02\/photo-1200x1800.jpg 1200w, https:\/\/www.cfa-les3bvitre.com\/wp-content\/uploads\/2023\/02\/photo-600x900.jpg 600w, https:\/\/www.cfa-les3bvitre.com\/wp-content\/uploads\/2023\/02\/photo-scaled.jpg 1707w\" sizes=\"auto, (max-width: 683px) 100vw, 683px\" \/><\/figure><\/div>\n\n\n\n<div style=\"height:48px\" aria-hidden=\"true\" class=\"wp-block-spacer\"><\/div>\n\n\n\n<div class=\"wp-block-media-text alignwide is-stacked-on-mobile is-vertically-aligned-center has-background\" style=\"background-color:#4aa3a2;grid-template-columns:41% auto\"><figure class=\"wp-block-media-text__media\"><img loading=\"lazy\" decoding=\"async\" width=\"1024\" height=\"724\" src=\"https:\/\/www.cfa-les3bvitre.com\/wp-content\/uploads\/2023\/02\/images-1024x724.png\" alt=\"\" class=\"wp-image-1236 size-full\" srcset=\"https:\/\/www.cfa-les3bvitre.com\/wp-content\/uploads\/2023\/02\/images-1024x724.png 1024w, https:\/\/www.cfa-les3bvitre.com\/wp-content\/uploads\/2023\/02\/images-300x212.png 300w, https:\/\/www.cfa-les3bvitre.com\/wp-content\/uploads\/2023\/02\/images-768x543.png 768w, https:\/\/www.cfa-les3bvitre.com\/wp-content\/uploads\/2023\/02\/images-1536x1086.png 1536w, https:\/\/www.cfa-les3bvitre.com\/wp-content\/uploads\/2023\/02\/images.png 2000w\" sizes=\"auto, (max-width: 1024px) 100vw, 1024px\" \/><\/figure><div class=\"wp-block-media-text__content\">\n<div class=\"wp-block-group\" style=\"padding-top:2em;padding-right:2em;padding-bottom:2em;padding-left:2em\"><div class=\"wp-block-group__inner-container is-layout-flow wp-block-group-is-layout-flow\">\n<h3 class=\"wp-block-heading has-text-align-left has-white-color has-text-color\" style=\"font-size:22px\">Et pour le financement ?<\/h3>\n\n\n\n<div style=\"height:49px\" aria-hidden=\"true\" class=\"wp-block-spacer\"><\/div>\n\n\n\n<div class=\"wp-block-group is-vertical is-layout-flex wp-container-core-group-is-layout-8cf370e7 wp-block-group-is-layout-flex\">\n<p class=\"has-white-color has-text-color\" style=\"font-size:15px\">Financement par <a href=\"https:\/\/www.opcoep.fr\/\">l\u2019OPCO<\/a> de l\u2019employeur sans reste \u00e0 charge.<\/p>\n\n\n\n<p class=\"has-text-align-left has-white-color has-text-color\" style=\"font-size:15px\">\u00c9tablissement et d\u00e9p\u00f4t du contrat et de la convention par le CFA, gr\u00e2ce \u00e0 une fiche d\u2019informations compl\u00e9t\u00e9e par l\u2019apprenti(e) et l\u2019employeur.<\/p>\n<\/div>\n<\/div><\/div>\n<\/div><\/div>\n\n\n\n<div style=\"height:47px\" aria-hidden=\"true\" class=\"wp-block-spacer\"><\/div>\n\n\n\n<div class=\"wp-block-columns alignwide is-layout-flex wp-container-core-columns-is-layout-9d6595d7 wp-block-columns-is-layout-flex\">\n<div class=\"wp-block-column has-text-color has-background has-link-color wp-elements-51f559a25bd31086c0e4015d071030a6 is-layout-flow wp-block-column-is-layout-flow\" style=\"color:#000000;background-color:#4aa3a2;padding-top:2em;padding-right:2em;padding-bottom:2em;padding-left:2em\">\n<h4 class=\"wp-block-heading has-text-align-center has-white-color has-text-color has-link-color has-medium-font-size wp-elements-adc86908e7f87fab92c60240ae5e1eb9\" id=\"single\">Rythme <\/h4>\n\n\n\n<div style=\"height:20px\" aria-hidden=\"true\" class=\"wp-block-spacer\"><\/div>\n\n\n\n<p class=\"has-text-align-center has-white-color has-text-color has-link-color wp-elements-7dc407b80cdeecbded44f6756a3f1b13\" style=\"font-size:15px\">1 semaine en cours.<\/p>\n\n\n\n<p class=\"has-text-align-center has-white-color has-text-color has-link-color wp-elements-c0311aab74275b1ad0f58657409c803b\" style=\"font-size:15px\">3 semaines en entreprise.<\/p>\n<\/div>\n\n\n\n<div class=\"wp-block-column has-white-background-color has-text-color has-background has-link-color has-small-font-size wp-elements-9ac0b65a767ecc0ed21d5ab814673f1f is-layout-flow wp-block-column-is-layout-flow\" style=\"color:#000000;padding-top:2em;padding-right:2em;padding-bottom:2em;padding-left:2em\">\n<h4 class=\"wp-block-heading has-text-align-center has-black-color has-text-color has-link-color has-medium-font-size wp-elements-a3bd55efe8072790e9ac1ff726883912\">Heures de formation<\/h4>\n\n\n\n<div style=\"height:18px\" aria-hidden=\"true\" class=\"wp-block-spacer\"><\/div>\n\n\n\n<p class=\"has-text-align-center has-black-color has-text-color has-link-color wp-elements-bfc30c0b25f97ec3ea1dbc222ea2a0af\" style=\"font-size:15px\">La formation Vin comprend 518 heures de cours.<\/p>\n\n\n\n<p class=\"has-text-align-center has-black-color has-text-color has-link-color wp-elements-9d133011f35d64737b09da7696054643\" style=\"font-size:15px\">La formation bi\u00e8re comprend 324 heures de cours.<\/p>\n<\/div>\n\n\n\n<div class=\"wp-block-column has-text-color has-background has-link-color wp-elements-a33c1649b6947c5394397bbd1becb10b is-layout-flow wp-block-column-is-layout-flow\" style=\"color:#000000;background-color:#4aa3a2;padding-top:2em;padding-right:2em;padding-bottom:2em;padding-left:2em\">\n<h4 class=\"wp-block-heading has-text-align-center has-white-color has-text-color has-link-color has-medium-font-size wp-elements-d1da5305b6dd855126da06342a20f7bd\" id=\"patron\">Dur\u00e9e du contrat<\/h4>\n\n\n\n<div style=\"height:20px\" aria-hidden=\"true\" class=\"wp-block-spacer\"><\/div>\n\n\n\n<p class=\"has-text-align-center has-white-color has-text-color\" style=\"font-size:15px\">L&rsquo;apprenti(e) peut d\u00e9buter jusqu&rsquo;\u00e0 3 mois avant la date de d\u00e9but de la formation et finir jusqu&rsquo;\u00e0 2 mois apr\u00e8s la fin de la formation.<\/p>\n<\/div>\n<\/div>\n\n\n\n<div style=\"height:25px\" aria-hidden=\"true\" class=\"wp-block-spacer\"><\/div>\n\n\n\n<p class=\"has-text-align-center has-black-color has-text-color has-medium-font-size\">\ud83d\udc47 Cliquez pour d\u00e9couvrir la plaquette de formation de votre futur(e) apprenti(e) \ud83d\udc47<\/p>\n\n\n\n<div style=\"height:35px\" aria-hidden=\"true\" class=\"wp-block-spacer\"><\/div>\n\n\n\n<div class=\"wp-block-buttons is-content-justification-center is-layout-flex wp-container-core-buttons-is-layout-16018d1d wp-block-buttons-is-layout-flex\">\n<div class=\"wp-block-button\"><a class=\"wp-block-button__link has-white-color has-text-color has-background has-small-font-size has-custom-font-size wp-element-button\" href=\"https:\/\/www.cfa-les3bvitre.com\/wp-content\/uploads\/2026\/02\/PLAQUETTE-SCAG12-ENT.pdf\" style=\"background-color:#4aa3a2\"><strong>SOMMELIER CAVISTE<\/strong><\/a><\/div>\n\n\n\n<div class=\"wp-block-button\"><a class=\"wp-block-button__link has-white-color has-text-color has-background has-small-font-size has-custom-font-size wp-element-button\" href=\"https:\/\/www.cfa-les3bvitre.com\/wp-content\/uploads\/2026\/02\/PLAQUETTE-ZYTHO05-ENT.pdf\" style=\"background-color:#4aa3a2\"><strong>BI\u00c9ROLOGUE ZYTHOLOGUE<\/strong><\/a><\/div>\n<\/div>\n\n\n\n<div style=\"height:75px\" aria-hidden=\"true\" class=\"wp-block-spacer\"><\/div>\n\n\n\n<p class=\"has-text-align-center\"><strong>Besoin de plus d&rsquo;informations ?<\/strong><\/p>\n\n\n\n<div style=\"height:37px\" aria-hidden=\"true\" class=\"wp-block-spacer\"><\/div>\n\n\n\n<div class=\"wp-block-group alignfull has-text-color has-background\" style=\"color:#000000;background-color:#ffffff\"><div class=\"wp-block-group__inner-container is-layout-flow wp-block-group-is-layout-flow\">\n<div class=\"wp-block-buttons is-horizontal is-content-justification-center is-layout-flex wp-container-core-buttons-is-layout-499968f5 wp-block-buttons-is-layout-flex\">\n<div class=\"wp-block-button has-custom-width wp-block-button__width-25\"><a class=\"wp-block-button__link has-text-color has-background has-custom-font-size wp-element-button\" href=\"https:\/\/www.cfa-les3bvitre.com\/index.php\/contact-2\/\" style=\"border-radius:50px;color:#ffffff;background-color:#000000;font-size:16px\"><strong>Je contacte le CFA<\/strong><\/a><\/div>\n<\/div>\n\n\n\n<div style=\"height:64px\" aria-hidden=\"true\" class=\"wp-block-spacer\"><\/div>\n<\/div><\/div>\n\n\n\n<p><\/p>\n","protected":false},"excerpt":{"rendered":"<p>Le CFA LES 3B VITR\u00c9 vous propose de devenir partenaire en embauchant un Sommelier Caviste ou un Bi\u00e9rologue Zythologue en contrat d&rsquo;apprentissage. Rythme 1 semaine en cours. 3 semaines en entreprise. Heures de formation La formation Vin comprend 518 heures de cours. La formation bi\u00e8re comprend 324 heures de cours. Dur\u00e9e du contrat L&rsquo;apprenti(e) peut [&hellip;]<\/p>\n","protected":false},"author":2,"featured_media":0,"parent":0,"menu_order":0,"comment_status":"closed","ping_status":"closed","template":"","meta":{"_regular_price":[],"currency_symbol":[],"footnotes":""},"class_list":["post-1220","page","type-page","status-publish","hentry"],"post_slider_layout_featured_media_urls":{"thumbnail":"","post_slider_layout_landscape_large":"","post_slider_layout_portrait_large":"","post_slider_layout_square_large":"","post_slider_layout_landscape":"","post_slider_layout_portrait":"","post_slider_layout_square":"","full":""},"yoast_head":"<!-- This site is optimized with the Yoast SEO plugin v27.4 - https:\/\/yoast.com\/product\/yoast-seo-wordpress\/ -->\n<title>Devenez une entreprise partenaire du CFA<\/title>\n<meta name=\"description\" content=\"Devenez entreprise partenaire et transmettez votre passion en recrutant un alternant sommelier caviste ou bi\u00e9rologue. Formation gratuite.\" \/>\n<meta name=\"robots\" content=\"index, follow, max-snippet:-1, max-image-preview:large, max-video-preview:-1\" \/>\n<link rel=\"canonical\" href=\"https:\/\/www.cfa-les3bvitre.com\/index.php\/entreprise-partenaire\/\" \/>\n<meta property=\"og:locale\" content=\"fr_FR\" \/>\n<meta property=\"og:type\" content=\"article\" \/>\n<meta property=\"og:title\" content=\"Devenez une entreprise partenaire du CFA\" \/>\n<meta property=\"og:description\" content=\"Devenez entreprise partenaire et transmettez votre passion en recrutant un alternant sommelier caviste ou bi\u00e9rologue. Formation gratuite.\" \/>\n<meta property=\"og:url\" content=\"https:\/\/www.cfa-les3bvitre.com\/index.php\/entreprise-partenaire\/\" \/>\n<meta property=\"og:site_name\" content=\"CFA Les 3B Vitr\u00e9\" \/>\n<meta property=\"article:publisher\" content=\"https:\/\/www.facebook.com\/cfales3bvitre\" \/>\n<meta property=\"article:modified_time\" content=\"2026-02-13T15:56:51+00:00\" \/>\n<meta property=\"og:image\" content=\"https:\/\/www.cfa-les3bvitre.com\/wp-content\/uploads\/2023\/02\/Sans-titre-2-1024x724.png\" \/>\n\t<meta property=\"og:image:width\" content=\"1024\" \/>\n\t<meta property=\"og:image:height\" content=\"724\" \/>\n\t<meta property=\"og:image:type\" content=\"image\/png\" \/>\n<meta name=\"twitter:card\" content=\"summary_large_image\" \/>\n<meta name=\"twitter:label1\" content=\"Dur\u00e9e de lecture estim\u00e9e\" \/>\n\t<meta name=\"twitter:data1\" content=\"3 minutes\" \/>\n<script type=\"application\/ld+json\" class=\"yoast-schema-graph\">{\"@context\":\"https:\\\/\\\/schema.org\",\"@graph\":[{\"@type\":\"WebPage\",\"@id\":\"https:\\\/\\\/www.cfa-les3bvitre.com\\\/index.php\\\/entreprise-partenaire\\\/\",\"url\":\"https:\\\/\\\/www.cfa-les3bvitre.com\\\/index.php\\\/entreprise-partenaire\\\/\",\"name\":\"Devenez une entreprise partenaire du CFA\",\"isPartOf\":{\"@id\":\"https:\\\/\\\/www.cfa-les3bvitre.com\\\/#website\"},\"primaryImageOfPage\":{\"@id\":\"https:\\\/\\\/www.cfa-les3bvitre.com\\\/index.php\\\/entreprise-partenaire\\\/#primaryimage\"},\"image\":{\"@id\":\"https:\\\/\\\/www.cfa-les3bvitre.com\\\/index.php\\\/entreprise-partenaire\\\/#primaryimage\"},\"thumbnailUrl\":\"https:\\\/\\\/www.cfa-les3bvitre.com\\\/wp-content\\\/uploads\\\/2023\\\/02\\\/Sans-titre-2-1024x724.png\",\"datePublished\":\"2023-02-01T12:38:40+00:00\",\"dateModified\":\"2026-02-13T15:56:51+00:00\",\"description\":\"Devenez entreprise partenaire et transmettez votre passion en recrutant un alternant sommelier caviste ou bi\u00e9rologue. Formation gratuite.\",\"breadcrumb\":{\"@id\":\"https:\\\/\\\/www.cfa-les3bvitre.com\\\/index.php\\\/entreprise-partenaire\\\/#breadcrumb\"},\"inLanguage\":\"fr-FR\",\"potentialAction\":[{\"@type\":\"ReadAction\",\"target\":[\"https:\\\/\\\/www.cfa-les3bvitre.com\\\/index.php\\\/entreprise-partenaire\\\/\"]}]},{\"@type\":\"ImageObject\",\"inLanguage\":\"fr-FR\",\"@id\":\"https:\\\/\\\/www.cfa-les3bvitre.com\\\/index.php\\\/entreprise-partenaire\\\/#primaryimage\",\"url\":\"https:\\\/\\\/www.cfa-les3bvitre.com\\\/wp-content\\\/uploads\\\/2023\\\/02\\\/Sans-titre-2.png\",\"contentUrl\":\"https:\\\/\\\/www.cfa-les3bvitre.com\\\/wp-content\\\/uploads\\\/2023\\\/02\\\/Sans-titre-2.png\",\"width\":2000,\"height\":1414},{\"@type\":\"BreadcrumbList\",\"@id\":\"https:\\\/\\\/www.cfa-les3bvitre.com\\\/index.php\\\/entreprise-partenaire\\\/#breadcrumb\",\"itemListElement\":[{\"@type\":\"ListItem\",\"position\":1,\"name\":\"Accueil\",\"item\":\"https:\\\/\\\/www.cfa-les3bvitre.com\\\/\"},{\"@type\":\"ListItem\",\"position\":2,\"name\":\"Devenez une entreprise partenaire du CFA\"}]},{\"@type\":\"WebSite\",\"@id\":\"https:\\\/\\\/www.cfa-les3bvitre.com\\\/#website\",\"url\":\"https:\\\/\\\/www.cfa-les3bvitre.com\\\/\",\"name\":\"CFA Les 3B Vitr\u00e9\",\"description\":\"\",\"publisher\":{\"@id\":\"https:\\\/\\\/www.cfa-les3bvitre.com\\\/#organization\"},\"potentialAction\":[{\"@type\":\"SearchAction\",\"target\":{\"@type\":\"EntryPoint\",\"urlTemplate\":\"https:\\\/\\\/www.cfa-les3bvitre.com\\\/?s={search_term_string}\"},\"query-input\":{\"@type\":\"PropertyValueSpecification\",\"valueRequired\":true,\"valueName\":\"search_term_string\"}}],\"inLanguage\":\"fr-FR\"},{\"@type\":\"Organization\",\"@id\":\"https:\\\/\\\/www.cfa-les3bvitre.com\\\/#organization\",\"name\":\"CFA LES 3B VITR\u00c9\",\"url\":\"https:\\\/\\\/www.cfa-les3bvitre.com\\\/\",\"logo\":{\"@type\":\"ImageObject\",\"inLanguage\":\"fr-FR\",\"@id\":\"https:\\\/\\\/www.cfa-les3bvitre.com\\\/#\\\/schema\\\/logo\\\/image\\\/\",\"url\":\"https:\\\/\\\/www.cfa-les3bvitre.com\\\/wp-content\\\/uploads\\\/2022\\\/03\\\/cropped-LOGO-CFA-LES-3B-site-web-07.png\",\"contentUrl\":\"https:\\\/\\\/www.cfa-les3bvitre.com\\\/wp-content\\\/uploads\\\/2022\\\/03\\\/cropped-LOGO-CFA-LES-3B-site-web-07.png\",\"width\":240,\"height\":149,\"caption\":\"CFA LES 3B VITR\u00c9\"},\"image\":{\"@id\":\"https:\\\/\\\/www.cfa-les3bvitre.com\\\/#\\\/schema\\\/logo\\\/image\\\/\"},\"sameAs\":[\"https:\\\/\\\/www.facebook.com\\\/cfales3bvitre\",\"https:\\\/\\\/www.linkedin.com\\\/company\\\/cfa-les-3b\\\/\"]}]}<\/script>\n<!-- \/ Yoast SEO plugin. -->","yoast_head_json":{"title":"Devenez une entreprise partenaire du CFA","description":"Devenez entreprise partenaire et transmettez votre passion en recrutant un alternant sommelier caviste ou bi\u00e9rologue. Formation gratuite.","robots":{"index":"index","follow":"follow","max-snippet":"max-snippet:-1","max-image-preview":"max-image-preview:large","max-video-preview":"max-video-preview:-1"},"canonical":"https:\/\/www.cfa-les3bvitre.com\/index.php\/entreprise-partenaire\/","og_locale":"fr_FR","og_type":"article","og_title":"Devenez une entreprise partenaire du CFA","og_description":"Devenez entreprise partenaire et transmettez votre passion en recrutant un alternant sommelier caviste ou bi\u00e9rologue. Formation gratuite.","og_url":"https:\/\/www.cfa-les3bvitre.com\/index.php\/entreprise-partenaire\/","og_site_name":"CFA Les 3B Vitr\u00e9","article_publisher":"https:\/\/www.facebook.com\/cfales3bvitre","article_modified_time":"2026-02-13T15:56:51+00:00","og_image":[{"width":1024,"height":724,"url":"https:\/\/www.cfa-les3bvitre.com\/wp-content\/uploads\/2023\/02\/Sans-titre-2-1024x724.png","type":"image\/png"}],"twitter_card":"summary_large_image","twitter_misc":{"Dur\u00e9e de lecture estim\u00e9e":"3 minutes"},"schema":{"@context":"https:\/\/schema.org","@graph":[{"@type":"WebPage","@id":"https:\/\/www.cfa-les3bvitre.com\/index.php\/entreprise-partenaire\/","url":"https:\/\/www.cfa-les3bvitre.com\/index.php\/entreprise-partenaire\/","name":"Devenez une entreprise partenaire du CFA","isPartOf":{"@id":"https:\/\/www.cfa-les3bvitre.com\/#website"},"primaryImageOfPage":{"@id":"https:\/\/www.cfa-les3bvitre.com\/index.php\/entreprise-partenaire\/#primaryimage"},"image":{"@id":"https:\/\/www.cfa-les3bvitre.com\/index.php\/entreprise-partenaire\/#primaryimage"},"thumbnailUrl":"https:\/\/www.cfa-les3bvitre.com\/wp-content\/uploads\/2023\/02\/Sans-titre-2-1024x724.png","datePublished":"2023-02-01T12:38:40+00:00","dateModified":"2026-02-13T15:56:51+00:00","description":"Devenez entreprise partenaire et transmettez votre passion en recrutant un alternant sommelier caviste ou bi\u00e9rologue. Formation gratuite.","breadcrumb":{"@id":"https:\/\/www.cfa-les3bvitre.com\/index.php\/entreprise-partenaire\/#breadcrumb"},"inLanguage":"fr-FR","potentialAction":[{"@type":"ReadAction","target":["https:\/\/www.cfa-les3bvitre.com\/index.php\/entreprise-partenaire\/"]}]},{"@type":"ImageObject","inLanguage":"fr-FR","@id":"https:\/\/www.cfa-les3bvitre.com\/index.php\/entreprise-partenaire\/#primaryimage","url":"https:\/\/www.cfa-les3bvitre.com\/wp-content\/uploads\/2023\/02\/Sans-titre-2.png","contentUrl":"https:\/\/www.cfa-les3bvitre.com\/wp-content\/uploads\/2023\/02\/Sans-titre-2.png","width":2000,"height":1414},{"@type":"BreadcrumbList","@id":"https:\/\/www.cfa-les3bvitre.com\/index.php\/entreprise-partenaire\/#breadcrumb","itemListElement":[{"@type":"ListItem","position":1,"name":"Accueil","item":"https:\/\/www.cfa-les3bvitre.com\/"},{"@type":"ListItem","position":2,"name":"Devenez une entreprise partenaire du CFA"}]},{"@type":"WebSite","@id":"https:\/\/www.cfa-les3bvitre.com\/#website","url":"https:\/\/www.cfa-les3bvitre.com\/","name":"CFA Les 3B Vitr\u00e9","description":"","publisher":{"@id":"https:\/\/www.cfa-les3bvitre.com\/#organization"},"potentialAction":[{"@type":"SearchAction","target":{"@type":"EntryPoint","urlTemplate":"https:\/\/www.cfa-les3bvitre.com\/?s={search_term_string}"},"query-input":{"@type":"PropertyValueSpecification","valueRequired":true,"valueName":"search_term_string"}}],"inLanguage":"fr-FR"},{"@type":"Organization","@id":"https:\/\/www.cfa-les3bvitre.com\/#organization","name":"CFA LES 3B VITR\u00c9","url":"https:\/\/www.cfa-les3bvitre.com\/","logo":{"@type":"ImageObject","inLanguage":"fr-FR","@id":"https:\/\/www.cfa-les3bvitre.com\/#\/schema\/logo\/image\/","url":"https:\/\/www.cfa-les3bvitre.com\/wp-content\/uploads\/2022\/03\/cropped-LOGO-CFA-LES-3B-site-web-07.png","contentUrl":"https:\/\/www.cfa-les3bvitre.com\/wp-content\/uploads\/2022\/03\/cropped-LOGO-CFA-LES-3B-site-web-07.png","width":240,"height":149,"caption":"CFA LES 3B VITR\u00c9"},"image":{"@id":"https:\/\/www.cfa-les3bvitre.com\/#\/schema\/logo\/image\/"},"sameAs":["https:\/\/www.facebook.com\/cfales3bvitre","https:\/\/www.linkedin.com\/company\/cfa-les-3b\/"]}]}},"_links":{"self":[{"href":"https:\/\/www.cfa-les3bvitre.com\/index.php\/wp-json\/wp\/v2\/pages\/1220","targetHints":{"allow":["GET"]}}],"collection":[{"href":"https:\/\/www.cfa-les3bvitre.com\/index.php\/wp-json\/wp\/v2\/pages"}],"about":[{"href":"https:\/\/www.cfa-les3bvitre.com\/index.php\/wp-json\/wp\/v2\/types\/page"}],"author":[{"embeddable":true,"href":"https:\/\/www.cfa-les3bvitre.com\/index.php\/wp-json\/wp\/v2\/users\/2"}],"replies":[{"embeddable":true,"href":"https:\/\/www.cfa-les3bvitre.com\/index.php\/wp-json\/wp\/v2\/comments?post=1220"}],"version-history":[{"count":48,"href":"https:\/\/www.cfa-les3bvitre.com\/index.php\/wp-json\/wp\/v2\/pages\/1220\/revisions"}],"predecessor-version":[{"id":4364,"href":"https:\/\/www.cfa-les3bvitre.com\/index.php\/wp-json\/wp\/v2\/pages\/1220\/revisions\/4364"}],"wp:attachment":[{"href":"https:\/\/www.cfa-les3bvitre.com\/index.php\/wp-json\/wp\/v2\/media?parent=1220"}],"curies":[{"name":"wp","href":"https:\/\/api.w.org\/{rel}","templated":true}]}}