{"id":288,"date":"2022-03-31T09:55:35","date_gmt":"2022-03-31T07:55:35","guid":{"rendered":"https:\/\/www.cfa-les3bvitre.com\/?page_id=288"},"modified":"2025-07-01T16:50:10","modified_gmt":"2025-07-01T14:50:10","slug":"comment-acceder-a-nos-formations","status":"publish","type":"page","link":"https:\/\/www.cfa-les3bvitre.com\/index.php\/comment-acceder-a-nos-formations\/","title":{"rendered":"Comment acc\u00e9der \u00e0 nos formations ?"},"content":{"rendered":"\n<p class=\"has-black-color has-text-color has-medium-font-size\">Cr\u00e9\u00e9 en 2020, le CFA Les 3B a pour ambition de transmettre la passion et l\u2019exp\u00e9rience acquises depuis 25 ans par les fondateurs des <a href=\"https:\/\/www.sommeliers-cavistes.com\/\">Sommeliers Cavistes<\/a>, Antoine &amp; J\u00e9r\u00f4me Jeuland, et ce notamment \u00e0 travers ses formations.<\/p>\n\n\n\n<div style=\"height:34px\" aria-hidden=\"true\" class=\"wp-block-spacer\"><\/div>\n\n\n\n<div class=\"wp-block-columns alignwide is-layout-flex wp-container-core-columns-is-layout-9d6595d7 wp-block-columns-is-layout-flex\">\n<div class=\"wp-block-column is-layout-flow wp-block-column-is-layout-flow\"><div class=\"wp-block-image is-style-default\">\n<figure class=\"aligncenter size-large\"><img loading=\"lazy\" decoding=\"async\" width=\"1024\" height=\"768\" src=\"https:\/\/www.cfa-les3bvitre.com\/wp-content\/uploads\/2022\/03\/photo-facade-3B-1024x768.png\" alt=\"\" class=\"wp-image-206\" srcset=\"https:\/\/www.cfa-les3bvitre.com\/wp-content\/uploads\/2022\/03\/photo-facade-3B-1024x768.png 1024w, https:\/\/www.cfa-les3bvitre.com\/wp-content\/uploads\/2022\/03\/photo-facade-3B-300x225.png 300w, https:\/\/www.cfa-les3bvitre.com\/wp-content\/uploads\/2022\/03\/photo-facade-3B-768x576.png 768w, https:\/\/www.cfa-les3bvitre.com\/wp-content\/uploads\/2022\/03\/photo-facade-3B.png 1440w\" sizes=\"auto, (max-width: 1024px) 100vw, 1024px\" \/><\/figure>\n<\/div><\/div>\n\n\n\n<div class=\"wp-block-column is-vertically-aligned-center is-layout-flow wp-block-column-is-layout-flow\">\n<div class=\"wp-block-columns is-layout-flex wp-container-core-columns-is-layout-9d6595d7 wp-block-columns-is-layout-flex\">\n<div class=\"wp-block-column is-layout-flow wp-block-column-is-layout-flow\">\n<h2 class=\"wp-block-heading\"><strong>Prise de contact avec le CFA<\/strong><\/h2>\n\n\n\n<p class=\"has-black-color has-text-color has-link-color wp-elements-98956ef8ebcd88eede01911349c7f28a\" style=\"font-size:16px;font-style:normal;font-weight:300\">Contactez nous par mail \u00e0 l\u2019adresse\u00a0<a href=\"mailto:secretariat@cfales3b.fr\">secretariat@cfales3b.fr<\/a>\u00a0en pr\u00e9cisant la session de formation qui vous int\u00e9resse et en joignant votre CV et une lettre de motivation. Nous vous enverrons le programme et le calendrier de la formation et vous proposerons un rdv pour un entretien au CFA ou par t\u00e9l\u00e9phone \u00e0 votre convenance.<\/p>\n<\/div>\n<\/div>\n<\/div>\n<\/div>\n\n\n\n<div class=\"wp-block-columns alignwide are-vertically-aligned-center is-layout-flex wp-container-core-columns-is-layout-9d6595d7 wp-block-columns-is-layout-flex\">\n<div class=\"wp-block-column is-vertically-aligned-center is-layout-flow wp-block-column-is-layout-flow\">\n<h2 class=\"wp-block-heading has-text-align-right\"><strong>Entretien avec le CFA<\/strong><\/h2>\n\n\n\n<p class=\"has-text-align-right has-black-color has-text-color has-link-color wp-elements-89fd325f9c0f16929a432e4e20bf626f\" style=\"font-size:16px\">Lors de votre entretien avec notre conseiller p\u00e9dagogique, vous pourrez vous informer plus pr\u00e9cis\u00e9ment sur nos formations et les modalit\u00e9s de l\u2019alternance. Vous&nbsp;\u00e9voquerez ensemble votre projet de formation et votre projet professionnel, les freins \u00e9ventuels, la personnalisation de votre parcours. Notre conseiller valide votre candidature et&nbsp;vous recevez par mail un lien pour vous enregistrer sur notre interface. En cas de non-validation, vous recevrez un mail vous en informant mais vous pourrez&nbsp;nous contacter pour obtenir une justification.<\/p>\n<\/div>\n\n\n\n<div class=\"wp-block-column is-vertically-aligned-center is-layout-flow wp-block-column-is-layout-flow\">\n<figure class=\"wp-block-image size-large is-style-default\"><img loading=\"lazy\" decoding=\"async\" width=\"1024\" height=\"639\" src=\"https:\/\/www.cfa-les3bvitre.com\/wp-content\/uploads\/2022\/03\/questions-originales-a-poser-pour-entretien-embauche-1024x639.jpg\" alt=\"photo entretien\" class=\"wp-image-294\" srcset=\"https:\/\/www.cfa-les3bvitre.com\/wp-content\/uploads\/2022\/03\/questions-originales-a-poser-pour-entretien-embauche-1024x639.jpg 1024w, https:\/\/www.cfa-les3bvitre.com\/wp-content\/uploads\/2022\/03\/questions-originales-a-poser-pour-entretien-embauche-300x187.jpg 300w, https:\/\/www.cfa-les3bvitre.com\/wp-content\/uploads\/2022\/03\/questions-originales-a-poser-pour-entretien-embauche-768x479.jpg 768w, https:\/\/www.cfa-les3bvitre.com\/wp-content\/uploads\/2022\/03\/questions-originales-a-poser-pour-entretien-embauche-1536x958.jpg 1536w, https:\/\/www.cfa-les3bvitre.com\/wp-content\/uploads\/2022\/03\/questions-originales-a-poser-pour-entretien-embauche-2048x1277.jpg 2048w\" sizes=\"auto, (max-width: 1024px) 100vw, 1024px\" \/><\/figure>\n<\/div>\n<\/div>\n\n\n\n<div class=\"wp-block-columns alignwide are-vertically-aligned-center is-layout-flex wp-container-core-columns-is-layout-9d6595d7 wp-block-columns-is-layout-flex\">\n<div class=\"wp-block-column is-vertically-aligned-center is-layout-flow wp-block-column-is-layout-flow\">\n<figure class=\"wp-block-image size-large is-style-default\"><img loading=\"lazy\" decoding=\"async\" width=\"1024\" height=\"681\" src=\"https:\/\/www.cfa-les3bvitre.com\/wp-content\/uploads\/2022\/03\/glenn-carstens-peters-npxXWgQ33ZQ-unsplash-1024x681.jpg\" alt=\"photo test positionnement\" class=\"wp-image-295\" srcset=\"https:\/\/www.cfa-les3bvitre.com\/wp-content\/uploads\/2022\/03\/glenn-carstens-peters-npxXWgQ33ZQ-unsplash-1024x681.jpg 1024w, https:\/\/www.cfa-les3bvitre.com\/wp-content\/uploads\/2022\/03\/glenn-carstens-peters-npxXWgQ33ZQ-unsplash-300x200.jpg 300w, https:\/\/www.cfa-les3bvitre.com\/wp-content\/uploads\/2022\/03\/glenn-carstens-peters-npxXWgQ33ZQ-unsplash-768x511.jpg 768w, https:\/\/www.cfa-les3bvitre.com\/wp-content\/uploads\/2022\/03\/glenn-carstens-peters-npxXWgQ33ZQ-unsplash-1536x1022.jpg 1536w, https:\/\/www.cfa-les3bvitre.com\/wp-content\/uploads\/2022\/03\/glenn-carstens-peters-npxXWgQ33ZQ-unsplash-2048x1363.jpg 2048w, https:\/\/www.cfa-les3bvitre.com\/wp-content\/uploads\/2022\/03\/glenn-carstens-peters-npxXWgQ33ZQ-unsplash-600x400.jpg 600w\" sizes=\"auto, (max-width: 1024px) 100vw, 1024px\" \/><\/figure>\n<\/div>\n\n\n\n<div class=\"wp-block-column is-vertically-aligned-center is-layout-flow wp-block-column-is-layout-flow\">\n<h2 class=\"wp-block-heading\"><strong>Inscription et auto-positionnement&nbsp;<\/strong><\/h2>\n\n\n\n<p class=\"has-black-color has-text-color has-link-color wp-elements-33533c35d6796f73f334e5d13e7a4ee9\" style=\"font-size:16px\">Suite \u00e0 votre inscription, vous devrez effectuer des tests d\u2019auto-positionnement en ligne via la r\u00e9ception d\u2019un simple lien par mail personnel. Ces tests de positionnement permettent aux formateurs de personnaliser et d\u2019organiser au mieux leurs interventions. Vous aurez \u00e9galement \u00e0&nbsp;compl\u00e9ter votre dossier d\u2019admission.<\/p>\n<\/div>\n<\/div>\n\n\n\n<div class=\"wp-block-columns alignwide are-vertically-aligned-center is-layout-flex wp-container-core-columns-is-layout-9d6595d7 wp-block-columns-is-layout-flex\">\n<div class=\"wp-block-column is-vertically-aligned-center is-layout-flow wp-block-column-is-layout-flow\">\n<h2 class=\"wp-block-heading has-text-align-right\"><strong>Recherche d\u2019un employeur<\/strong><\/h2>\n\n\n\n<p class=\"has-text-align-right\" style=\"font-size:15px\">Lors de votre entretien, vous aurez pr\u00e9cis\u00e9 les profils d\u2019employeurs que vous recherchez. Nous r\u00e9coltons les offres de nombreux employeurs et nous vous mettrons donc en contact.&nbsp;Cependant, nous vous recommandons de faire vos&nbsp;propres d\u00e9marches en parall\u00e8le.<\/p>\n\n\n\n<p class=\"has-text-align-right has-black-color has-text-color has-link-color wp-elements-303ab27a462d4e3e2376199c3c357a1a\" style=\"font-size:16px\">Tout au&nbsp;long de votre recherche, nous vous transmettrons les coordonn\u00e9es d\u2019employeurs \u00e0 contacter.&nbsp;Nous sommes disponibles pour&nbsp;renseigner tous les employeurs qui souhaiteraient des informations, des simulations de&nbsp;salaire ou de co\u00fbt.<\/p>\n\n\n\n<p class=\"has-text-align-right\" style=\"font-size:15px\">Nous ferons&nbsp;r\u00e9guli\u00e8rement un point avec vous sur l\u2019avancement de votre recherche. Quand vous aurez trouv\u00e9 un employeur, nous lui enverrons les documents n\u00e9cessaires \u00e0 la conclusion de votre contrat et il sera accompagn\u00e9 dans ses d\u00e9marches.<\/p>\n<\/div>\n\n\n\n<div class=\"wp-block-column is-vertically-aligned-center is-layout-flow wp-block-column-is-layout-flow\">\n<figure class=\"wp-block-image size-large is-style-default\"><img loading=\"lazy\" decoding=\"async\" width=\"1024\" height=\"683\" src=\"https:\/\/www.cfa-les3bvitre.com\/wp-content\/uploads\/2022\/05\/rechercher-un-employeur-1024x683.jpg\" alt=\"\" class=\"wp-image-743\" srcset=\"https:\/\/www.cfa-les3bvitre.com\/wp-content\/uploads\/2022\/05\/rechercher-un-employeur-1024x683.jpg 1024w, https:\/\/www.cfa-les3bvitre.com\/wp-content\/uploads\/2022\/05\/rechercher-un-employeur-300x200.jpg 300w, https:\/\/www.cfa-les3bvitre.com\/wp-content\/uploads\/2022\/05\/rechercher-un-employeur-768x512.jpg 768w, https:\/\/www.cfa-les3bvitre.com\/wp-content\/uploads\/2022\/05\/rechercher-un-employeur-1536x1024.jpg 1536w, https:\/\/www.cfa-les3bvitre.com\/wp-content\/uploads\/2022\/05\/rechercher-un-employeur-2048x1365.jpg 2048w, https:\/\/www.cfa-les3bvitre.com\/wp-content\/uploads\/2022\/05\/rechercher-un-employeur-1200x800.jpg 1200w, https:\/\/www.cfa-les3bvitre.com\/wp-content\/uploads\/2022\/05\/rechercher-un-employeur-600x400.jpg 600w\" sizes=\"auto, (max-width: 1024px) 100vw, 1024px\" \/><\/figure>\n<\/div>\n<\/div>\n\n\n\n<div style=\"height:78px\" aria-hidden=\"true\" class=\"wp-block-spacer\"><\/div>\n\n\n\n<div class=\"wp-block-buttons alignwide is-content-justification-center is-layout-flex wp-container-core-buttons-is-layout-16018d1d wp-block-buttons-is-layout-flex\">\n<div class=\"wp-block-button\"><a class=\"wp-block-button__link has-white-color has-text-color has-background has-link-color has-medium-font-size has-text-align-center has-custom-font-size wp-element-button\" href=\"https:\/\/www.cfa-les3bvitre.com\/index.php\/presentation-de-la-formation-sommelier-caviste\/\" style=\"background-color:#4aa3a2\"><strong>D\u00e9couvrez la formation de Sommelier Caviste<\/strong><\/a><\/div>\n\n\n\n<div class=\"wp-block-button\"><a class=\"wp-block-button__link has-white-color has-text-color has-background has-link-color has-medium-font-size has-custom-font-size wp-element-button\" href=\"https:\/\/www.cfa-les3bvitre.com\/index.php\/formation-bierologue-zythologue\/\" style=\"background-color:#4aa3a2\"><strong>D\u00e9couvrez la formation de Bi\u00e8rologue Zythologue<\/strong><\/a><\/div>\n<\/div>\n\n\n\n<div style=\"height:43px\" aria-hidden=\"true\" class=\"wp-block-spacer\"><\/div>\n\n\n\n<p><\/p>\n","protected":false},"excerpt":{"rendered":"<p>Cr\u00e9\u00e9 en 2020, le CFA Les 3B a pour ambition de transmettre la passion et l\u2019exp\u00e9rience acquises depuis 25 ans par les fondateurs des Sommeliers Cavistes, Antoine &amp; J\u00e9r\u00f4me Jeuland, et ce notamment \u00e0 travers ses formations. Prise de contact avec le CFA Contactez nous par mail \u00e0 l\u2019adresse\u00a0secretariat@cfales3b.fr\u00a0en pr\u00e9cisant la session de formation qui [&hellip;]<\/p>\n","protected":false},"author":2,"featured_media":0,"parent":0,"menu_order":0,"comment_status":"closed","ping_status":"closed","template":"","meta":{"_eb_attr":"","_regular_price":[],"currency_symbol":[],"footnotes":""},"class_list":["post-288","page","type-page","status-publish","hentry"],"post_slider_layout_featured_media_urls":{"thumbnail":"","post_slider_layout_landscape_large":"","post_slider_layout_portrait_large":"","post_slider_layout_square_large":"","post_slider_layout_landscape":"","post_slider_layout_portrait":"","post_slider_layout_square":"","full":""},"yoast_head":"<!-- This site is optimized with the Yoast SEO plugin v27.6 - https:\/\/yoast.com\/product\/yoast-seo-wordpress\/ -->\n<title>Comment acc\u00e9der \u00e0 nos formations ?<\/title>\n<meta name=\"description\" content=\"Vous retrouverez tous les d\u00e9tails et le processus de recrutement pour nos formations de Sommelier Caviste &amp; Bi\u00e8rologue Zythologue.\" \/>\n<meta name=\"robots\" content=\"index, follow, max-snippet:-1, max-image-preview:large, max-video-preview:-1\" \/>\n<link rel=\"canonical\" href=\"https:\/\/www.cfa-les3bvitre.com\/index.php\/comment-acceder-a-nos-formations\/\" \/>\n<meta property=\"og:locale\" content=\"fr_FR\" \/>\n<meta property=\"og:type\" content=\"article\" \/>\n<meta property=\"og:title\" content=\"Comment acc\u00e9der \u00e0 nos formations ?\" \/>\n<meta property=\"og:description\" content=\"Vous retrouverez tous les d\u00e9tails et le processus de recrutement pour nos formations de Sommelier Caviste &amp; Bi\u00e8rologue Zythologue.\" \/>\n<meta property=\"og:url\" content=\"https:\/\/www.cfa-les3bvitre.com\/index.php\/comment-acceder-a-nos-formations\/\" \/>\n<meta property=\"og:site_name\" content=\"CFA Les 3B Vitr\u00e9\" \/>\n<meta property=\"article:publisher\" content=\"https:\/\/www.facebook.com\/cfales3bvitre\" \/>\n<meta property=\"article:modified_time\" content=\"2025-07-01T14:50:10+00:00\" \/>\n<meta property=\"og:image\" content=\"https:\/\/www.cfa-les3bvitre.com\/wp-content\/uploads\/2022\/03\/photo-facade-3B.png\" \/>\n\t<meta property=\"og:image:width\" content=\"1440\" \/>\n\t<meta property=\"og:image:height\" content=\"1080\" \/>\n\t<meta property=\"og:image:type\" content=\"image\/png\" \/>\n<meta name=\"twitter:card\" content=\"summary_large_image\" \/>\n<meta name=\"twitter:label1\" content=\"Dur\u00e9e de lecture estim\u00e9e\" \/>\n\t<meta name=\"twitter:data1\" content=\"3 minutes\" \/>\n<script type=\"application\/ld+json\" class=\"yoast-schema-graph\">{\"@context\":\"https:\\\/\\\/schema.org\",\"@graph\":[{\"@type\":\"WebPage\",\"@id\":\"https:\\\/\\\/www.cfa-les3bvitre.com\\\/index.php\\\/comment-acceder-a-nos-formations\\\/\",\"url\":\"https:\\\/\\\/www.cfa-les3bvitre.com\\\/index.php\\\/comment-acceder-a-nos-formations\\\/\",\"name\":\"Comment acc\u00e9der \u00e0 nos formations ?\",\"isPartOf\":{\"@id\":\"https:\\\/\\\/www.cfa-les3bvitre.com\\\/#website\"},\"primaryImageOfPage\":{\"@id\":\"https:\\\/\\\/www.cfa-les3bvitre.com\\\/index.php\\\/comment-acceder-a-nos-formations\\\/#primaryimage\"},\"image\":{\"@id\":\"https:\\\/\\\/www.cfa-les3bvitre.com\\\/index.php\\\/comment-acceder-a-nos-formations\\\/#primaryimage\"},\"thumbnailUrl\":\"https:\\\/\\\/www.cfa-les3bvitre.com\\\/wp-content\\\/uploads\\\/2022\\\/03\\\/photo-facade-3B-1024x768.png\",\"datePublished\":\"2022-03-31T07:55:35+00:00\",\"dateModified\":\"2025-07-01T14:50:10+00:00\",\"description\":\"Vous retrouverez tous les d\u00e9tails et le processus de recrutement pour nos formations de Sommelier Caviste & Bi\u00e8rologue Zythologue.\",\"breadcrumb\":{\"@id\":\"https:\\\/\\\/www.cfa-les3bvitre.com\\\/index.php\\\/comment-acceder-a-nos-formations\\\/#breadcrumb\"},\"inLanguage\":\"fr-FR\",\"potentialAction\":[{\"@type\":\"ReadAction\",\"target\":[\"https:\\\/\\\/www.cfa-les3bvitre.com\\\/index.php\\\/comment-acceder-a-nos-formations\\\/\"]}]},{\"@type\":\"ImageObject\",\"inLanguage\":\"fr-FR\",\"@id\":\"https:\\\/\\\/www.cfa-les3bvitre.com\\\/index.php\\\/comment-acceder-a-nos-formations\\\/#primaryimage\",\"url\":\"https:\\\/\\\/www.cfa-les3bvitre.com\\\/wp-content\\\/uploads\\\/2022\\\/03\\\/photo-facade-3B.png\",\"contentUrl\":\"https:\\\/\\\/www.cfa-les3bvitre.com\\\/wp-content\\\/uploads\\\/2022\\\/03\\\/photo-facade-3B.png\",\"width\":1440,\"height\":1080},{\"@type\":\"BreadcrumbList\",\"@id\":\"https:\\\/\\\/www.cfa-les3bvitre.com\\\/index.php\\\/comment-acceder-a-nos-formations\\\/#breadcrumb\",\"itemListElement\":[{\"@type\":\"ListItem\",\"position\":1,\"name\":\"Accueil\",\"item\":\"https:\\\/\\\/www.cfa-les3bvitre.com\\\/\"},{\"@type\":\"ListItem\",\"position\":2,\"name\":\"Comment acc\u00e9der \u00e0 nos formations ?\"}]},{\"@type\":\"WebSite\",\"@id\":\"https:\\\/\\\/www.cfa-les3bvitre.com\\\/#website\",\"url\":\"https:\\\/\\\/www.cfa-les3bvitre.com\\\/\",\"name\":\"CFA Les 3B Vitr\u00e9\",\"description\":\"\",\"publisher\":{\"@id\":\"https:\\\/\\\/www.cfa-les3bvitre.com\\\/#organization\"},\"potentialAction\":[{\"@type\":\"SearchAction\",\"target\":{\"@type\":\"EntryPoint\",\"urlTemplate\":\"https:\\\/\\\/www.cfa-les3bvitre.com\\\/?s={search_term_string}\"},\"query-input\":{\"@type\":\"PropertyValueSpecification\",\"valueRequired\":true,\"valueName\":\"search_term_string\"}}],\"inLanguage\":\"fr-FR\"},{\"@type\":\"Organization\",\"@id\":\"https:\\\/\\\/www.cfa-les3bvitre.com\\\/#organization\",\"name\":\"CFA LES 3B VITR\u00c9\",\"url\":\"https:\\\/\\\/www.cfa-les3bvitre.com\\\/\",\"logo\":{\"@type\":\"ImageObject\",\"inLanguage\":\"fr-FR\",\"@id\":\"https:\\\/\\\/www.cfa-les3bvitre.com\\\/#\\\/schema\\\/logo\\\/image\\\/\",\"url\":\"https:\\\/\\\/www.cfa-les3bvitre.com\\\/wp-content\\\/uploads\\\/2022\\\/03\\\/cropped-LOGO-CFA-LES-3B-site-web-07.png\",\"contentUrl\":\"https:\\\/\\\/www.cfa-les3bvitre.com\\\/wp-content\\\/uploads\\\/2022\\\/03\\\/cropped-LOGO-CFA-LES-3B-site-web-07.png\",\"width\":240,\"height\":149,\"caption\":\"CFA LES 3B VITR\u00c9\"},\"image\":{\"@id\":\"https:\\\/\\\/www.cfa-les3bvitre.com\\\/#\\\/schema\\\/logo\\\/image\\\/\"},\"sameAs\":[\"https:\\\/\\\/www.facebook.com\\\/cfales3bvitre\",\"https:\\\/\\\/www.linkedin.com\\\/company\\\/cfa-les-3b\\\/\"]}]}<\/script>\n<!-- \/ Yoast SEO plugin. -->","yoast_head_json":{"title":"Comment acc\u00e9der \u00e0 nos formations ?","description":"Vous retrouverez tous les d\u00e9tails et le processus de recrutement pour nos formations de Sommelier Caviste & Bi\u00e8rologue Zythologue.","robots":{"index":"index","follow":"follow","max-snippet":"max-snippet:-1","max-image-preview":"max-image-preview:large","max-video-preview":"max-video-preview:-1"},"canonical":"https:\/\/www.cfa-les3bvitre.com\/index.php\/comment-acceder-a-nos-formations\/","og_locale":"fr_FR","og_type":"article","og_title":"Comment acc\u00e9der \u00e0 nos formations ?","og_description":"Vous retrouverez tous les d\u00e9tails et le processus de recrutement pour nos formations de Sommelier Caviste & Bi\u00e8rologue Zythologue.","og_url":"https:\/\/www.cfa-les3bvitre.com\/index.php\/comment-acceder-a-nos-formations\/","og_site_name":"CFA Les 3B Vitr\u00e9","article_publisher":"https:\/\/www.facebook.com\/cfales3bvitre","article_modified_time":"2025-07-01T14:50:10+00:00","og_image":[{"width":1440,"height":1080,"url":"https:\/\/www.cfa-les3bvitre.com\/wp-content\/uploads\/2022\/03\/photo-facade-3B.png","type":"image\/png"}],"twitter_card":"summary_large_image","twitter_misc":{"Dur\u00e9e de lecture estim\u00e9e":"3 minutes"},"schema":{"@context":"https:\/\/schema.org","@graph":[{"@type":"WebPage","@id":"https:\/\/www.cfa-les3bvitre.com\/index.php\/comment-acceder-a-nos-formations\/","url":"https:\/\/www.cfa-les3bvitre.com\/index.php\/comment-acceder-a-nos-formations\/","name":"Comment acc\u00e9der \u00e0 nos formations ?","isPartOf":{"@id":"https:\/\/www.cfa-les3bvitre.com\/#website"},"primaryImageOfPage":{"@id":"https:\/\/www.cfa-les3bvitre.com\/index.php\/comment-acceder-a-nos-formations\/#primaryimage"},"image":{"@id":"https:\/\/www.cfa-les3bvitre.com\/index.php\/comment-acceder-a-nos-formations\/#primaryimage"},"thumbnailUrl":"https:\/\/www.cfa-les3bvitre.com\/wp-content\/uploads\/2022\/03\/photo-facade-3B-1024x768.png","datePublished":"2022-03-31T07:55:35+00:00","dateModified":"2025-07-01T14:50:10+00:00","description":"Vous retrouverez tous les d\u00e9tails et le processus de recrutement pour nos formations de Sommelier Caviste & Bi\u00e8rologue Zythologue.","breadcrumb":{"@id":"https:\/\/www.cfa-les3bvitre.com\/index.php\/comment-acceder-a-nos-formations\/#breadcrumb"},"inLanguage":"fr-FR","potentialAction":[{"@type":"ReadAction","target":["https:\/\/www.cfa-les3bvitre.com\/index.php\/comment-acceder-a-nos-formations\/"]}]},{"@type":"ImageObject","inLanguage":"fr-FR","@id":"https:\/\/www.cfa-les3bvitre.com\/index.php\/comment-acceder-a-nos-formations\/#primaryimage","url":"https:\/\/www.cfa-les3bvitre.com\/wp-content\/uploads\/2022\/03\/photo-facade-3B.png","contentUrl":"https:\/\/www.cfa-les3bvitre.com\/wp-content\/uploads\/2022\/03\/photo-facade-3B.png","width":1440,"height":1080},{"@type":"BreadcrumbList","@id":"https:\/\/www.cfa-les3bvitre.com\/index.php\/comment-acceder-a-nos-formations\/#breadcrumb","itemListElement":[{"@type":"ListItem","position":1,"name":"Accueil","item":"https:\/\/www.cfa-les3bvitre.com\/"},{"@type":"ListItem","position":2,"name":"Comment acc\u00e9der \u00e0 nos formations ?"}]},{"@type":"WebSite","@id":"https:\/\/www.cfa-les3bvitre.com\/#website","url":"https:\/\/www.cfa-les3bvitre.com\/","name":"CFA Les 3B Vitr\u00e9","description":"","publisher":{"@id":"https:\/\/www.cfa-les3bvitre.com\/#organization"},"potentialAction":[{"@type":"SearchAction","target":{"@type":"EntryPoint","urlTemplate":"https:\/\/www.cfa-les3bvitre.com\/?s={search_term_string}"},"query-input":{"@type":"PropertyValueSpecification","valueRequired":true,"valueName":"search_term_string"}}],"inLanguage":"fr-FR"},{"@type":"Organization","@id":"https:\/\/www.cfa-les3bvitre.com\/#organization","name":"CFA LES 3B VITR\u00c9","url":"https:\/\/www.cfa-les3bvitre.com\/","logo":{"@type":"ImageObject","inLanguage":"fr-FR","@id":"https:\/\/www.cfa-les3bvitre.com\/#\/schema\/logo\/image\/","url":"https:\/\/www.cfa-les3bvitre.com\/wp-content\/uploads\/2022\/03\/cropped-LOGO-CFA-LES-3B-site-web-07.png","contentUrl":"https:\/\/www.cfa-les3bvitre.com\/wp-content\/uploads\/2022\/03\/cropped-LOGO-CFA-LES-3B-site-web-07.png","width":240,"height":149,"caption":"CFA LES 3B VITR\u00c9"},"image":{"@id":"https:\/\/www.cfa-les3bvitre.com\/#\/schema\/logo\/image\/"},"sameAs":["https:\/\/www.facebook.com\/cfales3bvitre","https:\/\/www.linkedin.com\/company\/cfa-les-3b\/"]}]}},"_links":{"self":[{"href":"https:\/\/www.cfa-les3bvitre.com\/index.php\/wp-json\/wp\/v2\/pages\/288","targetHints":{"allow":["GET"]}}],"collection":[{"href":"https:\/\/www.cfa-les3bvitre.com\/index.php\/wp-json\/wp\/v2\/pages"}],"about":[{"href":"https:\/\/www.cfa-les3bvitre.com\/index.php\/wp-json\/wp\/v2\/types\/page"}],"author":[{"embeddable":true,"href":"https:\/\/www.cfa-les3bvitre.com\/index.php\/wp-json\/wp\/v2\/users\/2"}],"replies":[{"embeddable":true,"href":"https:\/\/www.cfa-les3bvitre.com\/index.php\/wp-json\/wp\/v2\/comments?post=288"}],"version-history":[{"count":25,"href":"https:\/\/www.cfa-les3bvitre.com\/index.php\/wp-json\/wp\/v2\/pages\/288\/revisions"}],"predecessor-version":[{"id":3358,"href":"https:\/\/www.cfa-les3bvitre.com\/index.php\/wp-json\/wp\/v2\/pages\/288\/revisions\/3358"}],"wp:attachment":[{"href":"https:\/\/www.cfa-les3bvitre.com\/index.php\/wp-json\/wp\/v2\/media?parent=288"}],"curies":[{"name":"wp","href":"https:\/\/api.w.org\/{rel}","templated":true}]}}