{"id":3610,"date":"2025-10-24T14:53:03","date_gmt":"2025-10-24T12:53:03","guid":{"rendered":"https:\/\/www.cfa-les3bvitre.com\/?page_id=3610"},"modified":"2026-02-05T18:11:32","modified_gmt":"2026-02-05T17:11:32","slug":"projet-erasmus","status":"publish","type":"page","link":"https:\/\/www.cfa-les3bvitre.com\/index.php\/projet-erasmus\/","title":{"rendered":"PROJET ERASMUS +"},"content":{"rendered":"\n<div style=\"height:100px\" aria-hidden=\"true\" class=\"wp-block-spacer\"><\/div>\n\n\n\n<div class=\"wp-block-ive-ibtana-visual-editorheading\"><div class=\"ive-advanced-text-wrap ive-div-advance-text_86f24e-47 undefined text-center text-md-center text-lg-center text-xl-center\"><div class=\"ive-text-option-parent\"><img decoding=\"async\" src=\"https:\/\/www.cfa-les3bvitre.com\/wp-content\/uploads\/2025\/10\/LOGO-TRISKELA-ET-EU-PETIT-e1761294609900.png\" alt=\"\"\/><\/div><h1 class=\"ive-heading-parent undefined ive-advanced-text-inner-wrap ive-adv-advance-text_86f24e-47 ive-lh-xs-30 ive-lh-sm-30 ive-lh-md-30 ive-lh-lg-30 ive-lh-xl-100\" id=\"ive-adv-advance-text_86f24e-47\">TRISKELA &#8211; Novembre 2025<\/h1><\/div><\/div>\n\n\n\n<p class=\"has-text-align-center\" style=\"font-size:17px\">D\u00e9couvrez <a href=\"https:\/\/www.cfa-les3bvitre.com\/wp-content\/uploads\/2026\/02\/ERASMUS_TRISKELA_SICILE.pdf\" type=\"attachment\" id=\"4141\"><mark style=\"background-color:rgba(0, 0, 0, 0)\" class=\"has-inline-color has-vivid-cyan-blue-color\">ici<\/mark><\/a> la restitution de leur s\u00e9jour par les apprenti.es<\/p>\n\n\n\n<div style=\"height:45px\" aria-hidden=\"true\" class=\"wp-block-spacer\"><\/div>\n\n\n\n<div class=\"wp-block-ive-ibtana-visual-editorheading\"><div class=\"ive-advanced-text-wrap ive-div-advance-text_c6c62a-d5 undefined text-center text-md-center text-lg-center text-xl-center\"><div class=\"ive-text-option-parent\"><img decoding=\"async\" src=\"https:\/\/www.cfa-les3bvitre.com\/wp-content\/uploads\/2025\/10\/SICILE-DRAPEAU-IT-e1761299255272.png\" alt=\"\"\/><\/div><h2 class=\"ive-heading-parent undefined ive-advanced-text-inner-wrap ive-adv-advance-text_c6c62a-d5 ive-lh-xs-30 ive-lh-sm-30 ive-lh-md-30 ive-lh-lg-30 ive-lh-xl-30\" id=\"ive-adv-advance-text_c6c62a-d5\">Pour cette premi\u00e8re mobilit\u00e9 de groupe Erasmus +, nous avons mis le cap sur la Sicile avec nos apprenti.es sommeliers cavistes, en collaboration avec les \u00e9tudiant.es de l&rsquo;<a rel=\"noreferrer noopener\" href=\"https:\/\/www.istitutoflorioerice.edu.it\/\"><mark class=\"has-inline-color has-vivid-cyan-blue-color\" style=\"background-color:rgba(0, 0, 0, 0)\">Istituto Istruzione Superiore \u00ab\u00a0I. e V. Florio<\/mark><\/a>\u00a0\u00bb situ\u00e9 \u00e0 Trapani et Erice.<\/h2><\/div><\/div>\n\n\n\n<div style=\"height:27px\" aria-hidden=\"true\" class=\"wp-block-spacer\"><\/div>\n\n\n\n<p style=\"font-size:17px\">Triskela, notre tout premier projet de mobilit\u00e9 de groupe ERASMUS + est n\u00e9 d&rsquo;une envie de proposer \u00e0 nos <a href=\"https:\/\/www.cfa-les3bvitre.com\/index.php\/presentation-de-la-formation-sommelier-caviste\/\" target=\"_blank\" rel=\"noreferrer noopener\"><mark style=\"background-color:rgba(0, 0, 0, 0)\" class=\"has-inline-color has-vivid-cyan-blue-color\">apprenti.es sommeliers &#8211; cavistes<\/mark><\/a> une ouverture sur le monde et ses pratiques viti-vinicoles.<\/p>\n\n\n\n<p style=\"font-size:17px\">Ce voyage p\u00e9dagogique s&rsquo;est assez naturellement tourn\u00e9 vers la Sicile car il s&rsquo;agit du plus grand vignoble italien en production biologique et engag\u00e9 depuis plus de 20 ans dans des pratiques \u00e9co-responsables et durables.<\/p>\n\n\n\n<p style=\"font-size:17px\">La collaboration avec l&rsquo;Istituto \u00ab\u00a0I. e V. Florio\u00a0\u00bb a \u00e9t\u00e9 l&rsquo;occasion pour tous les apprenti.es de partager leurs savoirs autour de la gastronomie de nos 2 r\u00e9gions, du service et des accords mets et vins.<\/p>\n\n\n\n<div style=\"height:27px\" aria-hidden=\"true\" class=\"wp-block-spacer\"><\/div>\n\n\n\n<div class=\"wp-block-ive-ibtana-visual-editorheading\"><div class=\"ive-advanced-text-wrap ive-div-advance-text_ce3731-85 undefined text-center text-md-center text-lg-start text-xl-start\"><div class=\"ive-text-option-parent\"><i class=\"fas fa-question-circle ive-paragraph-icon\"><\/i><\/div><h2 class=\"ive-heading-parent undefined ive-advanced-text-inner-wrap ive-adv-advance-text_ce3731-85 ive-lh-xs-30 ive-lh-sm-30 ive-lh-md-30 ive-lh-lg-30 ive-lh-xl-30\" id=\"ive-adv-advance-text_ce3731-85\">Triskela ? &#8211; plus qu&rsquo;un nom de projet : un m\u00e9lange de 2 cultures europ\u00e9ennes   <\/h2><\/div><\/div>\n\n\n\n<div style=\"height:27px\" aria-hidden=\"true\" class=\"wp-block-spacer\"><\/div>\n\n\n\n<p style=\"font-size:17px\">Triskela est le fruit de la rencontre entre nos 2 cultures europ\u00e9ennes : <\/p>\n\n\n\n<p style=\"font-size:17px\">&#8211; le Triskell, symbole breton de la force et du mouvement<\/p>\n\n\n\n<p style=\"font-size:17px\">&#8211; la Trinacria, embl\u00e8me sicilien repr\u00e9sentant l&rsquo;\u00eele et son histoire.<\/p>\n\n\n\n<p style=\"font-size:17px\">R\u00e9unis, ils forment Triskela, nom de notre premier projet ERASMUS + autour du vin et de la gastronomie qui unit donc Bretagne et Sicile.<\/p>\n\n\n\n<div style=\"height:27px\" aria-hidden=\"true\" class=\"wp-block-spacer\"><\/div>\n\n\n\n<div class=\"wp-block-ive-ibtana-visual-editorheading\"><div class=\"ive-advanced-text-wrap ive-div-advance-text_3a4780-58 undefined text-center text-md-center text-lg-start text-xl-start\"><div class=\"ive-text-option-parent\"><i class=\"fas fa-crosshairs ive-paragraph-icon\"><\/i><\/div><h2 class=\"ive-heading-parent undefined ive-advanced-text-inner-wrap ive-adv-advance-text_3a4780-58 ive-lh-xs-30 ive-lh-sm-30 ive-lh-md-30 ive-lh-lg-30 ive-lh-xl-30\" id=\"ive-adv-advance-text_3a4780-58\">Les objectifs principaux : <\/h2><\/div><\/div>\n\n\n\n<div style=\"height:27px\" aria-hidden=\"true\" class=\"wp-block-spacer\"><\/div>\n\n\n\n<p style=\"font-size:17px\">&#8211; D\u00e9couvrir la fili\u00e8re vitivinicole sicilienne bio et ses pratiques \u00e9co-responsables et durables<\/p>\n\n\n\n<p style=\"font-size:17px\">&#8211; Faire d\u00e9couvrir des mets et des vins bretons<\/p>\n\n\n\n<p style=\"font-size:17px\">&#8211; Collaborer, autour de la gastronomie, avec des \u00e9tudiants italiens<\/p>\n\n\n\n<p style=\"font-size:17px\">&#8211; Pr\u00e9parer une restitution de ces pratiques, \u00e0 destination des vignerons bretons, en janvier 2026, au lyc\u00e9e de <a href=\"https:\/\/www.kerplouz.com\/\" target=\"_blank\" rel=\"noreferrer noopener\"><mark style=\"background-color:rgba(0, 0, 0, 0)\" class=\"has-inline-color has-vivid-cyan-blue-color\">Kerplouz LaSalle \u00e0 Auray<\/mark><\/a><\/p>\n\n\n\n<div style=\"height:27px\" aria-hidden=\"true\" class=\"wp-block-spacer\"><\/div>\n\n\n\n<div class=\"wp-block-ive-ibtana-visual-editorheading\"><div class=\"ive-advanced-text-wrap ive-div-advance-text_0abffa-e6 undefined text-center text-md-center text-lg-start text-xl-start\"><div class=\"ive-text-option-parent\"><i class=\"fas fa-calendar-alt ive-paragraph-icon\"><\/i><\/div><h2 class=\"ive-heading-parent undefined ive-advanced-text-inner-wrap ive-adv-advance-text_0abffa-e6 ive-lh-xs-30 ive-lh-sm-30 ive-lh-md-30 ive-lh-lg-30 ive-lh-xl-30\" id=\"ive-adv-advance-text_0abffa-e6\">Au programme :<\/h2><\/div><\/div>\n\n\n\n<div style=\"height:27px\" aria-hidden=\"true\" class=\"wp-block-spacer\"><\/div>\n\n\n\n<p style=\"font-size:17px\">&#8211; Visites de domaines et de coop\u00e9ratives&nbsp;:<\/p>\n\n\n\n<ul class=\"wp-block-list\">\n<li><a href=\"https:\/\/cantineflorio.it\/\" target=\"_blank\" rel=\"noreferrer noopener\"><mark style=\"background-color:rgba(0, 0, 0, 0)\" class=\"has-inline-color has-vivid-cyan-blue-color\">Cantine Florio<\/mark><\/a><\/li>\n\n\n\n<li><a href=\"https:\/\/www.marchesedellesaline.com\/\" target=\"_blank\" rel=\"noreferrer noopener\"><mark style=\"background-color:rgba(0, 0, 0, 0)\" class=\"has-inline-color has-vivid-cyan-blue-color\">Marchese delle Saline<\/mark><\/a><\/li>\n\n\n\n<li><a href=\"https:\/\/www.marcodebartoli.com\/\" target=\"_blank\" rel=\"noreferrer noopener\"><mark style=\"background-color:rgba(0, 0, 0, 0)\" class=\"has-inline-color has-vivid-cyan-blue-color\">Marco de Bartoli<\/mark><\/a><\/li>\n\n\n\n<li><a href=\"https:\/\/www.donnafugata.it\/it\/?srsltid=AfmBOoqPWvuMjW8BvjuavERgMLbjOl5PfmjCz893NzQnMPp6d3U2G3jB\" target=\"_blank\" rel=\"noreferrer noopener\"><mark style=\"background-color:rgba(0, 0, 0, 0)\" class=\"has-inline-color has-vivid-cyan-blue-color\">Donna Fugata<\/mark><\/a><\/li>\n\n\n\n<li><a href=\"https:\/\/www.tonninowinery.com\/\" target=\"_blank\" rel=\"noreferrer noopener\"><mark style=\"background-color:rgba(0, 0, 0, 0)\" class=\"has-inline-color has-vivid-cyan-blue-color\">Tonnino<\/mark><\/a><\/li>\n\n\n\n<li><a href=\"http:\/\/possente.it\/en\/\" target=\"_blank\" rel=\"noreferrer noopener\"><mark style=\"background-color:rgba(0, 0, 0, 0)\" class=\"has-inline-color has-vivid-cyan-blue-color\">Possente<\/mark><\/a><\/li>\n\n\n\n<li><a href=\"http:\/\/aldoviola.com\" target=\"_blank\" rel=\"noreferrer noopener\"><mark style=\"background-color:rgba(0, 0, 0, 0)\" class=\"has-inline-color has-vivid-cyan-blue-color\">Aldo Viola<\/mark><\/a> <\/li>\n\n\n\n<li><a href=\"https:\/\/cantinefina.it\/\"><mark style=\"background-color:rgba(0, 0, 0, 0)\" class=\"has-inline-color has-vivid-cyan-blue-color\">Fina<\/mark><\/a><\/li>\n<\/ul>\n\n\n\n<p style=\"font-size:17px\">&#8211; Visite des plateaux techniques du lyc\u00e9e h\u00f4telier et du patrimoine local<\/p>\n\n\n\n<p style=\"font-size:17px\">&#8211; Collaboration gastronomique entre apprenti.es autour d\u2019un repas sicilien, de la cuisine au service du vin<\/p>\n\n\n\n<p style=\"font-size:17px\">&#8211; Animation d\u2019ateliers d\u2019accords Mets &amp; Vins bretons par nos apprenti.es&nbsp;<\/p>\n\n\n\n<p style=\"font-size:17px\">&#8211; Partage et pratique de la d\u00e9gustation intuitive<\/p>\n\n\n\n<div style=\"height:27px\" aria-hidden=\"true\" class=\"wp-block-spacer\"><\/div>\n\n\n<div class=\"wp-block-image\">\n<figure class=\"alignright size-large is-resized\"><img loading=\"lazy\" decoding=\"async\" width=\"1024\" height=\"231\" src=\"https:\/\/www.cfa-les3bvitre.com\/wp-content\/uploads\/2025\/10\/FR_FundedbytheEU_RGB_POS-1024x231.png\" alt=\"\" class=\"wp-image-3649\" style=\"width:327px;height:auto\" srcset=\"https:\/\/www.cfa-les3bvitre.com\/wp-content\/uploads\/2025\/10\/FR_FundedbytheEU_RGB_POS-1024x231.png 1024w, https:\/\/www.cfa-les3bvitre.com\/wp-content\/uploads\/2025\/10\/FR_FundedbytheEU_RGB_POS-300x68.png 300w, https:\/\/www.cfa-les3bvitre.com\/wp-content\/uploads\/2025\/10\/FR_FundedbytheEU_RGB_POS-768x173.png 768w, https:\/\/www.cfa-les3bvitre.com\/wp-content\/uploads\/2025\/10\/FR_FundedbytheEU_RGB_POS-1536x346.png 1536w, https:\/\/www.cfa-les3bvitre.com\/wp-content\/uploads\/2025\/10\/FR_FundedbytheEU_RGB_POS-2048x461.png 2048w\" sizes=\"auto, (max-width: 1024px) 100vw, 1024px\" \/><\/figure>\n<\/div>\n\n\n<p><\/p>\n","protected":false},"excerpt":{"rendered":"<p>D\u00e9couvrez ici la restitution de leur s\u00e9jour par les apprenti.es Triskela, notre tout premier projet de mobilit\u00e9 de groupe ERASMUS + est n\u00e9 d&rsquo;une envie de proposer \u00e0 nos apprenti.es sommeliers &#8211; cavistes une ouverture sur le monde et ses pratiques viti-vinicoles. Ce voyage p\u00e9dagogique s&rsquo;est assez naturellement tourn\u00e9 vers la Sicile car il s&rsquo;agit [&hellip;]<\/p>\n","protected":false},"author":4,"featured_media":0,"parent":0,"menu_order":0,"comment_status":"closed","ping_status":"closed","template":"","meta":{"_eb_attr":"","_regular_price":[],"currency_symbol":[],"footnotes":""},"class_list":["post-3610","page","type-page","status-publish","hentry"],"post_slider_layout_featured_media_urls":{"thumbnail":"","post_slider_layout_landscape_large":"","post_slider_layout_portrait_large":"","post_slider_layout_square_large":"","post_slider_layout_landscape":"","post_slider_layout_portrait":"","post_slider_layout_square":"","full":""},"yoast_head":"<!-- This site is optimized with the Yoast SEO plugin v27.6 - https:\/\/yoast.com\/product\/yoast-seo-wordpress\/ -->\n<title>PROJET ERASMUS + - CFA Les 3B Vitr\u00e9<\/title>\n<meta name=\"description\" content=\"PROJET ERASMUS + Mobilit\u00e9 de groupe Erasmus + CFA Les 3B Vitr\u00e9 Sicile apprenti.es sommeliers cavistes gastronomie culture europ\u00e9enne\" \/>\n<meta name=\"robots\" content=\"index, follow, max-snippet:-1, max-image-preview:large, max-video-preview:-1\" \/>\n<link rel=\"canonical\" href=\"https:\/\/www.cfa-les3bvitre.com\/index.php\/projet-erasmus\/\" \/>\n<meta property=\"og:locale\" content=\"fr_FR\" \/>\n<meta property=\"og:type\" content=\"article\" \/>\n<meta property=\"og:title\" content=\"PROJET ERASMUS + - CFA Les 3B Vitr\u00e9\" \/>\n<meta property=\"og:description\" content=\"PROJET ERASMUS + Mobilit\u00e9 de groupe Erasmus + CFA Les 3B Vitr\u00e9 Sicile apprenti.es sommeliers cavistes gastronomie culture europ\u00e9enne\" \/>\n<meta property=\"og:url\" content=\"https:\/\/www.cfa-les3bvitre.com\/index.php\/projet-erasmus\/\" \/>\n<meta property=\"og:site_name\" content=\"CFA Les 3B Vitr\u00e9\" \/>\n<meta property=\"article:publisher\" content=\"https:\/\/www.facebook.com\/cfales3bvitre\" \/>\n<meta property=\"article:modified_time\" content=\"2026-02-05T17:11:32+00:00\" \/>\n<meta property=\"og:image\" content=\"https:\/\/www.cfa-les3bvitre.com\/wp-content\/uploads\/2025\/10\/LOGO-TRISKELA-ET-EU-PETIT-e1761294609900.png\" \/>\n<meta name=\"twitter:card\" content=\"summary_large_image\" \/>\n<meta name=\"twitter:label1\" content=\"Dur\u00e9e de lecture estim\u00e9e\" \/>\n\t<meta name=\"twitter:data1\" content=\"3 minutes\" \/>\n<script type=\"application\/ld+json\" class=\"yoast-schema-graph\">{\"@context\":\"https:\\\/\\\/schema.org\",\"@graph\":[{\"@type\":\"WebPage\",\"@id\":\"https:\\\/\\\/www.cfa-les3bvitre.com\\\/index.php\\\/projet-erasmus\\\/\",\"url\":\"https:\\\/\\\/www.cfa-les3bvitre.com\\\/index.php\\\/projet-erasmus\\\/\",\"name\":\"PROJET ERASMUS + - CFA Les 3B Vitr\u00e9\",\"isPartOf\":{\"@id\":\"https:\\\/\\\/www.cfa-les3bvitre.com\\\/#website\"},\"primaryImageOfPage\":{\"@id\":\"https:\\\/\\\/www.cfa-les3bvitre.com\\\/index.php\\\/projet-erasmus\\\/#primaryimage\"},\"image\":{\"@id\":\"https:\\\/\\\/www.cfa-les3bvitre.com\\\/index.php\\\/projet-erasmus\\\/#primaryimage\"},\"thumbnailUrl\":\"https:\\\/\\\/www.cfa-les3bvitre.com\\\/wp-content\\\/uploads\\\/2025\\\/10\\\/LOGO-TRISKELA-ET-EU-PETIT-e1761294609900.png\",\"datePublished\":\"2025-10-24T12:53:03+00:00\",\"dateModified\":\"2026-02-05T17:11:32+00:00\",\"description\":\"PROJET ERASMUS + Mobilit\u00e9 de groupe Erasmus + CFA Les 3B Vitr\u00e9 Sicile apprenti.es sommeliers cavistes gastronomie culture europ\u00e9enne\",\"breadcrumb\":{\"@id\":\"https:\\\/\\\/www.cfa-les3bvitre.com\\\/index.php\\\/projet-erasmus\\\/#breadcrumb\"},\"inLanguage\":\"fr-FR\",\"potentialAction\":[{\"@type\":\"ReadAction\",\"target\":[\"https:\\\/\\\/www.cfa-les3bvitre.com\\\/index.php\\\/projet-erasmus\\\/\"]}]},{\"@type\":\"ImageObject\",\"inLanguage\":\"fr-FR\",\"@id\":\"https:\\\/\\\/www.cfa-les3bvitre.com\\\/index.php\\\/projet-erasmus\\\/#primaryimage\",\"url\":\"https:\\\/\\\/www.cfa-les3bvitre.com\\\/wp-content\\\/uploads\\\/2025\\\/10\\\/LOGO-TRISKELA-ET-EU-PETIT-e1761294609900.png\",\"contentUrl\":\"https:\\\/\\\/www.cfa-les3bvitre.com\\\/wp-content\\\/uploads\\\/2025\\\/10\\\/LOGO-TRISKELA-ET-EU-PETIT-e1761294609900.png\",\"width\":200,\"height\":200},{\"@type\":\"BreadcrumbList\",\"@id\":\"https:\\\/\\\/www.cfa-les3bvitre.com\\\/index.php\\\/projet-erasmus\\\/#breadcrumb\",\"itemListElement\":[{\"@type\":\"ListItem\",\"position\":1,\"name\":\"Accueil\",\"item\":\"https:\\\/\\\/www.cfa-les3bvitre.com\\\/\"},{\"@type\":\"ListItem\",\"position\":2,\"name\":\"PROJET ERASMUS +\"}]},{\"@type\":\"WebSite\",\"@id\":\"https:\\\/\\\/www.cfa-les3bvitre.com\\\/#website\",\"url\":\"https:\\\/\\\/www.cfa-les3bvitre.com\\\/\",\"name\":\"CFA Les 3B Vitr\u00e9\",\"description\":\"\",\"publisher\":{\"@id\":\"https:\\\/\\\/www.cfa-les3bvitre.com\\\/#organization\"},\"potentialAction\":[{\"@type\":\"SearchAction\",\"target\":{\"@type\":\"EntryPoint\",\"urlTemplate\":\"https:\\\/\\\/www.cfa-les3bvitre.com\\\/?s={search_term_string}\"},\"query-input\":{\"@type\":\"PropertyValueSpecification\",\"valueRequired\":true,\"valueName\":\"search_term_string\"}}],\"inLanguage\":\"fr-FR\"},{\"@type\":\"Organization\",\"@id\":\"https:\\\/\\\/www.cfa-les3bvitre.com\\\/#organization\",\"name\":\"CFA LES 3B VITR\u00c9\",\"url\":\"https:\\\/\\\/www.cfa-les3bvitre.com\\\/\",\"logo\":{\"@type\":\"ImageObject\",\"inLanguage\":\"fr-FR\",\"@id\":\"https:\\\/\\\/www.cfa-les3bvitre.com\\\/#\\\/schema\\\/logo\\\/image\\\/\",\"url\":\"https:\\\/\\\/www.cfa-les3bvitre.com\\\/wp-content\\\/uploads\\\/2022\\\/03\\\/cropped-LOGO-CFA-LES-3B-site-web-07.png\",\"contentUrl\":\"https:\\\/\\\/www.cfa-les3bvitre.com\\\/wp-content\\\/uploads\\\/2022\\\/03\\\/cropped-LOGO-CFA-LES-3B-site-web-07.png\",\"width\":240,\"height\":149,\"caption\":\"CFA LES 3B VITR\u00c9\"},\"image\":{\"@id\":\"https:\\\/\\\/www.cfa-les3bvitre.com\\\/#\\\/schema\\\/logo\\\/image\\\/\"},\"sameAs\":[\"https:\\\/\\\/www.facebook.com\\\/cfales3bvitre\",\"https:\\\/\\\/www.linkedin.com\\\/company\\\/cfa-les-3b\\\/\"]}]}<\/script>\n<!-- \/ Yoast SEO plugin. -->","yoast_head_json":{"title":"PROJET ERASMUS + - CFA Les 3B Vitr\u00e9","description":"PROJET ERASMUS + Mobilit\u00e9 de groupe Erasmus + CFA Les 3B Vitr\u00e9 Sicile apprenti.es sommeliers cavistes gastronomie culture europ\u00e9enne","robots":{"index":"index","follow":"follow","max-snippet":"max-snippet:-1","max-image-preview":"max-image-preview:large","max-video-preview":"max-video-preview:-1"},"canonical":"https:\/\/www.cfa-les3bvitre.com\/index.php\/projet-erasmus\/","og_locale":"fr_FR","og_type":"article","og_title":"PROJET ERASMUS + - CFA Les 3B Vitr\u00e9","og_description":"PROJET ERASMUS + Mobilit\u00e9 de groupe Erasmus + CFA Les 3B Vitr\u00e9 Sicile apprenti.es sommeliers cavistes gastronomie culture europ\u00e9enne","og_url":"https:\/\/www.cfa-les3bvitre.com\/index.php\/projet-erasmus\/","og_site_name":"CFA Les 3B Vitr\u00e9","article_publisher":"https:\/\/www.facebook.com\/cfales3bvitre","article_modified_time":"2026-02-05T17:11:32+00:00","og_image":[{"url":"https:\/\/www.cfa-les3bvitre.com\/wp-content\/uploads\/2025\/10\/LOGO-TRISKELA-ET-EU-PETIT-e1761294609900.png","type":"","width":"","height":""}],"twitter_card":"summary_large_image","twitter_misc":{"Dur\u00e9e de lecture estim\u00e9e":"3 minutes"},"schema":{"@context":"https:\/\/schema.org","@graph":[{"@type":"WebPage","@id":"https:\/\/www.cfa-les3bvitre.com\/index.php\/projet-erasmus\/","url":"https:\/\/www.cfa-les3bvitre.com\/index.php\/projet-erasmus\/","name":"PROJET ERASMUS + - CFA Les 3B Vitr\u00e9","isPartOf":{"@id":"https:\/\/www.cfa-les3bvitre.com\/#website"},"primaryImageOfPage":{"@id":"https:\/\/www.cfa-les3bvitre.com\/index.php\/projet-erasmus\/#primaryimage"},"image":{"@id":"https:\/\/www.cfa-les3bvitre.com\/index.php\/projet-erasmus\/#primaryimage"},"thumbnailUrl":"https:\/\/www.cfa-les3bvitre.com\/wp-content\/uploads\/2025\/10\/LOGO-TRISKELA-ET-EU-PETIT-e1761294609900.png","datePublished":"2025-10-24T12:53:03+00:00","dateModified":"2026-02-05T17:11:32+00:00","description":"PROJET ERASMUS + Mobilit\u00e9 de groupe Erasmus + CFA Les 3B Vitr\u00e9 Sicile apprenti.es sommeliers cavistes gastronomie culture europ\u00e9enne","breadcrumb":{"@id":"https:\/\/www.cfa-les3bvitre.com\/index.php\/projet-erasmus\/#breadcrumb"},"inLanguage":"fr-FR","potentialAction":[{"@type":"ReadAction","target":["https:\/\/www.cfa-les3bvitre.com\/index.php\/projet-erasmus\/"]}]},{"@type":"ImageObject","inLanguage":"fr-FR","@id":"https:\/\/www.cfa-les3bvitre.com\/index.php\/projet-erasmus\/#primaryimage","url":"https:\/\/www.cfa-les3bvitre.com\/wp-content\/uploads\/2025\/10\/LOGO-TRISKELA-ET-EU-PETIT-e1761294609900.png","contentUrl":"https:\/\/www.cfa-les3bvitre.com\/wp-content\/uploads\/2025\/10\/LOGO-TRISKELA-ET-EU-PETIT-e1761294609900.png","width":200,"height":200},{"@type":"BreadcrumbList","@id":"https:\/\/www.cfa-les3bvitre.com\/index.php\/projet-erasmus\/#breadcrumb","itemListElement":[{"@type":"ListItem","position":1,"name":"Accueil","item":"https:\/\/www.cfa-les3bvitre.com\/"},{"@type":"ListItem","position":2,"name":"PROJET ERASMUS +"}]},{"@type":"WebSite","@id":"https:\/\/www.cfa-les3bvitre.com\/#website","url":"https:\/\/www.cfa-les3bvitre.com\/","name":"CFA Les 3B Vitr\u00e9","description":"","publisher":{"@id":"https:\/\/www.cfa-les3bvitre.com\/#organization"},"potentialAction":[{"@type":"SearchAction","target":{"@type":"EntryPoint","urlTemplate":"https:\/\/www.cfa-les3bvitre.com\/?s={search_term_string}"},"query-input":{"@type":"PropertyValueSpecification","valueRequired":true,"valueName":"search_term_string"}}],"inLanguage":"fr-FR"},{"@type":"Organization","@id":"https:\/\/www.cfa-les3bvitre.com\/#organization","name":"CFA LES 3B VITR\u00c9","url":"https:\/\/www.cfa-les3bvitre.com\/","logo":{"@type":"ImageObject","inLanguage":"fr-FR","@id":"https:\/\/www.cfa-les3bvitre.com\/#\/schema\/logo\/image\/","url":"https:\/\/www.cfa-les3bvitre.com\/wp-content\/uploads\/2022\/03\/cropped-LOGO-CFA-LES-3B-site-web-07.png","contentUrl":"https:\/\/www.cfa-les3bvitre.com\/wp-content\/uploads\/2022\/03\/cropped-LOGO-CFA-LES-3B-site-web-07.png","width":240,"height":149,"caption":"CFA LES 3B VITR\u00c9"},"image":{"@id":"https:\/\/www.cfa-les3bvitre.com\/#\/schema\/logo\/image\/"},"sameAs":["https:\/\/www.facebook.com\/cfales3bvitre","https:\/\/www.linkedin.com\/company\/cfa-les-3b\/"]}]}},"_links":{"self":[{"href":"https:\/\/www.cfa-les3bvitre.com\/index.php\/wp-json\/wp\/v2\/pages\/3610","targetHints":{"allow":["GET"]}}],"collection":[{"href":"https:\/\/www.cfa-les3bvitre.com\/index.php\/wp-json\/wp\/v2\/pages"}],"about":[{"href":"https:\/\/www.cfa-les3bvitre.com\/index.php\/wp-json\/wp\/v2\/types\/page"}],"author":[{"embeddable":true,"href":"https:\/\/www.cfa-les3bvitre.com\/index.php\/wp-json\/wp\/v2\/users\/4"}],"replies":[{"embeddable":true,"href":"https:\/\/www.cfa-les3bvitre.com\/index.php\/wp-json\/wp\/v2\/comments?post=3610"}],"version-history":[{"count":42,"href":"https:\/\/www.cfa-les3bvitre.com\/index.php\/wp-json\/wp\/v2\/pages\/3610\/revisions"}],"predecessor-version":[{"id":4256,"href":"https:\/\/www.cfa-les3bvitre.com\/index.php\/wp-json\/wp\/v2\/pages\/3610\/revisions\/4256"}],"wp:attachment":[{"href":"https:\/\/www.cfa-les3bvitre.com\/index.php\/wp-json\/wp\/v2\/media?parent=3610"}],"curies":[{"name":"wp","href":"https:\/\/api.w.org\/{rel}","templated":true}]}}