{"id":4043,"date":"2026-01-06T15:46:22","date_gmt":"2026-01-06T14:46:22","guid":{"rendered":"https:\/\/www.cfa-les3bvitre.com\/?page_id=4043"},"modified":"2026-01-06T15:46:23","modified_gmt":"2026-01-06T14:46:23","slug":"modalites-pedagogiques-bierologue-zythologue","status":"publish","type":"page","link":"https:\/\/www.cfa-les3bvitre.com\/index.php\/modalites-pedagogiques-bierologue-zythologue\/","title":{"rendered":"Modalit\u00e9s p\u00e9dagogiques &#8211; Bi\u00e9rologue Zythologue"},"content":{"rendered":"\n<p><\/p>\n\n\n\n<p class=\"has-black-color has-text-color has-link-color has-medium-font-size wp-elements-b974772b1ea9184af317f1f291446623\"><strong>La formation Bi\u00e9rologue Zythologue se d\u00e9roule en pr\u00e9sentiel.<\/strong><\/p>\n\n\n\n<p class=\"has-black-color has-text-color has-link-color has-medium-font-size wp-elements-9ea9de3557edab6b4469dff93e6affdc\"><\/p>\n\n\n\n<p class=\"has-black-color has-text-color has-link-color has-medium-font-size wp-elements-0fbc75e60380f2a3d92c21c96cb7f059\">Dans cette formation, vous retrouverez des cas pratiques, des m\u00e9thodes li\u00e9es \u00e0 la gestion des incidents et des discussions collectives.<\/p>\n\n\n\n<p class=\"has-black-color has-text-color has-link-color has-medium-font-size wp-elements-9ea9de3557edab6b4469dff93e6affdc\"><\/p>\n\n\n\n<p class=\"has-black-color has-text-color has-link-color has-medium-font-size wp-elements-4fc20a7fcc45dc26f25765c9d1376372\">Pour mettre en pratique les contenus du cours, les formateurs vous proposeront des jeux de r\u00f4le ax\u00e9s sur les langages et les gestuelles \u00e0 adopter face \u00e0 un client.<\/p>\n\n\n\n<p class=\"has-black-color has-text-color has-link-color has-medium-font-size wp-elements-9ea9de3557edab6b4469dff93e6affdc\"><\/p>\n\n\n\n<p class=\"has-black-color has-text-color has-link-color has-medium-font-size wp-elements-dcbfb6278bd27322fa4a86301afb9dbb\">Le r\u00f4le des formateurs : \u00e9valuer les comp\u00e9tences et les acquis, apporter des \u00e9l\u00e9ments th\u00e9oriques, animer le groupe et faire \u00e9merger des solutions gr\u00e2ce \u00e0 des techniques d\u2019animation participative (questions ouvertes, identification d\u2019erreurs, m\u00e9thodes li\u00e9es \u00e0 la gestion des incidents).<\/p>\n\n\n\n<div style=\"height:83px\" aria-hidden=\"true\" class=\"wp-block-spacer\"><\/div>\n\n\n\n<div class=\"wp-block-buttons is-content-justification-center is-layout-flex wp-container-core-buttons-is-layout-16018d1d wp-block-buttons-is-layout-flex\">\n<div class=\"wp-block-button is-style-fill\"><a class=\"wp-block-button__link has-white-color has-text-color has-background has-link-color wp-element-button\" href=\"https:\/\/www.cfa-les3bvitre.com\/index.php\/public-concerne-pre-requis-formation-bierologue\/\" style=\"background-color:#4aa3a2\"><strong>Pr\u00e9 &#8211; requis<\/strong><\/a><\/div>\n\n\n\n<div class=\"wp-block-button is-style-fill\"><a class=\"wp-block-button__link has-white-color has-text-color has-background has-link-color wp-element-button\" href=\"https:\/\/www.cfa-les3bvitre.com\/index.php\/duree-rythme-de-la-formation-et-tarifs-bierologue\/\" style=\"background-color:#4aa3a2\"><strong>Dur\u00e9e, Rythme et Tarifs<\/strong><\/a><\/div>\n<\/div>\n\n\n\n<p><\/p>\n","protected":false},"excerpt":{"rendered":"<p>La formation Bi\u00e9rologue Zythologue se d\u00e9roule en pr\u00e9sentiel. Dans cette formation, vous retrouverez des cas pratiques, des m\u00e9thodes li\u00e9es \u00e0 la gestion des incidents et des discussions collectives. Pour mettre en pratique les contenus du cours, les formateurs vous proposeront des jeux de r\u00f4le ax\u00e9s sur les langages et les gestuelles \u00e0 adopter face \u00e0 [&hellip;]<\/p>\n","protected":false},"author":4,"featured_media":0,"parent":0,"menu_order":0,"comment_status":"closed","ping_status":"closed","template":"","meta":{"_eb_attr":"","_regular_price":[],"currency_symbol":[],"footnotes":""},"class_list":["post-4043","page","type-page","status-publish","hentry"],"post_slider_layout_featured_media_urls":{"thumbnail":"","post_slider_layout_landscape_large":"","post_slider_layout_portrait_large":"","post_slider_layout_square_large":"","post_slider_layout_landscape":"","post_slider_layout_portrait":"","post_slider_layout_square":"","full":""},"yoast_head":"<!-- This site is optimized with the Yoast SEO plugin v27.5 - https:\/\/yoast.com\/product\/yoast-seo-wordpress\/ -->\n<title>Modalit\u00e9s p\u00e9dagogiques - Bi\u00e9rologue Zythologue - CFA Les 3B Vitr\u00e9<\/title>\n<meta name=\"robots\" content=\"index, follow, max-snippet:-1, max-image-preview:large, max-video-preview:-1\" \/>\n<link rel=\"canonical\" href=\"https:\/\/www.cfa-les3bvitre.com\/index.php\/modalites-pedagogiques-bierologue-zythologue\/\" \/>\n<meta property=\"og:locale\" content=\"fr_FR\" \/>\n<meta property=\"og:type\" content=\"article\" \/>\n<meta property=\"og:title\" content=\"Modalit\u00e9s p\u00e9dagogiques - Bi\u00e9rologue Zythologue - CFA Les 3B Vitr\u00e9\" \/>\n<meta property=\"og:description\" content=\"La formation Bi\u00e9rologue Zythologue se d\u00e9roule en pr\u00e9sentiel. Dans cette formation, vous retrouverez des cas pratiques, des m\u00e9thodes li\u00e9es \u00e0 la gestion des incidents et des discussions collectives. Pour mettre en pratique les contenus du cours, les formateurs vous proposeront des jeux de r\u00f4le ax\u00e9s sur les langages et les gestuelles \u00e0 adopter face \u00e0 [&hellip;]\" \/>\n<meta property=\"og:url\" content=\"https:\/\/www.cfa-les3bvitre.com\/index.php\/modalites-pedagogiques-bierologue-zythologue\/\" \/>\n<meta property=\"og:site_name\" content=\"CFA Les 3B Vitr\u00e9\" \/>\n<meta property=\"article:publisher\" content=\"https:\/\/www.facebook.com\/cfales3bvitre\" \/>\n<meta property=\"article:modified_time\" content=\"2026-01-06T14:46:23+00:00\" \/>\n<meta name=\"twitter:card\" content=\"summary_large_image\" \/>\n<meta name=\"twitter:label1\" content=\"Dur\u00e9e de lecture estim\u00e9e\" \/>\n\t<meta name=\"twitter:data1\" content=\"1 minute\" \/>\n<script type=\"application\/ld+json\" class=\"yoast-schema-graph\">{\"@context\":\"https:\\\/\\\/schema.org\",\"@graph\":[{\"@type\":\"WebPage\",\"@id\":\"https:\\\/\\\/www.cfa-les3bvitre.com\\\/index.php\\\/modalites-pedagogiques-bierologue-zythologue\\\/\",\"url\":\"https:\\\/\\\/www.cfa-les3bvitre.com\\\/index.php\\\/modalites-pedagogiques-bierologue-zythologue\\\/\",\"name\":\"Modalit\u00e9s p\u00e9dagogiques - Bi\u00e9rologue Zythologue - CFA Les 3B Vitr\u00e9\",\"isPartOf\":{\"@id\":\"https:\\\/\\\/www.cfa-les3bvitre.com\\\/#website\"},\"datePublished\":\"2026-01-06T14:46:22+00:00\",\"dateModified\":\"2026-01-06T14:46:23+00:00\",\"breadcrumb\":{\"@id\":\"https:\\\/\\\/www.cfa-les3bvitre.com\\\/index.php\\\/modalites-pedagogiques-bierologue-zythologue\\\/#breadcrumb\"},\"inLanguage\":\"fr-FR\",\"potentialAction\":[{\"@type\":\"ReadAction\",\"target\":[\"https:\\\/\\\/www.cfa-les3bvitre.com\\\/index.php\\\/modalites-pedagogiques-bierologue-zythologue\\\/\"]}]},{\"@type\":\"BreadcrumbList\",\"@id\":\"https:\\\/\\\/www.cfa-les3bvitre.com\\\/index.php\\\/modalites-pedagogiques-bierologue-zythologue\\\/#breadcrumb\",\"itemListElement\":[{\"@type\":\"ListItem\",\"position\":1,\"name\":\"Accueil\",\"item\":\"https:\\\/\\\/www.cfa-les3bvitre.com\\\/\"},{\"@type\":\"ListItem\",\"position\":2,\"name\":\"Modalit\u00e9s p\u00e9dagogiques &#8211; Bi\u00e9rologue Zythologue\"}]},{\"@type\":\"WebSite\",\"@id\":\"https:\\\/\\\/www.cfa-les3bvitre.com\\\/#website\",\"url\":\"https:\\\/\\\/www.cfa-les3bvitre.com\\\/\",\"name\":\"CFA Les 3B Vitr\u00e9\",\"description\":\"\",\"publisher\":{\"@id\":\"https:\\\/\\\/www.cfa-les3bvitre.com\\\/#organization\"},\"potentialAction\":[{\"@type\":\"SearchAction\",\"target\":{\"@type\":\"EntryPoint\",\"urlTemplate\":\"https:\\\/\\\/www.cfa-les3bvitre.com\\\/?s={search_term_string}\"},\"query-input\":{\"@type\":\"PropertyValueSpecification\",\"valueRequired\":true,\"valueName\":\"search_term_string\"}}],\"inLanguage\":\"fr-FR\"},{\"@type\":\"Organization\",\"@id\":\"https:\\\/\\\/www.cfa-les3bvitre.com\\\/#organization\",\"name\":\"CFA LES 3B VITR\u00c9\",\"url\":\"https:\\\/\\\/www.cfa-les3bvitre.com\\\/\",\"logo\":{\"@type\":\"ImageObject\",\"inLanguage\":\"fr-FR\",\"@id\":\"https:\\\/\\\/www.cfa-les3bvitre.com\\\/#\\\/schema\\\/logo\\\/image\\\/\",\"url\":\"https:\\\/\\\/www.cfa-les3bvitre.com\\\/wp-content\\\/uploads\\\/2022\\\/03\\\/cropped-LOGO-CFA-LES-3B-site-web-07.png\",\"contentUrl\":\"https:\\\/\\\/www.cfa-les3bvitre.com\\\/wp-content\\\/uploads\\\/2022\\\/03\\\/cropped-LOGO-CFA-LES-3B-site-web-07.png\",\"width\":240,\"height\":149,\"caption\":\"CFA LES 3B VITR\u00c9\"},\"image\":{\"@id\":\"https:\\\/\\\/www.cfa-les3bvitre.com\\\/#\\\/schema\\\/logo\\\/image\\\/\"},\"sameAs\":[\"https:\\\/\\\/www.facebook.com\\\/cfales3bvitre\",\"https:\\\/\\\/www.linkedin.com\\\/company\\\/cfa-les-3b\\\/\"]}]}<\/script>\n<!-- \/ Yoast SEO plugin. -->","yoast_head_json":{"title":"Modalit\u00e9s p\u00e9dagogiques - Bi\u00e9rologue Zythologue - CFA Les 3B Vitr\u00e9","robots":{"index":"index","follow":"follow","max-snippet":"max-snippet:-1","max-image-preview":"max-image-preview:large","max-video-preview":"max-video-preview:-1"},"canonical":"https:\/\/www.cfa-les3bvitre.com\/index.php\/modalites-pedagogiques-bierologue-zythologue\/","og_locale":"fr_FR","og_type":"article","og_title":"Modalit\u00e9s p\u00e9dagogiques - Bi\u00e9rologue Zythologue - CFA Les 3B Vitr\u00e9","og_description":"La formation Bi\u00e9rologue Zythologue se d\u00e9roule en pr\u00e9sentiel. Dans cette formation, vous retrouverez des cas pratiques, des m\u00e9thodes li\u00e9es \u00e0 la gestion des incidents et des discussions collectives. Pour mettre en pratique les contenus du cours, les formateurs vous proposeront des jeux de r\u00f4le ax\u00e9s sur les langages et les gestuelles \u00e0 adopter face \u00e0 [&hellip;]","og_url":"https:\/\/www.cfa-les3bvitre.com\/index.php\/modalites-pedagogiques-bierologue-zythologue\/","og_site_name":"CFA Les 3B Vitr\u00e9","article_publisher":"https:\/\/www.facebook.com\/cfales3bvitre","article_modified_time":"2026-01-06T14:46:23+00:00","twitter_card":"summary_large_image","twitter_misc":{"Dur\u00e9e de lecture estim\u00e9e":"1 minute"},"schema":{"@context":"https:\/\/schema.org","@graph":[{"@type":"WebPage","@id":"https:\/\/www.cfa-les3bvitre.com\/index.php\/modalites-pedagogiques-bierologue-zythologue\/","url":"https:\/\/www.cfa-les3bvitre.com\/index.php\/modalites-pedagogiques-bierologue-zythologue\/","name":"Modalit\u00e9s p\u00e9dagogiques - Bi\u00e9rologue Zythologue - CFA Les 3B Vitr\u00e9","isPartOf":{"@id":"https:\/\/www.cfa-les3bvitre.com\/#website"},"datePublished":"2026-01-06T14:46:22+00:00","dateModified":"2026-01-06T14:46:23+00:00","breadcrumb":{"@id":"https:\/\/www.cfa-les3bvitre.com\/index.php\/modalites-pedagogiques-bierologue-zythologue\/#breadcrumb"},"inLanguage":"fr-FR","potentialAction":[{"@type":"ReadAction","target":["https:\/\/www.cfa-les3bvitre.com\/index.php\/modalites-pedagogiques-bierologue-zythologue\/"]}]},{"@type":"BreadcrumbList","@id":"https:\/\/www.cfa-les3bvitre.com\/index.php\/modalites-pedagogiques-bierologue-zythologue\/#breadcrumb","itemListElement":[{"@type":"ListItem","position":1,"name":"Accueil","item":"https:\/\/www.cfa-les3bvitre.com\/"},{"@type":"ListItem","position":2,"name":"Modalit\u00e9s p\u00e9dagogiques &#8211; Bi\u00e9rologue Zythologue"}]},{"@type":"WebSite","@id":"https:\/\/www.cfa-les3bvitre.com\/#website","url":"https:\/\/www.cfa-les3bvitre.com\/","name":"CFA Les 3B Vitr\u00e9","description":"","publisher":{"@id":"https:\/\/www.cfa-les3bvitre.com\/#organization"},"potentialAction":[{"@type":"SearchAction","target":{"@type":"EntryPoint","urlTemplate":"https:\/\/www.cfa-les3bvitre.com\/?s={search_term_string}"},"query-input":{"@type":"PropertyValueSpecification","valueRequired":true,"valueName":"search_term_string"}}],"inLanguage":"fr-FR"},{"@type":"Organization","@id":"https:\/\/www.cfa-les3bvitre.com\/#organization","name":"CFA LES 3B VITR\u00c9","url":"https:\/\/www.cfa-les3bvitre.com\/","logo":{"@type":"ImageObject","inLanguage":"fr-FR","@id":"https:\/\/www.cfa-les3bvitre.com\/#\/schema\/logo\/image\/","url":"https:\/\/www.cfa-les3bvitre.com\/wp-content\/uploads\/2022\/03\/cropped-LOGO-CFA-LES-3B-site-web-07.png","contentUrl":"https:\/\/www.cfa-les3bvitre.com\/wp-content\/uploads\/2022\/03\/cropped-LOGO-CFA-LES-3B-site-web-07.png","width":240,"height":149,"caption":"CFA LES 3B VITR\u00c9"},"image":{"@id":"https:\/\/www.cfa-les3bvitre.com\/#\/schema\/logo\/image\/"},"sameAs":["https:\/\/www.facebook.com\/cfales3bvitre","https:\/\/www.linkedin.com\/company\/cfa-les-3b\/"]}]}},"_links":{"self":[{"href":"https:\/\/www.cfa-les3bvitre.com\/index.php\/wp-json\/wp\/v2\/pages\/4043","targetHints":{"allow":["GET"]}}],"collection":[{"href":"https:\/\/www.cfa-les3bvitre.com\/index.php\/wp-json\/wp\/v2\/pages"}],"about":[{"href":"https:\/\/www.cfa-les3bvitre.com\/index.php\/wp-json\/wp\/v2\/types\/page"}],"author":[{"embeddable":true,"href":"https:\/\/www.cfa-les3bvitre.com\/index.php\/wp-json\/wp\/v2\/users\/4"}],"replies":[{"embeddable":true,"href":"https:\/\/www.cfa-les3bvitre.com\/index.php\/wp-json\/wp\/v2\/comments?post=4043"}],"version-history":[{"count":1,"href":"https:\/\/www.cfa-les3bvitre.com\/index.php\/wp-json\/wp\/v2\/pages\/4043\/revisions"}],"predecessor-version":[{"id":4045,"href":"https:\/\/www.cfa-les3bvitre.com\/index.php\/wp-json\/wp\/v2\/pages\/4043\/revisions\/4045"}],"wp:attachment":[{"href":"https:\/\/www.cfa-les3bvitre.com\/index.php\/wp-json\/wp\/v2\/media?parent=4043"}],"curies":[{"name":"wp","href":"https:\/\/api.w.org\/{rel}","templated":true}]}}