{"id":864,"date":"2022-08-22T16:52:25","date_gmt":"2022-08-22T14:52:25","guid":{"rendered":"https:\/\/www.cfa-les3bvitre.com\/?page_id=864"},"modified":"2026-02-02T15:46:31","modified_gmt":"2026-02-02T14:46:31","slug":"details-de-la-formation-bierologue-zythologue","status":"publish","type":"page","link":"https:\/\/www.cfa-les3bvitre.com\/index.php\/details-de-la-formation-bierologue-zythologue\/","title":{"rendered":"D\u00e9tails de la formation Bi\u00e9rologue Zythologue"},"content":{"rendered":"\n<div class=\"wp-block-cover\" style=\"min-height:227px;aspect-ratio:unset;\"><img loading=\"lazy\" decoding=\"async\" width=\"1024\" height=\"768\" class=\"wp-block-cover__image-background wp-image-1514\" alt=\"d\u00e9gustation de bi\u00e8res CFA Vitr\u00e9\" src=\"https:\/\/www.cfa-les3bvitre.com\/wp-content\/uploads\/2023\/09\/timothy-hales-bennett-EoC_IuYmtug-unsplash-1024x768.jpg\" style=\"object-position:50% 13%\" data-object-fit=\"cover\" data-object-position=\"50% 13%\" srcset=\"https:\/\/www.cfa-les3bvitre.com\/wp-content\/uploads\/2023\/09\/timothy-hales-bennett-EoC_IuYmtug-unsplash-1024x768.jpg 1024w, https:\/\/www.cfa-les3bvitre.com\/wp-content\/uploads\/2023\/09\/timothy-hales-bennett-EoC_IuYmtug-unsplash-300x225.jpg 300w, https:\/\/www.cfa-les3bvitre.com\/wp-content\/uploads\/2023\/09\/timothy-hales-bennett-EoC_IuYmtug-unsplash-768x576.jpg 768w, https:\/\/www.cfa-les3bvitre.com\/wp-content\/uploads\/2023\/09\/timothy-hales-bennett-EoC_IuYmtug-unsplash-1536x1152.jpg 1536w, https:\/\/www.cfa-les3bvitre.com\/wp-content\/uploads\/2023\/09\/timothy-hales-bennett-EoC_IuYmtug-unsplash-2048x1536.jpg 2048w\" sizes=\"auto, (max-width: 1024px) 100vw, 1024px\" \/><span aria-hidden=\"true\" class=\"wp-block-cover__background has-background-dim\"><\/span><div class=\"wp-block-cover__inner-container is-layout-flow wp-block-cover-is-layout-flow\">\n<p class=\"has-text-align-center has-large-font-size\"><\/p>\n<\/div><\/div>\n\n\n\n<p class=\"has-black-color has-text-color has-medium-font-size\"><strong><em>Afin de conna\u00eetre les d\u00e9tails de la formation Bi\u00e9rologue Zythologue, cliquez sur les diff\u00e9rents titres pr\u00e9sents ci-dessous : <\/em><\/strong><\/p>\n\n\n\n<div class=\"wp-block-columns alignwide is-layout-flex wp-container-core-columns-is-layout-9d6595d7 wp-block-columns-is-layout-flex\">\n<div class=\"wp-block-column has-text-color has-background has-link-color wp-elements-3449201217ff79bfc94076f77c535b16 is-layout-flow wp-block-column-is-layout-flow\" style=\"color:#000000;background-color:#4aa3a2;padding-top:2em;padding-right:2em;padding-bottom:2em;padding-left:2em\">\n<h2 class=\"wp-block-heading has-text-align-center has-white-color has-text-color has-link-color wp-elements-18e372780d62fc89aca3adbf6c829263\" id=\"single\" style=\"font-size:25px;font-style:normal;font-weight:700\"><a href=\"https:\/\/www.cfa-les3bvitre.com\/index.php\/duree-rythme-de-la-formation-et-tarifs\/\" target=\"_blank\" rel=\"noreferrer noopener\">DUR\u00c9E, RYTHME ET TARIFS<\/a><\/h2>\n<\/div>\n\n\n\n<div class=\"wp-block-column has-text-color has-background has-link-color wp-elements-51a35a2b6c080853960d1cfa65b3458d is-layout-flow wp-block-column-is-layout-flow\" style=\"color:#000000;background-color:#005c63;padding-top:2em;padding-right:2em;padding-bottom:2em;padding-left:2em\">\n<p><\/p>\n\n\n\n<h2 class=\"wp-block-heading has-text-align-center has-white-color has-text-color has-link-color wp-elements-9809f3cd5639fc1b2f495b8984aa4bd9\" id=\"family\" style=\"font-size:25px;font-style:normal;font-weight:700\"><a href=\"https:\/\/www.cfa-les3bvitre.com\/index.php\/programme-formation-biere\/\" target=\"_blank\" rel=\"noreferrer noopener\">PROGRAMME<\/a><\/h2>\n<\/div>\n\n\n\n<div class=\"wp-block-column has-text-color has-background has-link-color wp-elements-6768882cbbeff9cf7b7bd861853284ef is-layout-flow wp-block-column-is-layout-flow\" style=\"color:#000000;background-color:#4aa3a2;padding-top:2em;padding-right:2em;padding-bottom:2em;padding-left:2em\">\n<h2 class=\"wp-block-heading has-text-align-center has-white-color has-text-color has-link-color wp-elements-63fe6b5f72181b1c3cbde917c6774c5d\" id=\"patron\" style=\"font-size:25px;font-style:normal;font-weight:700\"><a href=\"https:\/\/www.cfa-les3bvitre.com\/index.php\/points-forts-et-resultats-attendus-de-la-formation-bierologue-zythologue\/\" target=\"_blank\" rel=\"noreferrer noopener\">POINTS FORTS ET R\u00c9SULTATS ATTENDUS<\/a><\/h2>\n<\/div>\n<\/div>\n\n\n\n<div class=\"wp-block-columns alignwide is-layout-flex wp-container-core-columns-is-layout-9d6595d7 wp-block-columns-is-layout-flex\">\n<div class=\"wp-block-column has-text-color has-background has-link-color wp-elements-3619db72d2f5d75f16ffc68aa7c115c2 is-layout-flow wp-block-column-is-layout-flow\" style=\"color:#000000;background-color:#005c63;padding-top:2em;padding-right:2em;padding-bottom:2em;padding-left:2em\">\n<p><\/p>\n\n\n\n<h2 class=\"wp-block-heading has-text-align-center has-white-color has-text-color has-link-color wp-elements-5cc25cca93109d0e8cef687786e20bec\" id=\"single\" style=\"font-size:25px;font-style:normal;font-weight:700\"><a href=\"https:\/\/www.cfa-les3bvitre.com\/index.php\/objectifs-de-la-formation-bierologue-zythologue\/\">OBJE<\/a><a href=\"https:\/\/www.cfa-les3bvitre.com\/index.php\/objectifs-de-la-formation-bierologue-zythologue\/\" target=\"_blank\" rel=\"noreferrer noopener\">C<\/a><a href=\"https:\/\/www.cfa-les3bvitre.com\/index.php\/objectifs-de-la-formation-bierologue-zythologue\/\">TIFS<\/a><\/h2>\n<\/div>\n\n\n\n<div class=\"wp-block-column has-text-color has-background has-link-color wp-elements-34fa14239ee7bda0472f7b86bf78bc61 is-layout-flow wp-block-column-is-layout-flow\" style=\"color:#000000;background-color:#4aa3a2;padding-top:2em;padding-right:2em;padding-bottom:2em;padding-left:2em\">\n<p><\/p>\n\n\n\n<h2 class=\"wp-block-heading has-text-align-center has-white-color has-text-color has-link-color wp-elements-8816acc448228c97b32353c803800028\" id=\"family\" style=\"font-size:25px;font-style:normal;font-weight:700\"><a href=\"https:\/\/www.cfa-les3bvitre.com\/index.php\/modalites-devaluation\/\" target=\"_blank\" rel=\"noreferrer noopener\">MODALIT\u00c9S D\u2019\u00c9VALUATION<\/a><\/h2>\n<\/div>\n\n\n\n<div class=\"wp-block-column has-text-color has-background has-link-color wp-elements-a7c70acbdf0d27298eaabe646713ce16 is-layout-flow wp-block-column-is-layout-flow\" style=\"color:#000000;background-color:#005c63;padding-top:2em;padding-right:2em;padding-bottom:2em;padding-left:2em\">\n<h2 class=\"wp-block-heading has-text-align-center has-white-color has-text-color has-link-color wp-elements-9a8077169eab199b6c6fbc5a8ff1a709\" id=\"patron\" style=\"font-size:25px;font-style:normal;font-weight:700\"><a href=\"https:\/\/www.cfa-les3bvitre.com\/index.php\/passerelles-equivalences-et-poursuite-detudes\/\" target=\"_blank\" rel=\"noreferrer noopener\">PASSERELLES, \u00c9QUIVALENCES ET POURSUITE D\u2019ETUDES<\/a><\/h2>\n<\/div>\n<\/div>\n\n\n\n<div class=\"wp-block-columns alignwide is-layout-flex wp-container-core-columns-is-layout-9d6595d7 wp-block-columns-is-layout-flex\">\n<div class=\"wp-block-column has-text-color has-background has-link-color wp-elements-1c0cef8cfe88253f9376cdfc2848715a is-layout-flow wp-block-column-is-layout-flow\" style=\"color:#000000;background-color:#4aa3a2;padding-top:2em;padding-right:2em;padding-bottom:2em;padding-left:2em\">\n<h2 class=\"wp-block-heading has-text-align-center has-white-color has-text-color has-link-color wp-elements-2be87eb3b68ca9581e5502dec5282a43\" id=\"single\" style=\"font-size:25px;font-style:normal;font-weight:700\"><a href=\"https:\/\/www.cfa-les3bvitre.com\/index.php\/public-concerne-pre-requis-formation-bierologue\/\" target=\"_blank\" rel=\"noreferrer noopener\">PUBLIC CONCERN\u00c9 ET PR\u00c9-REQUIS<\/a><\/h2>\n<\/div>\n\n\n\n<div class=\"wp-block-column is-vertically-aligned-bottom has-text-color has-background has-link-color wp-elements-d909f8050fa0ee8151a7d78d083d52de is-layout-flow wp-block-column-is-layout-flow\" style=\"color:#000000;background-color:#005c63;padding-top:2em;padding-right:2em;padding-bottom:2em;padding-left:2em\">\n<h2 class=\"wp-block-heading has-text-align-center has-white-color has-text-color has-link-color wp-elements-bb04d144ebbbb190528f82c34fb60381\" id=\"family\" style=\"font-size:25px;font-style:normal;font-weight:700\"><a href=\"https:\/\/www.cfa-les3bvitre.com\/index.php\/modalites-pedagogiques-bierologue-zythologue\/\" type=\"page\" id=\"4043\">MODALIT\u00c9S P\u00c9DAGOGIQUES<\/a><\/h2>\n<\/div>\n<\/div>\n\n\n\n<p><\/p>\n\n\n\n<p><\/p>\n","protected":false},"excerpt":{"rendered":"<p>Afin de conna\u00eetre les d\u00e9tails de la formation Bi\u00e9rologue Zythologue, cliquez sur les diff\u00e9rents titres pr\u00e9sents ci-dessous : DUR\u00c9E, RYTHME ET TARIFS PROGRAMME POINTS FORTS ET R\u00c9SULTATS ATTENDUS OBJECTIFS MODALIT\u00c9S D\u2019\u00c9VALUATION PASSERELLES, \u00c9QUIVALENCES ET POURSUITE D\u2019ETUDES PUBLIC CONCERN\u00c9 ET PR\u00c9-REQUIS MODALIT\u00c9S P\u00c9DAGOGIQUES<\/p>\n","protected":false},"author":2,"featured_media":0,"parent":0,"menu_order":0,"comment_status":"closed","ping_status":"closed","template":"","meta":{"_eb_attr":"","_regular_price":[],"currency_symbol":[],"footnotes":""},"class_list":["post-864","page","type-page","status-publish","hentry"],"post_slider_layout_featured_media_urls":{"thumbnail":"","post_slider_layout_landscape_large":"","post_slider_layout_portrait_large":"","post_slider_layout_square_large":"","post_slider_layout_landscape":"","post_slider_layout_portrait":"","post_slider_layout_square":"","full":""},"yoast_head":"<!-- This site is optimized with the Yoast SEO plugin v27.5 - https:\/\/yoast.com\/product\/yoast-seo-wordpress\/ -->\n<title>D\u00e9tails de la formation Bi\u00e9rologue Zythologue - CFA Les 3B Vitr\u00e9<\/title>\n<meta name=\"description\" content=\"Sur cette page, retrouvez tous les d\u00e9tails de la formation Bi\u00e9rologue Zythologue au CFA Les 3B Vitr\u00e9. Pour plus d&#039;infos, contactez-nous.\" \/>\n<meta name=\"robots\" content=\"index, follow, max-snippet:-1, max-image-preview:large, max-video-preview:-1\" \/>\n<link rel=\"canonical\" href=\"https:\/\/www.cfa-les3bvitre.com\/index.php\/details-de-la-formation-bierologue-zythologue\/\" \/>\n<meta property=\"og:locale\" content=\"fr_FR\" \/>\n<meta property=\"og:type\" content=\"article\" \/>\n<meta property=\"og:title\" content=\"D\u00e9tails de la formation Bi\u00e9rologue Zythologue - CFA Les 3B Vitr\u00e9\" \/>\n<meta property=\"og:description\" content=\"Sur cette page, retrouvez tous les d\u00e9tails de la formation Bi\u00e9rologue Zythologue au CFA Les 3B Vitr\u00e9. Pour plus d&#039;infos, contactez-nous.\" \/>\n<meta property=\"og:url\" content=\"https:\/\/www.cfa-les3bvitre.com\/index.php\/details-de-la-formation-bierologue-zythologue\/\" \/>\n<meta property=\"og:site_name\" content=\"CFA Les 3B Vitr\u00e9\" \/>\n<meta property=\"article:publisher\" content=\"https:\/\/www.facebook.com\/cfales3bvitre\" \/>\n<meta property=\"article:modified_time\" content=\"2026-02-02T14:46:31+00:00\" \/>\n<meta property=\"og:image\" content=\"https:\/\/www.cfa-les3bvitre.com\/wp-content\/uploads\/2023\/09\/timothy-hales-bennett-EoC_IuYmtug-unsplash-scaled.jpg\" \/>\n\t<meta property=\"og:image:width\" content=\"2560\" \/>\n\t<meta property=\"og:image:height\" content=\"1920\" \/>\n\t<meta property=\"og:image:type\" content=\"image\/jpeg\" \/>\n<meta name=\"twitter:card\" content=\"summary_large_image\" \/>\n<meta name=\"twitter:label1\" content=\"Dur\u00e9e de lecture estim\u00e9e\" \/>\n\t<meta name=\"twitter:data1\" content=\"1 minute\" \/>\n<script type=\"application\/ld+json\" class=\"yoast-schema-graph\">{\"@context\":\"https:\\\/\\\/schema.org\",\"@graph\":[{\"@type\":\"WebPage\",\"@id\":\"https:\\\/\\\/www.cfa-les3bvitre.com\\\/index.php\\\/details-de-la-formation-bierologue-zythologue\\\/\",\"url\":\"https:\\\/\\\/www.cfa-les3bvitre.com\\\/index.php\\\/details-de-la-formation-bierologue-zythologue\\\/\",\"name\":\"D\u00e9tails de la formation Bi\u00e9rologue Zythologue - CFA Les 3B Vitr\u00e9\",\"isPartOf\":{\"@id\":\"https:\\\/\\\/www.cfa-les3bvitre.com\\\/#website\"},\"primaryImageOfPage\":{\"@id\":\"https:\\\/\\\/www.cfa-les3bvitre.com\\\/index.php\\\/details-de-la-formation-bierologue-zythologue\\\/#primaryimage\"},\"image\":{\"@id\":\"https:\\\/\\\/www.cfa-les3bvitre.com\\\/index.php\\\/details-de-la-formation-bierologue-zythologue\\\/#primaryimage\"},\"thumbnailUrl\":\"https:\\\/\\\/www.cfa-les3bvitre.com\\\/wp-content\\\/uploads\\\/2023\\\/09\\\/timothy-hales-bennett-EoC_IuYmtug-unsplash-1024x768.jpg\",\"datePublished\":\"2022-08-22T14:52:25+00:00\",\"dateModified\":\"2026-02-02T14:46:31+00:00\",\"description\":\"Sur cette page, retrouvez tous les d\u00e9tails de la formation Bi\u00e9rologue Zythologue au CFA Les 3B Vitr\u00e9. Pour plus d'infos, contactez-nous.\",\"breadcrumb\":{\"@id\":\"https:\\\/\\\/www.cfa-les3bvitre.com\\\/index.php\\\/details-de-la-formation-bierologue-zythologue\\\/#breadcrumb\"},\"inLanguage\":\"fr-FR\",\"potentialAction\":[{\"@type\":\"ReadAction\",\"target\":[\"https:\\\/\\\/www.cfa-les3bvitre.com\\\/index.php\\\/details-de-la-formation-bierologue-zythologue\\\/\"]}]},{\"@type\":\"ImageObject\",\"inLanguage\":\"fr-FR\",\"@id\":\"https:\\\/\\\/www.cfa-les3bvitre.com\\\/index.php\\\/details-de-la-formation-bierologue-zythologue\\\/#primaryimage\",\"url\":\"https:\\\/\\\/www.cfa-les3bvitre.com\\\/wp-content\\\/uploads\\\/2023\\\/09\\\/timothy-hales-bennett-EoC_IuYmtug-unsplash-scaled.jpg\",\"contentUrl\":\"https:\\\/\\\/www.cfa-les3bvitre.com\\\/wp-content\\\/uploads\\\/2023\\\/09\\\/timothy-hales-bennett-EoC_IuYmtug-unsplash-scaled.jpg\",\"width\":2560,\"height\":1920,\"caption\":\"d\u00e9gustation de bi\u00e8res CFA Vitr\u00e9\"},{\"@type\":\"BreadcrumbList\",\"@id\":\"https:\\\/\\\/www.cfa-les3bvitre.com\\\/index.php\\\/details-de-la-formation-bierologue-zythologue\\\/#breadcrumb\",\"itemListElement\":[{\"@type\":\"ListItem\",\"position\":1,\"name\":\"Accueil\",\"item\":\"https:\\\/\\\/www.cfa-les3bvitre.com\\\/\"},{\"@type\":\"ListItem\",\"position\":2,\"name\":\"D\u00e9tails de la formation Bi\u00e9rologue Zythologue\"}]},{\"@type\":\"WebSite\",\"@id\":\"https:\\\/\\\/www.cfa-les3bvitre.com\\\/#website\",\"url\":\"https:\\\/\\\/www.cfa-les3bvitre.com\\\/\",\"name\":\"CFA Les 3B Vitr\u00e9\",\"description\":\"\",\"publisher\":{\"@id\":\"https:\\\/\\\/www.cfa-les3bvitre.com\\\/#organization\"},\"potentialAction\":[{\"@type\":\"SearchAction\",\"target\":{\"@type\":\"EntryPoint\",\"urlTemplate\":\"https:\\\/\\\/www.cfa-les3bvitre.com\\\/?s={search_term_string}\"},\"query-input\":{\"@type\":\"PropertyValueSpecification\",\"valueRequired\":true,\"valueName\":\"search_term_string\"}}],\"inLanguage\":\"fr-FR\"},{\"@type\":\"Organization\",\"@id\":\"https:\\\/\\\/www.cfa-les3bvitre.com\\\/#organization\",\"name\":\"CFA LES 3B VITR\u00c9\",\"url\":\"https:\\\/\\\/www.cfa-les3bvitre.com\\\/\",\"logo\":{\"@type\":\"ImageObject\",\"inLanguage\":\"fr-FR\",\"@id\":\"https:\\\/\\\/www.cfa-les3bvitre.com\\\/#\\\/schema\\\/logo\\\/image\\\/\",\"url\":\"https:\\\/\\\/www.cfa-les3bvitre.com\\\/wp-content\\\/uploads\\\/2022\\\/03\\\/cropped-LOGO-CFA-LES-3B-site-web-07.png\",\"contentUrl\":\"https:\\\/\\\/www.cfa-les3bvitre.com\\\/wp-content\\\/uploads\\\/2022\\\/03\\\/cropped-LOGO-CFA-LES-3B-site-web-07.png\",\"width\":240,\"height\":149,\"caption\":\"CFA LES 3B VITR\u00c9\"},\"image\":{\"@id\":\"https:\\\/\\\/www.cfa-les3bvitre.com\\\/#\\\/schema\\\/logo\\\/image\\\/\"},\"sameAs\":[\"https:\\\/\\\/www.facebook.com\\\/cfales3bvitre\",\"https:\\\/\\\/www.linkedin.com\\\/company\\\/cfa-les-3b\\\/\"]}]}<\/script>\n<!-- \/ Yoast SEO plugin. -->","yoast_head_json":{"title":"D\u00e9tails de la formation Bi\u00e9rologue Zythologue - CFA Les 3B Vitr\u00e9","description":"Sur cette page, retrouvez tous les d\u00e9tails de la formation Bi\u00e9rologue Zythologue au CFA Les 3B Vitr\u00e9. Pour plus d'infos, contactez-nous.","robots":{"index":"index","follow":"follow","max-snippet":"max-snippet:-1","max-image-preview":"max-image-preview:large","max-video-preview":"max-video-preview:-1"},"canonical":"https:\/\/www.cfa-les3bvitre.com\/index.php\/details-de-la-formation-bierologue-zythologue\/","og_locale":"fr_FR","og_type":"article","og_title":"D\u00e9tails de la formation Bi\u00e9rologue Zythologue - CFA Les 3B Vitr\u00e9","og_description":"Sur cette page, retrouvez tous les d\u00e9tails de la formation Bi\u00e9rologue Zythologue au CFA Les 3B Vitr\u00e9. Pour plus d'infos, contactez-nous.","og_url":"https:\/\/www.cfa-les3bvitre.com\/index.php\/details-de-la-formation-bierologue-zythologue\/","og_site_name":"CFA Les 3B Vitr\u00e9","article_publisher":"https:\/\/www.facebook.com\/cfales3bvitre","article_modified_time":"2026-02-02T14:46:31+00:00","og_image":[{"width":2560,"height":1920,"url":"https:\/\/www.cfa-les3bvitre.com\/wp-content\/uploads\/2023\/09\/timothy-hales-bennett-EoC_IuYmtug-unsplash-scaled.jpg","type":"image\/jpeg"}],"twitter_card":"summary_large_image","twitter_misc":{"Dur\u00e9e de lecture estim\u00e9e":"1 minute"},"schema":{"@context":"https:\/\/schema.org","@graph":[{"@type":"WebPage","@id":"https:\/\/www.cfa-les3bvitre.com\/index.php\/details-de-la-formation-bierologue-zythologue\/","url":"https:\/\/www.cfa-les3bvitre.com\/index.php\/details-de-la-formation-bierologue-zythologue\/","name":"D\u00e9tails de la formation Bi\u00e9rologue Zythologue - CFA Les 3B Vitr\u00e9","isPartOf":{"@id":"https:\/\/www.cfa-les3bvitre.com\/#website"},"primaryImageOfPage":{"@id":"https:\/\/www.cfa-les3bvitre.com\/index.php\/details-de-la-formation-bierologue-zythologue\/#primaryimage"},"image":{"@id":"https:\/\/www.cfa-les3bvitre.com\/index.php\/details-de-la-formation-bierologue-zythologue\/#primaryimage"},"thumbnailUrl":"https:\/\/www.cfa-les3bvitre.com\/wp-content\/uploads\/2023\/09\/timothy-hales-bennett-EoC_IuYmtug-unsplash-1024x768.jpg","datePublished":"2022-08-22T14:52:25+00:00","dateModified":"2026-02-02T14:46:31+00:00","description":"Sur cette page, retrouvez tous les d\u00e9tails de la formation Bi\u00e9rologue Zythologue au CFA Les 3B Vitr\u00e9. Pour plus d'infos, contactez-nous.","breadcrumb":{"@id":"https:\/\/www.cfa-les3bvitre.com\/index.php\/details-de-la-formation-bierologue-zythologue\/#breadcrumb"},"inLanguage":"fr-FR","potentialAction":[{"@type":"ReadAction","target":["https:\/\/www.cfa-les3bvitre.com\/index.php\/details-de-la-formation-bierologue-zythologue\/"]}]},{"@type":"ImageObject","inLanguage":"fr-FR","@id":"https:\/\/www.cfa-les3bvitre.com\/index.php\/details-de-la-formation-bierologue-zythologue\/#primaryimage","url":"https:\/\/www.cfa-les3bvitre.com\/wp-content\/uploads\/2023\/09\/timothy-hales-bennett-EoC_IuYmtug-unsplash-scaled.jpg","contentUrl":"https:\/\/www.cfa-les3bvitre.com\/wp-content\/uploads\/2023\/09\/timothy-hales-bennett-EoC_IuYmtug-unsplash-scaled.jpg","width":2560,"height":1920,"caption":"d\u00e9gustation de bi\u00e8res CFA Vitr\u00e9"},{"@type":"BreadcrumbList","@id":"https:\/\/www.cfa-les3bvitre.com\/index.php\/details-de-la-formation-bierologue-zythologue\/#breadcrumb","itemListElement":[{"@type":"ListItem","position":1,"name":"Accueil","item":"https:\/\/www.cfa-les3bvitre.com\/"},{"@type":"ListItem","position":2,"name":"D\u00e9tails de la formation Bi\u00e9rologue Zythologue"}]},{"@type":"WebSite","@id":"https:\/\/www.cfa-les3bvitre.com\/#website","url":"https:\/\/www.cfa-les3bvitre.com\/","name":"CFA Les 3B Vitr\u00e9","description":"","publisher":{"@id":"https:\/\/www.cfa-les3bvitre.com\/#organization"},"potentialAction":[{"@type":"SearchAction","target":{"@type":"EntryPoint","urlTemplate":"https:\/\/www.cfa-les3bvitre.com\/?s={search_term_string}"},"query-input":{"@type":"PropertyValueSpecification","valueRequired":true,"valueName":"search_term_string"}}],"inLanguage":"fr-FR"},{"@type":"Organization","@id":"https:\/\/www.cfa-les3bvitre.com\/#organization","name":"CFA LES 3B VITR\u00c9","url":"https:\/\/www.cfa-les3bvitre.com\/","logo":{"@type":"ImageObject","inLanguage":"fr-FR","@id":"https:\/\/www.cfa-les3bvitre.com\/#\/schema\/logo\/image\/","url":"https:\/\/www.cfa-les3bvitre.com\/wp-content\/uploads\/2022\/03\/cropped-LOGO-CFA-LES-3B-site-web-07.png","contentUrl":"https:\/\/www.cfa-les3bvitre.com\/wp-content\/uploads\/2022\/03\/cropped-LOGO-CFA-LES-3B-site-web-07.png","width":240,"height":149,"caption":"CFA LES 3B VITR\u00c9"},"image":{"@id":"https:\/\/www.cfa-les3bvitre.com\/#\/schema\/logo\/image\/"},"sameAs":["https:\/\/www.facebook.com\/cfales3bvitre","https:\/\/www.linkedin.com\/company\/cfa-les-3b\/"]}]}},"_links":{"self":[{"href":"https:\/\/www.cfa-les3bvitre.com\/index.php\/wp-json\/wp\/v2\/pages\/864","targetHints":{"allow":["GET"]}}],"collection":[{"href":"https:\/\/www.cfa-les3bvitre.com\/index.php\/wp-json\/wp\/v2\/pages"}],"about":[{"href":"https:\/\/www.cfa-les3bvitre.com\/index.php\/wp-json\/wp\/v2\/types\/page"}],"author":[{"embeddable":true,"href":"https:\/\/www.cfa-les3bvitre.com\/index.php\/wp-json\/wp\/v2\/users\/2"}],"replies":[{"embeddable":true,"href":"https:\/\/www.cfa-les3bvitre.com\/index.php\/wp-json\/wp\/v2\/comments?post=864"}],"version-history":[{"count":28,"href":"https:\/\/www.cfa-les3bvitre.com\/index.php\/wp-json\/wp\/v2\/pages\/864\/revisions"}],"predecessor-version":[{"id":4107,"href":"https:\/\/www.cfa-les3bvitre.com\/index.php\/wp-json\/wp\/v2\/pages\/864\/revisions\/4107"}],"wp:attachment":[{"href":"https:\/\/www.cfa-les3bvitre.com\/index.php\/wp-json\/wp\/v2\/media?parent=864"}],"curies":[{"name":"wp","href":"https:\/\/api.w.org\/{rel}","templated":true}]}}