{"id":885,"date":"2022-08-22T16:44:10","date_gmt":"2022-08-22T14:44:10","guid":{"rendered":"https:\/\/www.cfa-les3bvitre.com\/?page_id=885"},"modified":"2025-02-18T14:51:59","modified_gmt":"2025-02-18T13:51:59","slug":"modalites-pedagogiques","status":"publish","type":"page","link":"https:\/\/www.cfa-les3bvitre.com\/index.php\/modalites-pedagogiques\/","title":{"rendered":"MODALIT\u00c9S P\u00c9DAGOGIQUES"},"content":{"rendered":"\n<p><\/p>\n\n\n\n<p class=\"has-black-color has-text-color has-link-color has-medium-font-size wp-elements-be8b51172dbe3aae01cb40f4e3152bae\">La formation se d\u00e9roule en pr\u00e9sentiel au CFA les 3B, 4 rue Jean Boucher 35500 Vitr\u00e9<\/p>\n\n\n\n<p class=\"has-black-color has-text-color has-link-color has-medium-font-size wp-elements-e62f0ecdf68806633290b540b9c0ec0a\">Au CFA, une salle de formation est mise \u00e0 disposition pour les apports th\u00e9oriques<\/p>\n\n\n\n<p class=\"has-black-color has-text-color has-link-color has-medium-font-size wp-elements-0e021b08fdad34bfdfc650a60d59507f\">Diff\u00e9rents plateaux techniques pour le service, le brassage, l\u2019agencement de cave&#8230;<\/p>\n\n\n\n<p class=\"has-black-color has-text-color has-link-color has-medium-font-size wp-elements-d59a31b75b6392100c1ca9c73b3c00e2\">Apport th\u00e9orique et pratique, animation du groupe et suivi individuel<\/p>\n\n\n\n<div style=\"height:49px\" aria-hidden=\"true\" class=\"wp-block-spacer\"><\/div>\n\n\n\n<div class=\"wp-block-buttons is-content-justification-center is-layout-flex wp-container-core-buttons-is-layout-16018d1d wp-block-buttons-is-layout-flex\">\n<div class=\"wp-block-button\"><a class=\"wp-block-button__link has-white-color has-text-color has-background has-link-color wp-element-button\" href=\"https:\/\/www.cfa-les3bvitre.com\/index.php\/public-concerne-pre-requis-formation-bierologue\/\" style=\"background-color:#4aa3a2\"><strong>Pr\u00e9 &#8211; requis<\/strong><\/a><\/div>\n\n\n\n<div class=\"wp-block-button\"><a class=\"wp-block-button__link has-white-color has-text-color has-background has-link-color wp-element-button\" href=\"https:\/\/www.cfa-les3bvitre.com\/index.php\/duree-rythme-de-la-formation-et-tarifs\/\" style=\"background-color:#4aa3a2\"><strong>Dur\u00e9e, Rythme et Tarifs<\/strong><\/a><\/div>\n<\/div>\n\n\n\n<p><\/p>\n","protected":false},"excerpt":{"rendered":"<p>La formation se d\u00e9roule en pr\u00e9sentiel au CFA les 3B, 4 rue Jean Boucher 35500 Vitr\u00e9 Au CFA, une salle de formation est mise \u00e0 disposition pour les apports th\u00e9oriques Diff\u00e9rents plateaux techniques pour le service, le brassage, l\u2019agencement de cave&#8230; Apport th\u00e9orique et pratique, animation du groupe et suivi individuel<\/p>\n","protected":false},"author":2,"featured_media":0,"parent":0,"menu_order":0,"comment_status":"closed","ping_status":"closed","template":"","meta":{"_regular_price":[],"currency_symbol":[],"footnotes":""},"class_list":["post-885","page","type-page","status-publish","hentry"],"post_slider_layout_featured_media_urls":{"thumbnail":"","post_slider_layout_landscape_large":"","post_slider_layout_portrait_large":"","post_slider_layout_square_large":"","post_slider_layout_landscape":"","post_slider_layout_portrait":"","post_slider_layout_square":"","full":""},"yoast_head":"<!-- This site is optimized with the Yoast SEO plugin v27.4 - https:\/\/yoast.com\/product\/yoast-seo-wordpress\/ -->\n<title>MODALIT\u00c9S P\u00c9DAGOGIQUES - CFA Les 3B Vitr\u00e9<\/title>\n<meta name=\"description\" content=\"Pr\u00e9sentation des modalit\u00e9s p\u00e9dagogiques de la formation Bi\u00e9rologue Zythologue propos\u00e9e par le CFA les 3B \u00e0 Vitr\u00e9\" \/>\n<meta name=\"robots\" content=\"index, follow, max-snippet:-1, max-image-preview:large, max-video-preview:-1\" \/>\n<link rel=\"canonical\" href=\"https:\/\/www.cfa-les3bvitre.com\/index.php\/modalites-pedagogiques\/\" \/>\n<meta property=\"og:locale\" content=\"fr_FR\" \/>\n<meta property=\"og:type\" content=\"article\" \/>\n<meta property=\"og:title\" content=\"MODALIT\u00c9S P\u00c9DAGOGIQUES - CFA Les 3B Vitr\u00e9\" \/>\n<meta property=\"og:description\" content=\"Pr\u00e9sentation des modalit\u00e9s p\u00e9dagogiques de la formation Bi\u00e9rologue Zythologue propos\u00e9e par le CFA les 3B \u00e0 Vitr\u00e9\" \/>\n<meta property=\"og:url\" content=\"https:\/\/www.cfa-les3bvitre.com\/index.php\/modalites-pedagogiques\/\" \/>\n<meta property=\"og:site_name\" content=\"CFA Les 3B Vitr\u00e9\" \/>\n<meta property=\"article:publisher\" content=\"https:\/\/www.facebook.com\/cfales3bvitre\" \/>\n<meta property=\"article:modified_time\" content=\"2025-02-18T13:51:59+00:00\" \/>\n<meta name=\"twitter:card\" content=\"summary_large_image\" \/>\n<meta name=\"twitter:label1\" content=\"Dur\u00e9e de lecture estim\u00e9e\" \/>\n\t<meta name=\"twitter:data1\" content=\"1 minute\" \/>\n<script type=\"application\/ld+json\" class=\"yoast-schema-graph\">{\"@context\":\"https:\\\/\\\/schema.org\",\"@graph\":[{\"@type\":\"WebPage\",\"@id\":\"https:\\\/\\\/www.cfa-les3bvitre.com\\\/index.php\\\/modalites-pedagogiques\\\/\",\"url\":\"https:\\\/\\\/www.cfa-les3bvitre.com\\\/index.php\\\/modalites-pedagogiques\\\/\",\"name\":\"MODALIT\u00c9S P\u00c9DAGOGIQUES - CFA Les 3B Vitr\u00e9\",\"isPartOf\":{\"@id\":\"https:\\\/\\\/www.cfa-les3bvitre.com\\\/#website\"},\"datePublished\":\"2022-08-22T14:44:10+00:00\",\"dateModified\":\"2025-02-18T13:51:59+00:00\",\"description\":\"Pr\u00e9sentation des modalit\u00e9s p\u00e9dagogiques de la formation Bi\u00e9rologue Zythologue propos\u00e9e par le CFA les 3B \u00e0 Vitr\u00e9\",\"breadcrumb\":{\"@id\":\"https:\\\/\\\/www.cfa-les3bvitre.com\\\/index.php\\\/modalites-pedagogiques\\\/#breadcrumb\"},\"inLanguage\":\"fr-FR\",\"potentialAction\":[{\"@type\":\"ReadAction\",\"target\":[\"https:\\\/\\\/www.cfa-les3bvitre.com\\\/index.php\\\/modalites-pedagogiques\\\/\"]}]},{\"@type\":\"BreadcrumbList\",\"@id\":\"https:\\\/\\\/www.cfa-les3bvitre.com\\\/index.php\\\/modalites-pedagogiques\\\/#breadcrumb\",\"itemListElement\":[{\"@type\":\"ListItem\",\"position\":1,\"name\":\"Accueil\",\"item\":\"https:\\\/\\\/www.cfa-les3bvitre.com\\\/\"},{\"@type\":\"ListItem\",\"position\":2,\"name\":\"MODALIT\u00c9S P\u00c9DAGOGIQUES\"}]},{\"@type\":\"WebSite\",\"@id\":\"https:\\\/\\\/www.cfa-les3bvitre.com\\\/#website\",\"url\":\"https:\\\/\\\/www.cfa-les3bvitre.com\\\/\",\"name\":\"CFA Les 3B Vitr\u00e9\",\"description\":\"\",\"publisher\":{\"@id\":\"https:\\\/\\\/www.cfa-les3bvitre.com\\\/#organization\"},\"potentialAction\":[{\"@type\":\"SearchAction\",\"target\":{\"@type\":\"EntryPoint\",\"urlTemplate\":\"https:\\\/\\\/www.cfa-les3bvitre.com\\\/?s={search_term_string}\"},\"query-input\":{\"@type\":\"PropertyValueSpecification\",\"valueRequired\":true,\"valueName\":\"search_term_string\"}}],\"inLanguage\":\"fr-FR\"},{\"@type\":\"Organization\",\"@id\":\"https:\\\/\\\/www.cfa-les3bvitre.com\\\/#organization\",\"name\":\"CFA LES 3B VITR\u00c9\",\"url\":\"https:\\\/\\\/www.cfa-les3bvitre.com\\\/\",\"logo\":{\"@type\":\"ImageObject\",\"inLanguage\":\"fr-FR\",\"@id\":\"https:\\\/\\\/www.cfa-les3bvitre.com\\\/#\\\/schema\\\/logo\\\/image\\\/\",\"url\":\"https:\\\/\\\/www.cfa-les3bvitre.com\\\/wp-content\\\/uploads\\\/2022\\\/03\\\/cropped-LOGO-CFA-LES-3B-site-web-07.png\",\"contentUrl\":\"https:\\\/\\\/www.cfa-les3bvitre.com\\\/wp-content\\\/uploads\\\/2022\\\/03\\\/cropped-LOGO-CFA-LES-3B-site-web-07.png\",\"width\":240,\"height\":149,\"caption\":\"CFA LES 3B VITR\u00c9\"},\"image\":{\"@id\":\"https:\\\/\\\/www.cfa-les3bvitre.com\\\/#\\\/schema\\\/logo\\\/image\\\/\"},\"sameAs\":[\"https:\\\/\\\/www.facebook.com\\\/cfales3bvitre\",\"https:\\\/\\\/www.linkedin.com\\\/company\\\/cfa-les-3b\\\/\"]}]}<\/script>\n<!-- \/ Yoast SEO plugin. -->","yoast_head_json":{"title":"MODALIT\u00c9S P\u00c9DAGOGIQUES - CFA Les 3B Vitr\u00e9","description":"Pr\u00e9sentation des modalit\u00e9s p\u00e9dagogiques de la formation Bi\u00e9rologue Zythologue propos\u00e9e par le CFA les 3B \u00e0 Vitr\u00e9","robots":{"index":"index","follow":"follow","max-snippet":"max-snippet:-1","max-image-preview":"max-image-preview:large","max-video-preview":"max-video-preview:-1"},"canonical":"https:\/\/www.cfa-les3bvitre.com\/index.php\/modalites-pedagogiques\/","og_locale":"fr_FR","og_type":"article","og_title":"MODALIT\u00c9S P\u00c9DAGOGIQUES - CFA Les 3B Vitr\u00e9","og_description":"Pr\u00e9sentation des modalit\u00e9s p\u00e9dagogiques de la formation Bi\u00e9rologue Zythologue propos\u00e9e par le CFA les 3B \u00e0 Vitr\u00e9","og_url":"https:\/\/www.cfa-les3bvitre.com\/index.php\/modalites-pedagogiques\/","og_site_name":"CFA Les 3B Vitr\u00e9","article_publisher":"https:\/\/www.facebook.com\/cfales3bvitre","article_modified_time":"2025-02-18T13:51:59+00:00","twitter_card":"summary_large_image","twitter_misc":{"Dur\u00e9e de lecture estim\u00e9e":"1 minute"},"schema":{"@context":"https:\/\/schema.org","@graph":[{"@type":"WebPage","@id":"https:\/\/www.cfa-les3bvitre.com\/index.php\/modalites-pedagogiques\/","url":"https:\/\/www.cfa-les3bvitre.com\/index.php\/modalites-pedagogiques\/","name":"MODALIT\u00c9S P\u00c9DAGOGIQUES - CFA Les 3B Vitr\u00e9","isPartOf":{"@id":"https:\/\/www.cfa-les3bvitre.com\/#website"},"datePublished":"2022-08-22T14:44:10+00:00","dateModified":"2025-02-18T13:51:59+00:00","description":"Pr\u00e9sentation des modalit\u00e9s p\u00e9dagogiques de la formation Bi\u00e9rologue Zythologue propos\u00e9e par le CFA les 3B \u00e0 Vitr\u00e9","breadcrumb":{"@id":"https:\/\/www.cfa-les3bvitre.com\/index.php\/modalites-pedagogiques\/#breadcrumb"},"inLanguage":"fr-FR","potentialAction":[{"@type":"ReadAction","target":["https:\/\/www.cfa-les3bvitre.com\/index.php\/modalites-pedagogiques\/"]}]},{"@type":"BreadcrumbList","@id":"https:\/\/www.cfa-les3bvitre.com\/index.php\/modalites-pedagogiques\/#breadcrumb","itemListElement":[{"@type":"ListItem","position":1,"name":"Accueil","item":"https:\/\/www.cfa-les3bvitre.com\/"},{"@type":"ListItem","position":2,"name":"MODALIT\u00c9S P\u00c9DAGOGIQUES"}]},{"@type":"WebSite","@id":"https:\/\/www.cfa-les3bvitre.com\/#website","url":"https:\/\/www.cfa-les3bvitre.com\/","name":"CFA Les 3B Vitr\u00e9","description":"","publisher":{"@id":"https:\/\/www.cfa-les3bvitre.com\/#organization"},"potentialAction":[{"@type":"SearchAction","target":{"@type":"EntryPoint","urlTemplate":"https:\/\/www.cfa-les3bvitre.com\/?s={search_term_string}"},"query-input":{"@type":"PropertyValueSpecification","valueRequired":true,"valueName":"search_term_string"}}],"inLanguage":"fr-FR"},{"@type":"Organization","@id":"https:\/\/www.cfa-les3bvitre.com\/#organization","name":"CFA LES 3B VITR\u00c9","url":"https:\/\/www.cfa-les3bvitre.com\/","logo":{"@type":"ImageObject","inLanguage":"fr-FR","@id":"https:\/\/www.cfa-les3bvitre.com\/#\/schema\/logo\/image\/","url":"https:\/\/www.cfa-les3bvitre.com\/wp-content\/uploads\/2022\/03\/cropped-LOGO-CFA-LES-3B-site-web-07.png","contentUrl":"https:\/\/www.cfa-les3bvitre.com\/wp-content\/uploads\/2022\/03\/cropped-LOGO-CFA-LES-3B-site-web-07.png","width":240,"height":149,"caption":"CFA LES 3B VITR\u00c9"},"image":{"@id":"https:\/\/www.cfa-les3bvitre.com\/#\/schema\/logo\/image\/"},"sameAs":["https:\/\/www.facebook.com\/cfales3bvitre","https:\/\/www.linkedin.com\/company\/cfa-les-3b\/"]}]}},"_links":{"self":[{"href":"https:\/\/www.cfa-les3bvitre.com\/index.php\/wp-json\/wp\/v2\/pages\/885","targetHints":{"allow":["GET"]}}],"collection":[{"href":"https:\/\/www.cfa-les3bvitre.com\/index.php\/wp-json\/wp\/v2\/pages"}],"about":[{"href":"https:\/\/www.cfa-les3bvitre.com\/index.php\/wp-json\/wp\/v2\/types\/page"}],"author":[{"embeddable":true,"href":"https:\/\/www.cfa-les3bvitre.com\/index.php\/wp-json\/wp\/v2\/users\/2"}],"replies":[{"embeddable":true,"href":"https:\/\/www.cfa-les3bvitre.com\/index.php\/wp-json\/wp\/v2\/comments?post=885"}],"version-history":[{"count":8,"href":"https:\/\/www.cfa-les3bvitre.com\/index.php\/wp-json\/wp\/v2\/pages\/885\/revisions"}],"predecessor-version":[{"id":2772,"href":"https:\/\/www.cfa-les3bvitre.com\/index.php\/wp-json\/wp\/v2\/pages\/885\/revisions\/2772"}],"wp:attachment":[{"href":"https:\/\/www.cfa-les3bvitre.com\/index.php\/wp-json\/wp\/v2\/media?parent=885"}],"curies":[{"name":"wp","href":"https:\/\/api.w.org\/{rel}","templated":true}]}}